{"id":20,"date":"2022-03-23T21:16:12","date_gmt":"2022-03-23T21:16:12","guid":{"rendered":"https:\/\/fischerprocell.com\/?page_id=20"},"modified":"2024-02-27T17:24:26","modified_gmt":"2024-02-27T17:24:26","slug":"compensacion-de-trabajadores-2","status":"publish","type":"page","link":"https:\/\/fischerprocell.com\/es\/compensacion-de-trabajadores-2\/","title":{"rendered":"Compensaci\u00f3n del trabajador"},"content":{"rendered":"<div data-elementor-type=\"wp-page\" data-elementor-id=\"20\" class=\"elementor elementor-20\" data-elementor-post-type=\"page\">\n\t\t\t\t\t\t<section class=\"elementor-section elementor-top-section elementor-element elementor-element-c2e0e3b elementor-section-height-min-height elementor-section-items-bottom elementor-section-boxed elementor-section-height-default\" data-id=\"c2e0e3b\" data-element_type=\"section\" data-settings=\"{&quot;background_background&quot;:&quot;classic&quot;}\">\n\t\t\t\t\t\t<div class=\"elementor-container elementor-column-gap-default\">\n\t\t\t\t\t<div class=\"elementor-column elementor-col-100 elementor-top-column elementor-element elementor-element-2027376\" data-id=\"2027376\" data-element_type=\"column\">\n\t\t\t<div class=\"elementor-widget-wrap elementor-element-populated\">\n\t\t\t\t\t\t<div class=\"elementor-element elementor-element-ff2f143 elementor-widget elementor-widget-heading\" data-id=\"ff2f143\" data-element_type=\"widget\" data-widget_type=\"heading.default\">\n\t\t\t\t<div class=\"elementor-widget-container\">\n\t\t\t\t\t<h2 class=\"elementor-heading-title elementor-size-default\">Compensaci\u00f3n del trabajador<\/h2>\t\t\t\t<\/div>\n\t\t\t\t<\/div>\n\t\t\t\t<div class=\"elementor-element elementor-element-a3d74ef elementor-align-center elementor-hidden-mobile_extra elementor-hidden-mobile elementor-widget elementor-widget-breadcrumbs\" data-id=\"a3d74ef\" data-element_type=\"widget\" data-widget_type=\"breadcrumbs.default\">\n\t\t\t\t<div class=\"elementor-widget-container\">\n\t\t\t\t\t<p id=\"breadcrumbs\"><span><span><a href=\"https:\/\/fischerprocell.com\/es\/\">Hogar<\/a><\/span><\/span><\/p>\t\t\t\t<\/div>\n\t\t\t\t<\/div>\n\t\t\t\t\t<\/div>\n\t\t<\/div>\n\t\t\t\t\t<\/div>\n\t\t<\/section>\n\t\t\t\t<section class=\"elementor-section elementor-top-section elementor-element elementor-element-eab65f5 elementor-section-height-min-height elementor-section-items-top elementor-reverse-tablet elementor-reverse-mobile_extra elementor-reverse-mobile elementor-section-boxed elementor-section-height-default\" data-id=\"eab65f5\" data-element_type=\"section\">\n\t\t\t\t\t\t<div class=\"elementor-container elementor-column-gap-default\">\n\t\t\t\t\t<div class=\"elementor-column elementor-col-50 elementor-top-column elementor-element elementor-element-e72be7d sticky-parent\" data-id=\"e72be7d\" data-element_type=\"column\">\n\t\t\t<div class=\"elementor-widget-wrap elementor-element-populated\">\n\t\t\t\t\t\t<section class=\"elementor-section elementor-inner-section elementor-element elementor-element-5fc310a sticky-column no-padding elementor-section-boxed elementor-section-height-default elementor-section-height-default\" data-id=\"5fc310a\" data-element_type=\"section\">\n\t\t\t\t\t\t<div class=\"elementor-container elementor-column-gap-default\">\n\t\t\t\t\t<div class=\"elementor-column elementor-col-100 elementor-inner-column elementor-element elementor-element-9d33964\" data-id=\"9d33964\" data-element_type=\"column\">\n\t\t\t<div class=\"elementor-widget-wrap elementor-element-populated\">\n\t\t\t\t\t\t<div class=\"elementor-element elementor-element-bb696af elementor-widget elementor-widget-heading\" data-id=\"bb696af\" data-element_type=\"widget\" data-widget_type=\"heading.default\">\n\t\t\t\t<div class=\"elementor-widget-container\">\n\t\t\t\t\t<p class=\"elementor-heading-title elementor-size-default\">Areas de pr\u00e1ctica<\/p>\t\t\t\t<\/div>\n\t\t\t\t<\/div>\n\t\t\t\t\t<\/div>\n\t\t<\/div>\n\t\t\t\t\t<\/div>\n\t\t<\/section>\n\t\t\t\t\t<\/div>\n\t\t<\/div>\n\t\t\t\t<div class=\"elementor-column elementor-col-50 elementor-top-column elementor-element elementor-element-1283f92\" data-id=\"1283f92\" data-element_type=\"column\">\n\t\t\t<div class=\"elementor-widget-wrap elementor-element-populated\">\n\t\t\t\t\t\t<div class=\"elementor-element elementor-element-222a7a1 elementor-widget elementor-widget-text-editor\" data-id=\"222a7a1\" data-element_type=\"widget\" data-widget_type=\"text-editor.default\">\n\t\t\t\t<div class=\"elementor-widget-container\">\n\t\t\t\t\t\t\t\t\t<h1 class=\"no-top-margin\">Bufete de abogados de compensaci\u00f3n laboral en Shreveport<\/h1><h3>ABOGADOS DE COMPENSACI\u00d3N DE TRABAJADORES<\/h3><p>La compensaci\u00f3n para trabajadores se rige por las leyes federales y estatales de Luisiana, que pueden tener diferentes requisitos o restricciones seg\u00fan su incidente o caso en particular. Si usted, o alguien que conoce, se lesiona en Luisiana mientras trabaja, entonces tiene un reclamo a trav\u00e9s del Departamento de Trabajo de Luisiana y la Ley de Compensaci\u00f3n para Trabajadores de Luisiana (La. RS 23:1021). Querr\u00e1 tener una representaci\u00f3n legal adecuada cuando est\u00e9 lidiando con un caso complicado que pueda poner en peligro su derecho a recibir compensaci\u00f3n laboral despu\u00e9s de un accidente que result\u00f3 en una lesi\u00f3n relacionada con el trabajo.<\/p>\t\t\t\t\t\t\t\t<\/div>\n\t\t\t\t<\/div>\n\t\t\t\t<div class=\"elementor-element elementor-element-f6c84b8 elementor-widget elementor-widget-image\" data-id=\"f6c84b8\" data-element_type=\"widget\" data-widget_type=\"image.default\">\n\t\t\t\t<div class=\"elementor-widget-container\">\n\t\t\t\t\t\t\t\t\t\t\t\t\t\t\t<img fetchpriority=\"high\" decoding=\"async\" width=\"800\" height=\"409\" src=\"https:\/\/fischerprocell.com\/wp-content\/uploads\/2022\/03\/workers-compensation-law-firm-shreveport.jpg\" class=\"attachment-large size-large wp-image-109\" alt=\"bufete de abogados de compensaci\u00f3n de trabajadores shreveport\" srcset=\"https:\/\/fischerprocell.com\/wp-content\/uploads\/2022\/03\/workers-compensation-law-firm-shreveport.jpg 1000w, https:\/\/fischerprocell.com\/wp-content\/uploads\/2022\/03\/workers-compensation-law-firm-shreveport-800x409.jpg 800w, https:\/\/fischerprocell.com\/wp-content\/uploads\/2022\/03\/workers-compensation-law-firm-shreveport-768x392.jpg 768w\" sizes=\"(max-width: 800px) 100vw, 800px\" \/>\t\t\t\t\t\t\t\t\t\t\t\t\t\t\t<\/div>\n\t\t\t\t<\/div>\n\t\t\t\t<div class=\"elementor-element elementor-element-f1f43c4 elementor-widget elementor-widget-text-editor\" data-id=\"f1f43c4\" data-element_type=\"widget\" data-widget_type=\"text-editor.default\">\n\t\t\t\t<div class=\"elementor-widget-container\">\n\t\t\t\t\t\t\t\t\t<h2>Contrate un bufete de abogados local de compensaci\u00f3n de trabajadores en Shreveport Louisiana<\/h2><h3>Qu\u00e9 hacer si se ha lesionado en el trabajo:<\/h3><ul><li>Inmediatamente informe la lesi\u00f3n a su supervisor y proporcione detalles precisos de la situaci\u00f3n que condujo al accidente y posteriormente.<\/li><li>Visite a un m\u00e9dico que pueda diagnosticar y tratar cualquier lesi\u00f3n que pueda haber sufrido debido al accidente.<\/li><li>Mantenga un registro de sus lesiones y c\u00f3mo est\u00e1 afectando su vida para desarrollar evidencia material para un reclamo de compensaci\u00f3n para trabajadores.<\/li><li>Buscar\u00a0<a href=\"https:\/\/fischerprocell.com\/es\/contacto\/\">representaci\u00f3n legal profesional<\/a>\u00a0de abogados experimentados que conocen los procedimientos de reclamo de compensaci\u00f3n para trabajadores y est\u00e1n dispuestos a proteger sus derechos bajo el sistema de compensaci\u00f3n para trabajadores de Louisiana.<\/li><\/ul><p>Aseg\u00farese de que sus beneficios de compensaci\u00f3n para trabajadores se calculen correctamente buscando\u00a0<a href=\"https:\/\/fischerprocell.com\/es\/contacto\/\">asistencia legal profesional<\/a>\u00a0con su reclamo. Los tribunales dictaminar\u00e1n un juicio de manera diferente en algunos casos en funci\u00f3n de la representaci\u00f3n del historial de pago del empleado y qu\u00e9 modelo se utiliza para comprender cu\u00e1l es la compensaci\u00f3n adecuada para el individuo. Nuestros abogados experimentados manejar\u00e1n su caso con informaci\u00f3n completa y precisa sobre su historial laboral y los salarios asociados con la lesi\u00f3n laboral.<\/p>\t\t\t\t\t\t\t\t<\/div>\n\t\t\t\t<\/div>\n\t\t\t\t<div class=\"elementor-element elementor-element-4a1813d elementor-widget elementor-widget-text-editor\" data-id=\"4a1813d\" data-element_type=\"widget\" data-widget_type=\"text-editor.default\">\n\t\t\t\t<div class=\"elementor-widget-container\">\n\t\t\t\t\t\t\t\t\t<h3>Las excepciones para recuperar con \u00e9xito la compensaci\u00f3n de los trabajadores pueden incluir:<\/h3><ul><li>Si el empleado intencionalmente causa un accidente que conduce a una lesi\u00f3n personal en el trabajo.<\/li><li>Si el empleado est\u00e1 intoxicado u opera bajo la influencia mientras sufre la lesi\u00f3n, a menos que el empleador procure y anime a beber bebidas alcoh\u00f3licas durante este per\u00edodo de tiempo. Se tomar\u00e1n muestras y se analizar\u00e1n para evaluar la posible intoxicaci\u00f3n.<\/li><li>Si un empleado est\u00e1 iniciando una agresi\u00f3n f\u00edsica que no es provocada y conduce a un altercado f\u00edsico del cual el empleado sufre una lesi\u00f3n.<\/li><\/ul><h4>La Ley de Compensaci\u00f3n para Trabajadores de Luisiana reconoce cinco clases de salarios para calcular la compensaci\u00f3n semanal promedio (La. RS 23:1021(12)):<\/h4><ul><li>Salarios por hora<\/li><li>Salarios Mensuales<\/li><li>Salarios Anuales<\/li><li>Empleo estacional<\/li><li>Otros salarios (para empleados pagados por unidad, trabajo a destajo o comisi\u00f3n)<\/li><\/ul><p>La carga de la prueba para este aspecto del reclamo de compensaci\u00f3n para trabajadores recae en el empleado, quien debe argumentar contra los reclamos del empleador por un historial salarial reciente inferior al promedio o una situaci\u00f3n anormal que complica la comprensi\u00f3n de la ley de la situaci\u00f3n espec\u00edfica de un individuo.<\/p><ul><li>Cada trabajador tiene derecho a beneficios de compensaci\u00f3n que ascienden a dos tercios de un salario semanal promedio, hasta un m\u00e1ximo de aproximadamente $500.<\/li><li>La compensaci\u00f3n para trabajadores generalmente cubre los gastos m\u00e9dicos relacionados con lesiones laborales, incluidos los pagos de rehabilitaci\u00f3n o discapacidad para las personas incapacitadas por sus lesiones.<\/li><li>Al determinar si el empleador est\u00e1 obligado o no a proporcionar una indemnizaci\u00f3n laboral al empleado que result\u00f3 lesionado, la carga de la prueba recae sobre el empleador.<\/li><\/ul>\t\t\t\t\t\t\t\t<\/div>\n\t\t\t\t<\/div>\n\t\t\t\t<div class=\"elementor-element elementor-element-885d626 elementor-widget elementor-widget-text-editor\" data-id=\"885d626\" data-element_type=\"widget\" data-widget_type=\"text-editor.default\">\n\t\t\t\t<div class=\"elementor-widget-container\">\n\t\t\t\t\t\t\t\t\t<h2 class=\"no-top-margin\">Elegir \u201cFischer &amp; Procell\u201d<\/h2>\n<p>No arriesgue su oportunidad de reclamar su derecho a los beneficios de compensaci\u00f3n para trabajadores si est\u00e1 lidiando con una lesi\u00f3n que implica dolor y p\u00e9rdida del desempe\u00f1o laboral o incapacidad para trabajar. Nos tomamos muy en serio los asuntos de nuestros clientes y comprendemos la tremenda carga que recae sobre usted al lidiar con una lesi\u00f3n y las facturas m\u00e9dicas. Trabajaremos con su compa\u00f1\u00eda de seguros para comprender mejor qu\u00e9 tipo de cobertura tiene adem\u00e1s del paquete general de compensaci\u00f3n para trabajadores que ofrece legalmente su empleador.<\/p>\n<p>Fischer &amp; Procell ha ganado muchas reclamaciones exitosas de compensaci\u00f3n laboral para nuestros clientes en Shreveport\/Bossier City. <a href=\"https:\/\/fischerprocell.com\/es\/contacto\/\">ll\u00e1menos hoy<\/a>&nbsp;para una consulta gratuita.<\/p>\t\t\t\t\t\t\t\t<\/div>\n\t\t\t\t<\/div>\n\t\t\t\t\t<\/div>\n\t\t<\/div>\n\t\t\t\t\t<\/div>\n\t\t<\/section>\n\t\t\t\t<\/div>","protected":false},"excerpt":{"rendered":"<p>\u00c1reas de Pr\u00e1ctica de Compensaci\u00f3n Laboral Bufete de Abogados de Compensaci\u00f3n Laboral en Shreveport ABOGADOS DE COMPENSACI\u00d3N LABORAL La compensaci\u00f3n laboral se rige por las leyes estatales y federales de Luisiana, que pueden tener diferentes requisitos o restricciones dependiendo de su incidente o caso en particular. Si usted, o alguien que conoce, se lesiona en Luisiana mientras trabaja, entonces tiene [\u2026]<\/p>","protected":false},"author":2,"featured_media":0,"parent":0,"menu_order":0,"comment_status":"closed","ping_status":"closed","template":"","meta":{"footnotes":""},"class_list":["post-20","page","type-page","status-publish","hentry"],"yoast_head":"<!-- This site is optimized with the Yoast SEO plugin v25.6 - https:\/\/yoast.com\/wordpress\/plugins\/seo\/ -->\n<title>Shreveport Workers Compensation Lawyers | Tim Fischer Law Workers Comp Shreveport Lawyers<\/title>\n<meta name=\"description\" content=\"Injured On The Job? Hire Shreveport Workers Compensation Attorney Tim Fischer. Combined 60 Years Experience Handling Workers Compensation Cases.\" \/>\n<meta name=\"robots\" content=\"index, follow, max-snippet:-1, max-image-preview:large, max-video-preview:-1\" \/>\n<link rel=\"canonical\" href=\"https:\/\/fischerprocell.com\/es\/compensacion-de-trabajadores-2\/\" \/>\n<meta property=\"og:locale\" content=\"es_MX\" \/>\n<meta property=\"og:type\" content=\"article\" \/>\n<meta property=\"og:title\" content=\"Shreveport Workers Compensation Lawyers | Tim Fischer Law Workers Comp Shreveport Lawyers\" \/>\n<meta property=\"og:description\" content=\"Injured On The Job? Hire Shreveport Workers Compensation Attorney Tim Fischer. Combined 60 Years Experience Handling Workers Compensation Cases.\" \/>\n<meta property=\"og:url\" content=\"https:\/\/fischerprocell.com\/es\/compensacion-de-trabajadores-2\/\" \/>\n<meta property=\"og:site_name\" content=\"Fischer &amp; Procell Law Workers Comp Shreveport Lawyer\" \/>\n<meta property=\"article:modified_time\" content=\"2024-02-27T17:24:26+00:00\" \/>\n<meta property=\"og:image\" content=\"https:\/\/fischerprocell.com\/wp-content\/uploads\/2022\/03\/workers-compensation-law-firm-shreveport.jpg\" \/>\n<meta name=\"twitter:card\" content=\"summary_large_image\" \/>\n<meta name=\"twitter:label1\" content=\"Tiempo de lectura\" \/>\n\t<meta name=\"twitter:data1\" content=\"4 minutos\" \/>\n<script type=\"application\/ld+json\" class=\"yoast-schema-graph\">{\"@context\":\"https:\/\/schema.org\",\"@graph\":[{\"@type\":\"WebPage\",\"@id\":\"https:\/\/fischerprocell.com\/workers-compensation\/\",\"url\":\"https:\/\/fischerprocell.com\/workers-compensation\/\",\"name\":\"Shreveport Workers Compensation Lawyers | Tim Fischer Law Workers Comp Shreveport Lawyers\",\"isPartOf\":{\"@id\":\"https:\/\/fischerprocell.com\/#website\"},\"primaryImageOfPage\":{\"@id\":\"https:\/\/fischerprocell.com\/workers-compensation\/#primaryimage\"},\"image\":{\"@id\":\"https:\/\/fischerprocell.com\/workers-compensation\/#primaryimage\"},\"thumbnailUrl\":\"https:\/\/fischerprocell.com\/wp-content\/uploads\/2022\/03\/workers-compensation-law-firm-shreveport.jpg\",\"datePublished\":\"2022-03-23T21:16:12+00:00\",\"dateModified\":\"2024-02-27T17:24:26+00:00\",\"description\":\"Injured On The Job? Hire Shreveport Workers Compensation Attorney Tim Fischer. Combined 60 Years Experience Handling Workers Compensation Cases.\",\"breadcrumb\":{\"@id\":\"https:\/\/fischerprocell.com\/workers-compensation\/#breadcrumb\"},\"inLanguage\":\"es-MX\",\"potentialAction\":[{\"@type\":\"ReadAction\",\"target\":[\"https:\/\/fischerprocell.com\/workers-compensation\/\"]}]},{\"@type\":\"ImageObject\",\"inLanguage\":\"es-MX\",\"@id\":\"https:\/\/fischerprocell.com\/workers-compensation\/#primaryimage\",\"url\":\"https:\/\/fischerprocell.com\/wp-content\/uploads\/2022\/03\/workers-compensation-law-firm-shreveport.jpg\",\"contentUrl\":\"https:\/\/fischerprocell.com\/wp-content\/uploads\/2022\/03\/workers-compensation-law-firm-shreveport.jpg\"},{\"@type\":\"BreadcrumbList\",\"@id\":\"https:\/\/fischerprocell.com\/workers-compensation\/#breadcrumb\",\"itemListElement\":[{\"@type\":\"ListItem\",\"position\":1,\"name\":\"Home\",\"item\":\"https:\/\/fischerprocell.com\/\"},{\"@type\":\"ListItem\",\"position\":2,\"name\":\"Worker&#8217;s Compensation\"}]},{\"@type\":\"WebSite\",\"@id\":\"https:\/\/fischerprocell.com\/#website\",\"url\":\"https:\/\/fischerprocell.com\/\",\"name\":\"Fischer &amp; Procell Law Workers Comp Shreveport Lawyer\",\"description\":\"Shreveport Workers Compensation Lawyers\",\"publisher\":{\"@id\":\"https:\/\/fischerprocell.com\/#organization\"},\"potentialAction\":[{\"@type\":\"SearchAction\",\"target\":{\"@type\":\"EntryPoint\",\"urlTemplate\":\"https:\/\/fischerprocell.com\/?s={search_term_string}\"},\"query-input\":{\"@type\":\"PropertyValueSpecification\",\"valueRequired\":true,\"valueName\":\"search_term_string\"}}],\"inLanguage\":\"es-MX\"},{\"@type\":\"Organization\",\"@id\":\"https:\/\/fischerprocell.com\/#organization\",\"name\":\"Fischer Law\",\"url\":\"https:\/\/fischerprocell.com\/\",\"logo\":{\"@type\":\"ImageObject\",\"inLanguage\":\"es-MX\",\"@id\":\"https:\/\/fischerprocell.com\/#\/schema\/logo\/image\/\",\"url\":\"https:\/\/fischerprocell.com\/wp-content\/uploads\/2022\/04\/Fischer-Law-logo-color.gif\",\"contentUrl\":\"https:\/\/fischerprocell.com\/wp-content\/uploads\/2022\/04\/Fischer-Law-logo-color.gif\",\"width\":457,\"height\":229,\"caption\":\"Fischer Law\"},\"image\":{\"@id\":\"https:\/\/fischerprocell.com\/#\/schema\/logo\/image\/\"}}]}<\/script>\n<!-- \/ Yoast SEO plugin. -->","yoast_head_json":{"title":"Abogados de Compensaci\u00f3n de Trabajadores de Shreveport | Ley de Tim Fischer Compensaci\u00f3n al trabajador Shreveport Abogados","description":"\u00bfLesionado en el trabajo? Contrate al abogado de compensaci\u00f3n de trabajadores de Shreveport, Tim Fischer. Experiencia combinada de 60 a\u00f1os en el manejo de casos de compensaci\u00f3n laboral.","robots":{"index":"index","follow":"follow","max-snippet":"max-snippet:-1","max-image-preview":"max-image-preview:large","max-video-preview":"max-video-preview:-1"},"canonical":"https:\/\/fischerprocell.com\/es\/compensacion-de-trabajadores-2\/","og_locale":"es_MX","og_type":"article","og_title":"Shreveport Workers Compensation Lawyers | Tim Fischer Law Workers Comp Shreveport Lawyers","og_description":"Injured On The Job? Hire Shreveport Workers Compensation Attorney Tim Fischer. Combined 60 Years Experience Handling Workers Compensation Cases.","og_url":"https:\/\/fischerprocell.com\/es\/compensacion-de-trabajadores-2\/","og_site_name":"Fischer &amp; Procell Law Workers Comp Shreveport Lawyer","article_modified_time":"2024-02-27T17:24:26+00:00","og_image":[{"url":"https:\/\/fischerprocell.com\/wp-content\/uploads\/2022\/03\/workers-compensation-law-firm-shreveport.jpg","type":"","width":"","height":""}],"twitter_card":"summary_large_image","twitter_misc":{"Tiempo de lectura":"4 minutos"},"schema":{"@context":"https:\/\/schema.org","@graph":[{"@type":"WebPage","@id":"https:\/\/fischerprocell.com\/workers-compensation\/","url":"https:\/\/fischerprocell.com\/workers-compensation\/","name":"Abogados de Compensaci\u00f3n de Trabajadores de Shreveport | Ley de Tim Fischer Compensaci\u00f3n al trabajador Shreveport Abogados","isPartOf":{"@id":"https:\/\/fischerprocell.com\/#website"},"primaryImageOfPage":{"@id":"https:\/\/fischerprocell.com\/workers-compensation\/#primaryimage"},"image":{"@id":"https:\/\/fischerprocell.com\/workers-compensation\/#primaryimage"},"thumbnailUrl":"https:\/\/fischerprocell.com\/wp-content\/uploads\/2022\/03\/workers-compensation-law-firm-shreveport.jpg","datePublished":"2022-03-23T21:16:12+00:00","dateModified":"2024-02-27T17:24:26+00:00","description":"\u00bfLesionado en el trabajo? Contrate al abogado de compensaci\u00f3n de trabajadores de Shreveport, Tim Fischer. Experiencia combinada de 60 a\u00f1os en el manejo de casos de compensaci\u00f3n laboral.","breadcrumb":{"@id":"https:\/\/fischerprocell.com\/workers-compensation\/#breadcrumb"},"inLanguage":"es-MX","potentialAction":[{"@type":"ReadAction","target":["https:\/\/fischerprocell.com\/workers-compensation\/"]}]},{"@type":"ImageObject","inLanguage":"es-MX","@id":"https:\/\/fischerprocell.com\/workers-compensation\/#primaryimage","url":"https:\/\/fischerprocell.com\/wp-content\/uploads\/2022\/03\/workers-compensation-law-firm-shreveport.jpg","contentUrl":"https:\/\/fischerprocell.com\/wp-content\/uploads\/2022\/03\/workers-compensation-law-firm-shreveport.jpg"},{"@type":"BreadcrumbList","@id":"https:\/\/fischerprocell.com\/workers-compensation\/#breadcrumb","itemListElement":[{"@type":"ListItem","position":1,"name":"Home","item":"https:\/\/fischerprocell.com\/"},{"@type":"ListItem","position":2,"name":"Worker&#8217;s Compensation"}]},{"@type":"WebSite","@id":"https:\/\/fischerprocell.com\/#website","url":"https:\/\/fischerprocell.com\/","name":"Fischer &amp; Procell Law Abogado de compensaci\u00f3n laboral en Shreveport","description":"Abogados de Compensaci\u00f3n de Trabajadores de Shreveport","publisher":{"@id":"https:\/\/fischerprocell.com\/#organization"},"potentialAction":[{"@type":"SearchAction","target":{"@type":"EntryPoint","urlTemplate":"https:\/\/fischerprocell.com\/?s={search_term_string}"},"query-input":{"@type":"PropertyValueSpecification","valueRequired":true,"valueName":"search_term_string"}}],"inLanguage":"es-MX"},{"@type":"Organization","@id":"https:\/\/fischerprocell.com\/#organization","name":"Ley de Fisher","url":"https:\/\/fischerprocell.com\/","logo":{"@type":"ImageObject","inLanguage":"es-MX","@id":"https:\/\/fischerprocell.com\/#\/schema\/logo\/image\/","url":"https:\/\/fischerprocell.com\/wp-content\/uploads\/2022\/04\/Fischer-Law-logo-color.gif","contentUrl":"https:\/\/fischerprocell.com\/wp-content\/uploads\/2022\/04\/Fischer-Law-logo-color.gif","width":457,"height":229,"caption":"Fischer Law"},"image":{"@id":"https:\/\/fischerprocell.com\/#\/schema\/logo\/image\/"}}]}},"_links":{"self":[{"href":"https:\/\/fischerprocell.com\/es\/wp-json\/wp\/v2\/pages\/20","targetHints":{"allow":["GET"]}}],"collection":[{"href":"https:\/\/fischerprocell.com\/es\/wp-json\/wp\/v2\/pages"}],"about":[{"href":"https:\/\/fischerprocell.com\/es\/wp-json\/wp\/v2\/types\/page"}],"author":[{"embeddable":true,"href":"https:\/\/fischerprocell.com\/es\/wp-json\/wp\/v2\/users\/2"}],"replies":[{"embeddable":true,"href":"https:\/\/fischerprocell.com\/es\/wp-json\/wp\/v2\/comments?post=20"}],"version-history":[{"count":0,"href":"https:\/\/fischerprocell.com\/es\/wp-json\/wp\/v2\/pages\/20\/revisions"}],"wp:attachment":[{"href":"https:\/\/fischerprocell.com\/es\/wp-json\/wp\/v2\/media?parent=20"}],"curies":[{"name":"gracias","href":"https:\/\/api.w.org\/{rel}","templated":true}]}}