{"id":19,"date":"2022-03-23T21:15:51","date_gmt":"2022-03-23T21:15:51","guid":{"rendered":"https:\/\/fischerprocell.com\/?page_id=19"},"modified":"2022-04-04T13:51:39","modified_gmt":"2022-04-04T13:51:39","slug":"areas-de-practica","status":"publish","type":"page","link":"https:\/\/fischerprocell.com\/es\/areas-de-practica\/","title":{"rendered":"Areas de pr\u00e1ctica"},"content":{"rendered":"<div data-elementor-type=\"wp-page\" data-elementor-id=\"19\" class=\"elementor elementor-19\" data-elementor-post-type=\"page\">\n\t\t\t\t\t\t<section class=\"elementor-section elementor-top-section elementor-element elementor-element-1f7a8d7 elementor-section-height-min-height elementor-section-items-bottom elementor-section-boxed elementor-section-height-default\" data-id=\"1f7a8d7\" data-element_type=\"section\" data-settings=\"{&quot;background_background&quot;:&quot;classic&quot;}\">\n\t\t\t\t\t\t<div class=\"elementor-container elementor-column-gap-default\">\n\t\t\t\t\t<div class=\"elementor-column elementor-col-100 elementor-top-column elementor-element elementor-element-ddaaacd\" data-id=\"ddaaacd\" data-element_type=\"column\">\n\t\t\t<div class=\"elementor-widget-wrap elementor-element-populated\">\n\t\t\t\t\t\t<div class=\"elementor-element elementor-element-037f8f6 elementor-widget elementor-widget-heading\" data-id=\"037f8f6\" data-element_type=\"widget\" data-widget_type=\"heading.default\">\n\t\t\t\t<div class=\"elementor-widget-container\">\n\t\t\t\t\t<h2 class=\"elementor-heading-title elementor-size-default\">Areas de pr\u00e1ctica<\/h2>\t\t\t\t<\/div>\n\t\t\t\t<\/div>\n\t\t\t\t<div class=\"elementor-element elementor-element-99b0484 elementor-align-center elementor-widget elementor-widget-breadcrumbs\" data-id=\"99b0484\" data-element_type=\"widget\" data-widget_type=\"breadcrumbs.default\">\n\t\t\t\t<div class=\"elementor-widget-container\">\n\t\t\t\t\t<p id=\"breadcrumbs\"><span><span><a href=\"https:\/\/fischerprocell.com\/es\/\">Hogar<\/a><\/span><\/span><\/p>\t\t\t\t<\/div>\n\t\t\t\t<\/div>\n\t\t\t\t\t<\/div>\n\t\t<\/div>\n\t\t\t\t\t<\/div>\n\t\t<\/section>\n\t\t\t\t<section class=\"elementor-section elementor-top-section elementor-element elementor-element-c6f4924 elementor-section-content-middle elementor-section-boxed elementor-section-height-default elementor-section-height-default\" data-id=\"c6f4924\" data-element_type=\"section\">\n\t\t\t\t\t\t<div class=\"elementor-container elementor-column-gap-default\">\n\t\t\t\t\t<div class=\"elementor-column elementor-col-100 elementor-top-column elementor-element elementor-element-3b72f1a\" data-id=\"3b72f1a\" data-element_type=\"column\">\n\t\t\t<div class=\"elementor-widget-wrap elementor-element-populated\">\n\t\t\t\t\t\t<div class=\"elementor-element elementor-element-db795a0 elementor-widget elementor-widget-heading\" data-id=\"db795a0\" data-element_type=\"widget\" data-widget_type=\"heading.default\">\n\t\t\t\t<div class=\"elementor-widget-container\">\n\t\t\t\t\t<span class=\"elementor-heading-title elementor-size-default\">EN QU\u00c9 NOS ESPECIALIZAMOS<\/span>\t\t\t\t<\/div>\n\t\t\t\t<\/div>\n\t\t\t\t<div class=\"elementor-element elementor-element-ff58f08 elementor-widget elementor-widget-heading\" data-id=\"ff58f08\" data-element_type=\"widget\" data-widget_type=\"heading.default\">\n\t\t\t\t<div class=\"elementor-widget-container\">\n\t\t\t\t\t<h1 class=\"elementor-heading-title elementor-size-default\">Nuestras \u00c1reas de Pr\u00e1ctica<\/h1>\t\t\t\t<\/div>\n\t\t\t\t<\/div>\n\t\t\t\t\t<\/div>\n\t\t<\/div>\n\t\t\t\t\t<\/div>\n\t\t<\/section>\n\t\t\t\t<section class=\"elementor-section elementor-top-section elementor-element elementor-element-86d7c62 elementor-section-boxed elementor-section-height-default elementor-section-height-default\" data-id=\"86d7c62\" data-element_type=\"section\">\n\t\t\t\t\t\t<div class=\"elementor-container elementor-column-gap-default\">\n\t\t\t\t\t<div class=\"elementor-column elementor-col-100 elementor-top-column elementor-element elementor-element-0cccc01\" data-id=\"0cccc01\" data-element_type=\"column\">\n\t\t\t<div class=\"elementor-widget-wrap elementor-element-populated\">\n\t\t\t\t\t\t<section class=\"elementor-section elementor-inner-section elementor-element elementor-element-f901ee1 no-padding elementor-section-boxed elementor-section-height-default elementor-section-height-default\" data-id=\"f901ee1\" data-element_type=\"section\">\n\t\t\t\t\t\t<div class=\"elementor-container elementor-column-gap-default\">\n\t\t\t\t\t<div class=\"elementor-column elementor-col-25 elementor-inner-column elementor-element elementor-element-584871a\" data-id=\"584871a\" data-element_type=\"column\">\n\t\t\t<div class=\"elementor-widget-wrap elementor-element-populated\">\n\t\t\t\t\t\t<div class=\"elementor-element elementor-element-710e15a elementor-widget elementor-widget-image\" data-id=\"710e15a\" data-element_type=\"widget\" data-widget_type=\"image.default\">\n\t\t\t\t<div class=\"elementor-widget-container\">\n\t\t\t\t\t\t\t\t\t\t\t\t\t\t\t<img decoding=\"async\" width=\"170\" height=\"170\" src=\"https:\/\/fischerprocell.com\/wp-content\/uploads\/2022\/03\/car-accident-lawyer.gif\" class=\"attachment-large size-large wp-image-64\" alt=\"abogado de accidentes automovil\u00edsticos shreveport\" \/>\t\t\t\t\t\t\t\t\t\t\t\t\t\t\t<\/div>\n\t\t\t\t<\/div>\n\t\t\t\t<div class=\"elementor-element elementor-element-d99c29e elementor-align-center elementor-widget elementor-widget-button\" data-id=\"d99c29e\" data-element_type=\"widget\" data-widget_type=\"button.default\">\n\t\t\t\t<div class=\"elementor-widget-container\">\n\t\t\t\t\t\t\t\t\t<div class=\"elementor-button-wrapper\">\n\t\t\t\t\t<a class=\"elementor-button elementor-button-link elementor-size-sm\" href=\"https:\/\/fischerprocell.com\/es\/accidente-de-coche\/\">\n\t\t\t\t\t\t<span class=\"elementor-button-content-wrapper\">\n\t\t\t\t\t\t\t\t\t<span class=\"elementor-button-text\">Accidentes automovil\u00edsticos<\/span>\n\t\t\t\t\t<\/span>\n\t\t\t\t\t<\/a>\n\t\t\t\t<\/div>\n\t\t\t\t\t\t\t\t<\/div>\n\t\t\t\t<\/div>\n\t\t\t\t\t<\/div>\n\t\t<\/div>\n\t\t\t\t<div class=\"elementor-column elementor-col-25 elementor-inner-column elementor-element elementor-element-1bbc216\" data-id=\"1bbc216\" data-element_type=\"column\">\n\t\t\t<div class=\"elementor-widget-wrap elementor-element-populated\">\n\t\t\t\t\t\t<div class=\"elementor-element elementor-element-3e36d9f elementor-widget elementor-widget-image\" data-id=\"3e36d9f\" data-element_type=\"widget\" data-widget_type=\"image.default\">\n\t\t\t\t<div class=\"elementor-widget-container\">\n\t\t\t\t\t\t\t\t\t\t\t\t\t\t\t<img decoding=\"async\" width=\"170\" height=\"170\" src=\"https:\/\/fischerprocell.com\/wp-content\/uploads\/2022\/03\/personal-injury-lawyer.gif\" class=\"attachment-large size-large wp-image-66\" alt=\"\" \/>\t\t\t\t\t\t\t\t\t\t\t\t\t\t\t<\/div>\n\t\t\t\t<\/div>\n\t\t\t\t<div class=\"elementor-element elementor-element-99f45d7 elementor-align-center elementor-widget elementor-widget-button\" data-id=\"99f45d7\" data-element_type=\"widget\" data-widget_type=\"button.default\">\n\t\t\t\t<div class=\"elementor-widget-container\">\n\t\t\t\t\t\t\t\t\t<div class=\"elementor-button-wrapper\">\n\t\t\t\t\t<a class=\"elementor-button elementor-button-link elementor-size-sm\" href=\"https:\/\/fischerprocell.com\/es\/lesion-personal\/\">\n\t\t\t\t\t\t<span class=\"elementor-button-content-wrapper\">\n\t\t\t\t\t\t\t\t\t<span class=\"elementor-button-text\">Lesiones Personales<\/span>\n\t\t\t\t\t<\/span>\n\t\t\t\t\t<\/a>\n\t\t\t\t<\/div>\n\t\t\t\t\t\t\t\t<\/div>\n\t\t\t\t<\/div>\n\t\t\t\t\t<\/div>\n\t\t<\/div>\n\t\t\t\t<div class=\"elementor-column elementor-col-25 elementor-inner-column elementor-element elementor-element-89cc4a5\" data-id=\"89cc4a5\" data-element_type=\"column\">\n\t\t\t<div class=\"elementor-widget-wrap elementor-element-populated\">\n\t\t\t\t\t\t<div class=\"elementor-element elementor-element-70f93ac elementor-widget elementor-widget-image\" data-id=\"70f93ac\" data-element_type=\"widget\" data-widget_type=\"image.default\">\n\t\t\t\t<div class=\"elementor-widget-container\">\n\t\t\t\t\t\t\t\t\t\t\t\t\t\t\t<img decoding=\"async\" width=\"170\" height=\"170\" src=\"https:\/\/fischerprocell.com\/wp-content\/uploads\/2022\/03\/workers-comp-lawyer.gif\" class=\"attachment-large size-large wp-image-68\" alt=\"abogado de compensaci\u00f3n de trabajadores\" \/>\t\t\t\t\t\t\t\t\t\t\t\t\t\t\t<\/div>\n\t\t\t\t<\/div>\n\t\t\t\t<div class=\"elementor-element elementor-element-5c3a554 elementor-align-center elementor-widget elementor-widget-button\" data-id=\"5c3a554\" data-element_type=\"widget\" data-widget_type=\"button.default\">\n\t\t\t\t<div class=\"elementor-widget-container\">\n\t\t\t\t\t\t\t\t\t<div class=\"elementor-button-wrapper\">\n\t\t\t\t\t<a class=\"elementor-button elementor-button-link elementor-size-sm\" href=\"https:\/\/fischerprocell.com\/es\/compensacion-de-trabajadores-2\/\">\n\t\t\t\t\t\t<span class=\"elementor-button-content-wrapper\">\n\t\t\t\t\t\t\t\t\t<span class=\"elementor-button-text\">Compensaci\u00f3n al trabajador<\/span>\n\t\t\t\t\t<\/span>\n\t\t\t\t\t<\/a>\n\t\t\t\t<\/div>\n\t\t\t\t\t\t\t\t<\/div>\n\t\t\t\t<\/div>\n\t\t\t\t\t<\/div>\n\t\t<\/div>\n\t\t\t\t<div class=\"elementor-column elementor-col-25 elementor-inner-column elementor-element elementor-element-6634309\" data-id=\"6634309\" data-element_type=\"column\">\n\t\t\t<div class=\"elementor-widget-wrap elementor-element-populated\">\n\t\t\t\t\t\t<div class=\"elementor-element elementor-element-67255eb elementor-widget elementor-widget-image\" data-id=\"67255eb\" data-element_type=\"widget\" data-widget_type=\"image.default\">\n\t\t\t\t<div class=\"elementor-widget-container\">\n\t\t\t\t\t\t\t\t\t\t\t\t\t\t\t<img loading=\"lazy\" decoding=\"async\" width=\"170\" height=\"170\" src=\"https:\/\/fischerprocell.com\/wp-content\/uploads\/2022\/03\/oilfield-accident-lawyer.gif\" class=\"attachment-large size-large wp-image-69\" alt=\"abogado de accidentes petroleros\" \/>\t\t\t\t\t\t\t\t\t\t\t\t\t\t\t<\/div>\n\t\t\t\t<\/div>\n\t\t\t\t<div class=\"elementor-element elementor-element-e4e605c elementor-align-center elementor-widget elementor-widget-button\" data-id=\"e4e605c\" data-element_type=\"widget\" data-widget_type=\"button.default\">\n\t\t\t\t<div class=\"elementor-widget-container\">\n\t\t\t\t\t\t\t\t\t<div class=\"elementor-button-wrapper\">\n\t\t\t\t\t<a class=\"elementor-button elementor-button-link elementor-size-sm\" href=\"https:\/\/fischerprocell.com\/es\/accidente-en-campo-petrolero\/\">\n\t\t\t\t\t\t<span class=\"elementor-button-content-wrapper\">\n\t\t\t\t\t\t\t\t\t<span class=\"elementor-button-text\">Accidentes de campos petroleros<\/span>\n\t\t\t\t\t<\/span>\n\t\t\t\t\t<\/a>\n\t\t\t\t<\/div>\n\t\t\t\t\t\t\t\t<\/div>\n\t\t\t\t<\/div>\n\t\t\t\t\t<\/div>\n\t\t<\/div>\n\t\t\t\t\t<\/div>\n\t\t<\/section>\n\t\t\t\t<div class=\"elementor-element elementor-element-703ab17 elementor-widget elementor-widget-text-editor\" data-id=\"703ab17\" data-element_type=\"widget\" data-widget_type=\"text-editor.default\">\n\t\t\t\t<div class=\"elementor-widget-container\">\n\t\t\t\t\t\t\t\t\t<p>Cada situaci\u00f3n legal es incre\u00edblemente \u00fanica cuando se manejan reclamos por lesiones por culpa de otra parte. Nuestra oficina se enorgullece de garantizar que usted, como cliente, reciba un trato justo y reciba toda la compensaci\u00f3n a la que pueda tener derecho despu\u00e9s de un incidente. A continuaci\u00f3n se muestra una lista de los tipos de casos que nuestra firma se enorgullece de tomar.<\/p><p>Si usted o un ser querido ha resultado lesionado debido a la negligencia de otro, comun\u00edquese con nuestra oficina y programe su consulta gratuita hoy.<\/p>\t\t\t\t\t\t\t\t<\/div>\n\t\t\t\t<\/div>\n\t\t\t\t\t<\/div>\n\t\t<\/div>\n\t\t\t\t\t<\/div>\n\t\t<\/section>\n\t\t\t\t<\/div>","protected":false},"excerpt":{"rendered":"<p>\u00c1reas de pr\u00e1ctica EN QU\u00c9 NOS ESPECIALIZAMOS Nuestras \u00e1reas de pr\u00e1ctica Accidentes automovil\u00edsticos Lesiones personales Compensaci\u00f3n laboral Accidentes en campos petroleros Cada situaci\u00f3n legal es incre\u00edblemente \u00fanica cuando se manejan demandas por lesiones por culpa de otra parte. Nuestra oficina se enorgullece de garantizar que usted, como cliente, reciba un trato justo y reciba toda la compensaci\u00f3n que [\u2026]<\/p>","protected":false},"author":2,"featured_media":0,"parent":0,"menu_order":0,"comment_status":"closed","ping_status":"closed","template":"","meta":{"footnotes":""},"class_list":["post-19","page","type-page","status-publish","hentry"],"yoast_head":"<!-- This site is optimized with the Yoast SEO plugin v25.6 - https:\/\/yoast.com\/wordpress\/plugins\/seo\/ -->\n<title>Tim Fischer Law Practice Areas | Fischer Manno Law Workers Comp Shreveport Lawyers<\/title>\n<meta name=\"description\" content=\"Tim Fischer Specializes In Handling Cases Involving Workers Comp, Personal Injury, &amp; Auto Accidents.\" \/>\n<meta name=\"robots\" content=\"index, follow, max-snippet:-1, max-image-preview:large, max-video-preview:-1\" \/>\n<link rel=\"canonical\" href=\"https:\/\/fischerprocell.com\/es\/areas-de-practica\/\" \/>\n<meta property=\"og:locale\" content=\"es_MX\" \/>\n<meta property=\"og:type\" content=\"article\" \/>\n<meta property=\"og:title\" content=\"Tim Fischer Law Practice Areas | Fischer Manno Law Workers Comp Shreveport Lawyers\" \/>\n<meta property=\"og:description\" content=\"Tim Fischer Specializes In Handling Cases Involving Workers Comp, Personal Injury, &amp; Auto Accidents.\" \/>\n<meta property=\"og:url\" content=\"https:\/\/fischerprocell.com\/es\/areas-de-practica\/\" \/>\n<meta property=\"og:site_name\" content=\"Fischer &amp; Procell Law Workers Comp Shreveport Lawyer\" \/>\n<meta property=\"article:modified_time\" content=\"2022-04-04T13:51:39+00:00\" \/>\n<meta property=\"og:image\" content=\"https:\/\/fischerprocell.com\/wp-content\/uploads\/2022\/03\/car-accident-lawyer.gif\" \/>\n<meta name=\"twitter:card\" content=\"summary_large_image\" \/>\n<meta name=\"twitter:label1\" content=\"Tiempo de lectura\" \/>\n\t<meta name=\"twitter:data1\" content=\"2 minutos\" \/>\n<script type=\"application\/ld+json\" class=\"yoast-schema-graph\">{\"@context\":\"https:\/\/schema.org\",\"@graph\":[{\"@type\":\"WebPage\",\"@id\":\"https:\/\/fischerprocell.com\/practice-areas\/\",\"url\":\"https:\/\/fischerprocell.com\/practice-areas\/\",\"name\":\"Tim Fischer Law Practice Areas | Fischer Manno Law Workers Comp Shreveport Lawyers\",\"isPartOf\":{\"@id\":\"https:\/\/fischerprocell.com\/#website\"},\"primaryImageOfPage\":{\"@id\":\"https:\/\/fischerprocell.com\/practice-areas\/#primaryimage\"},\"image\":{\"@id\":\"https:\/\/fischerprocell.com\/practice-areas\/#primaryimage\"},\"thumbnailUrl\":\"https:\/\/fischerprocell.com\/wp-content\/uploads\/2022\/03\/car-accident-lawyer.gif\",\"datePublished\":\"2022-03-23T21:15:51+00:00\",\"dateModified\":\"2022-04-04T13:51:39+00:00\",\"description\":\"Tim Fischer Specializes In Handling Cases Involving Workers Comp, Personal Injury, & Auto Accidents.\",\"breadcrumb\":{\"@id\":\"https:\/\/fischerprocell.com\/practice-areas\/#breadcrumb\"},\"inLanguage\":\"es-MX\",\"potentialAction\":[{\"@type\":\"ReadAction\",\"target\":[\"https:\/\/fischerprocell.com\/practice-areas\/\"]}]},{\"@type\":\"ImageObject\",\"inLanguage\":\"es-MX\",\"@id\":\"https:\/\/fischerprocell.com\/practice-areas\/#primaryimage\",\"url\":\"https:\/\/fischerprocell.com\/wp-content\/uploads\/2022\/03\/car-accident-lawyer.gif\",\"contentUrl\":\"https:\/\/fischerprocell.com\/wp-content\/uploads\/2022\/03\/car-accident-lawyer.gif\"},{\"@type\":\"BreadcrumbList\",\"@id\":\"https:\/\/fischerprocell.com\/practice-areas\/#breadcrumb\",\"itemListElement\":[{\"@type\":\"ListItem\",\"position\":1,\"name\":\"Home\",\"item\":\"https:\/\/fischerprocell.com\/\"},{\"@type\":\"ListItem\",\"position\":2,\"name\":\"Practice Areas\"}]},{\"@type\":\"WebSite\",\"@id\":\"https:\/\/fischerprocell.com\/#website\",\"url\":\"https:\/\/fischerprocell.com\/\",\"name\":\"Fischer &amp; Procell Law Workers Comp Shreveport Lawyer\",\"description\":\"Shreveport Workers Compensation Lawyers\",\"publisher\":{\"@id\":\"https:\/\/fischerprocell.com\/#organization\"},\"potentialAction\":[{\"@type\":\"SearchAction\",\"target\":{\"@type\":\"EntryPoint\",\"urlTemplate\":\"https:\/\/fischerprocell.com\/?s={search_term_string}\"},\"query-input\":{\"@type\":\"PropertyValueSpecification\",\"valueRequired\":true,\"valueName\":\"search_term_string\"}}],\"inLanguage\":\"es-MX\"},{\"@type\":\"Organization\",\"@id\":\"https:\/\/fischerprocell.com\/#organization\",\"name\":\"Fischer Law\",\"url\":\"https:\/\/fischerprocell.com\/\",\"logo\":{\"@type\":\"ImageObject\",\"inLanguage\":\"es-MX\",\"@id\":\"https:\/\/fischerprocell.com\/#\/schema\/logo\/image\/\",\"url\":\"https:\/\/fischerprocell.com\/wp-content\/uploads\/2022\/04\/Fischer-Law-logo-color.gif\",\"contentUrl\":\"https:\/\/fischerprocell.com\/wp-content\/uploads\/2022\/04\/Fischer-Law-logo-color.gif\",\"width\":457,\"height\":229,\"caption\":\"Fischer Law\"},\"image\":{\"@id\":\"https:\/\/fischerprocell.com\/#\/schema\/logo\/image\/\"}}]}<\/script>\n<!-- \/ Yoast SEO plugin. -->","yoast_head_json":{"title":"\u00c1reas de pr\u00e1ctica legal de Tim Fischer | Fischer Manno Law Compensaci\u00f3n al Trabajador Shreveport Abogados","description":"Tim Fischer se especializa en el manejo de casos relacionados con compensaci\u00f3n laboral, lesiones personales y accidentes automovil\u00edsticos.","robots":{"index":"index","follow":"follow","max-snippet":"max-snippet:-1","max-image-preview":"max-image-preview:large","max-video-preview":"max-video-preview:-1"},"canonical":"https:\/\/fischerprocell.com\/es\/areas-de-practica\/","og_locale":"es_MX","og_type":"article","og_title":"Tim Fischer Law Practice Areas | Fischer Manno Law Workers Comp Shreveport Lawyers","og_description":"Tim Fischer Specializes In Handling Cases Involving Workers Comp, Personal Injury, & Auto Accidents.","og_url":"https:\/\/fischerprocell.com\/es\/areas-de-practica\/","og_site_name":"Fischer &amp; Procell Law Workers Comp Shreveport Lawyer","article_modified_time":"2022-04-04T13:51:39+00:00","og_image":[{"url":"https:\/\/fischerprocell.com\/wp-content\/uploads\/2022\/03\/car-accident-lawyer.gif","type":"","width":"","height":""}],"twitter_card":"summary_large_image","twitter_misc":{"Tiempo de lectura":"2 minutos"},"schema":{"@context":"https:\/\/schema.org","@graph":[{"@type":"WebPage","@id":"https:\/\/fischerprocell.com\/practice-areas\/","url":"https:\/\/fischerprocell.com\/practice-areas\/","name":"\u00c1reas de pr\u00e1ctica legal de Tim Fischer | Fischer Manno Law Compensaci\u00f3n al Trabajador Shreveport Abogados","isPartOf":{"@id":"https:\/\/fischerprocell.com\/#website"},"primaryImageOfPage":{"@id":"https:\/\/fischerprocell.com\/practice-areas\/#primaryimage"},"image":{"@id":"https:\/\/fischerprocell.com\/practice-areas\/#primaryimage"},"thumbnailUrl":"https:\/\/fischerprocell.com\/wp-content\/uploads\/2022\/03\/car-accident-lawyer.gif","datePublished":"2022-03-23T21:15:51+00:00","dateModified":"2022-04-04T13:51:39+00:00","description":"Tim Fischer se especializa en el manejo de casos relacionados con compensaci\u00f3n laboral, lesiones personales y accidentes automovil\u00edsticos.","breadcrumb":{"@id":"https:\/\/fischerprocell.com\/practice-areas\/#breadcrumb"},"inLanguage":"es-MX","potentialAction":[{"@type":"ReadAction","target":["https:\/\/fischerprocell.com\/practice-areas\/"]}]},{"@type":"ImageObject","inLanguage":"es-MX","@id":"https:\/\/fischerprocell.com\/practice-areas\/#primaryimage","url":"https:\/\/fischerprocell.com\/wp-content\/uploads\/2022\/03\/car-accident-lawyer.gif","contentUrl":"https:\/\/fischerprocell.com\/wp-content\/uploads\/2022\/03\/car-accident-lawyer.gif"},{"@type":"BreadcrumbList","@id":"https:\/\/fischerprocell.com\/practice-areas\/#breadcrumb","itemListElement":[{"@type":"ListItem","position":1,"name":"Home","item":"https:\/\/fischerprocell.com\/"},{"@type":"ListItem","position":2,"name":"Practice Areas"}]},{"@type":"WebSite","@id":"https:\/\/fischerprocell.com\/#website","url":"https:\/\/fischerprocell.com\/","name":"Fischer &amp; Procell Law Abogado de compensaci\u00f3n laboral en Shreveport","description":"Abogados de Compensaci\u00f3n de Trabajadores de Shreveport","publisher":{"@id":"https:\/\/fischerprocell.com\/#organization"},"potentialAction":[{"@type":"SearchAction","target":{"@type":"EntryPoint","urlTemplate":"https:\/\/fischerprocell.com\/?s={search_term_string}"},"query-input":{"@type":"PropertyValueSpecification","valueRequired":true,"valueName":"search_term_string"}}],"inLanguage":"es-MX"},{"@type":"Organization","@id":"https:\/\/fischerprocell.com\/#organization","name":"Ley de Fisher","url":"https:\/\/fischerprocell.com\/","logo":{"@type":"ImageObject","inLanguage":"es-MX","@id":"https:\/\/fischerprocell.com\/#\/schema\/logo\/image\/","url":"https:\/\/fischerprocell.com\/wp-content\/uploads\/2022\/04\/Fischer-Law-logo-color.gif","contentUrl":"https:\/\/fischerprocell.com\/wp-content\/uploads\/2022\/04\/Fischer-Law-logo-color.gif","width":457,"height":229,"caption":"Fischer Law"},"image":{"@id":"https:\/\/fischerprocell.com\/#\/schema\/logo\/image\/"}}]}},"_links":{"self":[{"href":"https:\/\/fischerprocell.com\/es\/wp-json\/wp\/v2\/pages\/19","targetHints":{"allow":["GET"]}}],"collection":[{"href":"https:\/\/fischerprocell.com\/es\/wp-json\/wp\/v2\/pages"}],"about":[{"href":"https:\/\/fischerprocell.com\/es\/wp-json\/wp\/v2\/types\/page"}],"author":[{"embeddable":true,"href":"https:\/\/fischerprocell.com\/es\/wp-json\/wp\/v2\/users\/2"}],"replies":[{"embeddable":true,"href":"https:\/\/fischerprocell.com\/es\/wp-json\/wp\/v2\/comments?post=19"}],"version-history":[{"count":0,"href":"https:\/\/fischerprocell.com\/es\/wp-json\/wp\/v2\/pages\/19\/revisions"}],"wp:attachment":[{"href":"https:\/\/fischerprocell.com\/es\/wp-json\/wp\/v2\/media?parent=19"}],"curies":[{"name":"gracias","href":"https:\/\/api.w.org\/{rel}","templated":true}]}}