{"id":186,"date":"2022-04-06T17:30:19","date_gmt":"2022-04-06T17:30:19","guid":{"rendered":"https:\/\/fischerprocell.com\/?page_id=186"},"modified":"2022-04-06T17:33:28","modified_gmt":"2022-04-06T17:33:28","slug":"mapa-del-sitio","status":"publish","type":"page","link":"https:\/\/fischerprocell.com\/es\/mapa-del-sitio\/","title":{"rendered":"mapa del sitio"},"content":{"rendered":"<div data-elementor-type=\"wp-page\" data-elementor-id=\"186\" class=\"elementor elementor-186\" data-elementor-post-type=\"page\">\n\t\t\t\t\t\t<section class=\"elementor-section elementor-top-section elementor-element elementor-element-b9a8e32 elementor-section-height-min-height elementor-section-items-bottom elementor-section-boxed elementor-section-height-default\" data-id=\"b9a8e32\" data-element_type=\"section\" data-settings=\"{&quot;background_background&quot;:&quot;classic&quot;}\">\n\t\t\t\t\t\t<div class=\"elementor-container elementor-column-gap-default\">\n\t\t\t\t\t<div class=\"elementor-column elementor-col-100 elementor-top-column elementor-element elementor-element-5e7a148\" data-id=\"5e7a148\" data-element_type=\"column\">\n\t\t\t<div class=\"elementor-widget-wrap elementor-element-populated\">\n\t\t\t\t\t\t<div class=\"elementor-element elementor-element-e7bfee0 elementor-widget elementor-widget-heading\" data-id=\"e7bfee0\" data-element_type=\"widget\" data-widget_type=\"heading.default\">\n\t\t\t\t<div class=\"elementor-widget-container\">\n\t\t\t\t\t<h1 class=\"elementor-heading-title elementor-size-default\">mapa del sitio<\/h1>\t\t\t\t<\/div>\n\t\t\t\t<\/div>\n\t\t\t\t<div class=\"elementor-element elementor-element-9a3fca4 elementor-align-left elementor-hidden-mobile_extra elementor-hidden-mobile elementor-widget elementor-widget-breadcrumbs\" data-id=\"9a3fca4\" data-element_type=\"widget\" data-widget_type=\"breadcrumbs.default\">\n\t\t\t\t<div class=\"elementor-widget-container\">\n\t\t\t\t\t<p id=\"breadcrumbs\"><span><span><a href=\"https:\/\/fischerprocell.com\/es\/\">Hogar<\/a><\/span><\/span><\/p>\t\t\t\t<\/div>\n\t\t\t\t<\/div>\n\t\t\t\t\t<\/div>\n\t\t<\/div>\n\t\t\t\t\t<\/div>\n\t\t<\/section>\n\t\t\t\t<section class=\"elementor-section elementor-top-section elementor-element elementor-element-98994dc elementor-section-boxed elementor-section-height-default elementor-section-height-default\" data-id=\"98994dc\" data-element_type=\"section\">\n\t\t\t\t\t\t<div class=\"elementor-container elementor-column-gap-default\">\n\t\t\t\t\t<div class=\"elementor-column elementor-col-100 elementor-top-column elementor-element elementor-element-0e29aa1\" data-id=\"0e29aa1\" data-element_type=\"column\">\n\t\t\t<div class=\"elementor-widget-wrap elementor-element-populated\">\n\t\t\t\t\t\t<div class=\"elementor-element elementor-element-6c10d59 elementor-widget elementor-widget-sitemap\" data-id=\"6c10d59\" data-element_type=\"widget\" data-widget_type=\"sitemap.default\">\n\t\t\t\t<div class=\"elementor-widget-container\">\n\t\t\t\t\t<div class=\"elementor-sitemap-wrap\"><div class=\"elementor-sitemap-section\"><h2 class=\"elementor-sitemap-title elementor-sitemap-page-title\">Paginas<\/h2><ul class=\"elementor-sitemap-list elementor-sitemap-page-list\"><li class=\"elementor-sitemap-item elementor-sitemap-item-page page_item page-item-186\"><a href=\"https:\/\/fischerprocell.com\/es\/mapa-del-sitio\/\">mapa del sitio<\/a><\/li><li class=\"elementor-sitemap-item elementor-sitemap-item-page page_item page-item-20\"><a href=\"https:\/\/fischerprocell.com\/es\/compensacion-de-trabajadores-2\/\">Compensaci\u00f3n del trabajador<\/a><\/li><li class=\"elementor-sitemap-item elementor-sitemap-item-page page_item page-item-19\"><a href=\"https:\/\/fischerprocell.com\/es\/areas-de-practica\/\">Areas de pr\u00e1ctica<\/a><\/li><li class=\"elementor-sitemap-item elementor-sitemap-item-page page_item page-item-18\"><a href=\"https:\/\/fischerprocell.com\/es\/lesion-personal\/\">Lesiones Personales<\/a><\/li><li class=\"elementor-sitemap-item elementor-sitemap-item-page page_item page-item-17\"><a href=\"https:\/\/fischerprocell.com\/es\/equipo\/\">Equipo<\/a><\/li><li class=\"elementor-sitemap-item elementor-sitemap-item-page page_item page-item-16\"><a href=\"https:\/\/fischerprocell.com\/es\/accidente-en-campo-petrolero\/\">Accidente de campo petrolero<\/a><\/li><li class=\"elementor-sitemap-item elementor-sitemap-item-page page_item page-item-15\"><a href=\"https:\/\/fischerprocell.com\/es\/gabriela-lemus\/\">gabriela lemus<\/a><\/li><li class=\"elementor-sitemap-item elementor-sitemap-item-page page_item page-item-14\"><a href=\"https:\/\/fischerprocell.com\/es\/contactenos\/\">Cont\u00e1ctenos<\/a><\/li><li class=\"elementor-sitemap-item elementor-sitemap-item-page page_item page-item-13\"><a href=\"https:\/\/fischerprocell.com\/es\/contacto\/\">Contacto<\/a><\/li><li class=\"elementor-sitemap-item elementor-sitemap-item-page page_item page-item-12\"><a href=\"https:\/\/fischerprocell.com\/es\/accidente-de-coche\/\">Accidente automovilistico<\/a><\/li><li class=\"elementor-sitemap-item elementor-sitemap-item-page page_item page-item-10\"><a href=\"https:\/\/fischerprocell.com\/es\/\">Hogar<\/a><\/li><\/ul><\/div><div class=\"elementor-sitemap-section\"><h2 class=\"elementor-sitemap-title elementor-sitemap-post-title\">Entradas<\/h2><ul class=\"elementor-sitemap-list elementor-sitemap-post-list\"><li class=\"elementor-sitemap-item elementor-sitemap-item-post page_item page-item-121\"><a href=\"https:\/\/fischerprocell.com\/es\/se-puede-reabrir-mi-caso-de-compensacion-laboral\/\">\u00bfSe puede reabrir mi caso de compensaci\u00f3n laboral?<\/a><\/li><li class=\"elementor-sitemap-item elementor-sitemap-item-post page_item page-item-126\"><a href=\"https:\/\/fischerprocell.com\/es\/como-presentar-una-reclamacion-de-compensacion-laboral-en-luisiana\/\">C\u00f3mo presentar un reclamo de compensaci\u00f3n para trabajadores en Louisiana<\/a><\/li><li class=\"elementor-sitemap-item elementor-sitemap-item-post page_item page-item-128\"><a href=\"https:\/\/fischerprocell.com\/es\/que-lesiones-estan-cubiertas-por-la-ley-de-compensacion-laboral\/\">\u00bfQu\u00e9 lesiones est\u00e1n cubiertas por la Ley de Compensaci\u00f3n para Trabajadores?<\/a><\/li><li class=\"elementor-sitemap-item elementor-sitemap-item-post page_item page-item-132\"><a href=\"https:\/\/fischerprocell.com\/es\/como-se-pagan-los-beneficios-de-indemnizacion\/\">\u00bfC\u00f3mo se pagan los beneficios de indemnizaci\u00f3n?<\/a><\/li><li class=\"elementor-sitemap-item elementor-sitemap-item-post page_item page-item-134\"><a href=\"https:\/\/fischerprocell.com\/es\/mitos-sobre-la-compensacion-laboral\/\">Mitos sobre la compensaci\u00f3n de trabajadores<\/a><\/li><li class=\"elementor-sitemap-item elementor-sitemap-item-post page_item page-item-140\"><a href=\"https:\/\/fischerprocell.com\/es\/cual-es-la-mejoria-medica-maxima\/\">\u00bfQu\u00e9 es la mejora m\u00e9dica m\u00e1xima?<\/a><\/li><li class=\"elementor-sitemap-item elementor-sitemap-item-post page_item page-item-138\"><a href=\"https:\/\/fischerprocell.com\/es\/que-pasa-si-la-lesion-relacionada-con-el-trabajo-fue-mi-culpa\/\">\u00bfQu\u00e9 pasa si la lesi\u00f3n relacionada con el trabajo fue mi culpa?<\/a><\/li><li class=\"elementor-sitemap-item elementor-sitemap-item-post page_item page-item-136\"><a href=\"https:\/\/fischerprocell.com\/es\/quien-paga-realmente-mis-beneficios-bajo-la-compensacion-laboral\/\">\u00bfQui\u00e9n paga realmente por mis beneficios bajo la compensaci\u00f3n de trabajadores?<\/a><\/li><li class=\"elementor-sitemap-item elementor-sitemap-item-post page_item page-item-144\"><a href=\"https:\/\/fischerprocell.com\/es\/puedo-presentar-una-reclamacion-por-lesiones-personales-mientras-cobro-una-compensacion-laboral\/\">\u00bfPuedo presentar un reclamo por lesiones personales mientras cobro la compensaci\u00f3n para trabajadores?<\/a><\/li><li class=\"elementor-sitemap-item elementor-sitemap-item-post page_item page-item-142\"><a href=\"https:\/\/fischerprocell.com\/es\/de-donde-proviene-la-compensacion-laboral\/\">\u00bfDe d\u00f3nde vino la compensaci\u00f3n para trabajadores?<\/a><\/li><li class=\"elementor-sitemap-item elementor-sitemap-item-post page_item page-item-152\"><a href=\"https:\/\/fischerprocell.com\/es\/me-pueden-despedir-si-actualmente-recibo-una-compensacion-laboral\/\">\u00bfMe pueden despedir si actualmente recibo compensaci\u00f3n laboral?<\/a><\/li><li class=\"elementor-sitemap-item elementor-sitemap-item-post page_item page-item-150\"><a href=\"https:\/\/fischerprocell.com\/es\/a-que-beneficios-tengo-derecho-por-compensacion-laboral\/\">\u00bfA qu\u00e9 beneficios tengo derecho por compensaci\u00f3n laboral?<\/a><\/li><li class=\"elementor-sitemap-item elementor-sitemap-item-post page_item page-item-146\"><a href=\"https:\/\/fischerprocell.com\/es\/tengo-que-recibir-tratamiento-medico-del-medico-de-la-empresa-para-la-compensacion-laboral\/\">\u00bfTengo que recibir tratamiento m\u00e9dico del m\u00e9dico de la empresa (para compensaci\u00f3n laboral)?<\/a><\/li><li class=\"elementor-sitemap-item elementor-sitemap-item-post page_item page-item-156\"><a href=\"https:\/\/fischerprocell.com\/es\/un-hombre-de-deridder-murio-electrocutado-en-un-accidente-laboral\/\">Hombre de DeRidder electrocutado en accidente laboral<\/a><\/li><li class=\"elementor-sitemap-item elementor-sitemap-item-post page_item page-item-154\"><a href=\"https:\/\/fischerprocell.com\/es\/cuanto-tiempo-dura-la-compensacion-laboral\/\">\u00bfCu\u00e1nto tiempo dura la compensaci\u00f3n de trabajadores?<\/a><\/li><li class=\"elementor-sitemap-item elementor-sitemap-item-post page_item page-item-158\"><a href=\"https:\/\/fischerprocell.com\/es\/quien-esta-cubierto-por-la-ley-de-compensacion-laboral\/\">\u00bfQui\u00e9n est\u00e1 cubierto por la Ley de Compensaci\u00f3n para Trabajadores?<\/a><\/li><li class=\"elementor-sitemap-item elementor-sitemap-item-post page_item page-item-168\"><a href=\"https:\/\/fischerprocell.com\/es\/cosas-que-un-abogado-de-compensacion-laboral-puede-hacer-y-que-usted-no-puede-hacer-solo\/\">Cosas que un abogado de compensaci\u00f3n laboral puede hacer que usted no puede hacer solo<\/a><\/li><li class=\"elementor-sitemap-item elementor-sitemap-item-post page_item page-item-166\"><a href=\"https:\/\/fischerprocell.com\/es\/que-puede-hacer-si-su-hijo-sufre-una-lesion-personal\/\">Lo que puede hacer si su hijo sufre lesiones personales<\/a><\/li><li class=\"elementor-sitemap-item elementor-sitemap-item-post page_item page-item-163\"><a href=\"https:\/\/fischerprocell.com\/es\/se-le-nego-la-compensacion-a-los-trabajadores-y-ahora-que\/\">\u00bfSe le neg\u00f3 la compensaci\u00f3n para trabajadores? \u00bfAhora que?<\/a><\/li><li class=\"elementor-sitemap-item elementor-sitemap-item-post page_item page-item-161\"><a href=\"https:\/\/fischerprocell.com\/es\/que-es-la-compensacion-de-trabajadores\/\">\u00bfQu\u00e9 es la compensaci\u00f3n de trabajadores?<\/a><\/li><\/ul><\/div><\/div>\t\t\t\t<\/div>\n\t\t\t\t<\/div>\n\t\t\t\t\t<\/div>\n\t\t<\/div>\n\t\t\t\t\t<\/div>\n\t\t<\/section>\n\t\t\t\t<\/div>","protected":false},"excerpt":{"rendered":"<p>mapa del sitio<\/p>","protected":false},"author":2,"featured_media":0,"parent":0,"menu_order":0,"comment_status":"closed","ping_status":"closed","template":"","meta":{"footnotes":""},"class_list":["post-186","page","type-page","status-publish","hentry"],"yoast_head":"<!-- This site is optimized with the Yoast SEO plugin v25.6 - https:\/\/yoast.com\/wordpress\/plugins\/seo\/ -->\n<title>Sitemap - Fischer &amp; Procell Law Workers Comp Shreveport Lawyer<\/title>\n<meta name=\"robots\" content=\"index, follow, max-snippet:-1, max-image-preview:large, max-video-preview:-1\" \/>\n<link rel=\"canonical\" href=\"https:\/\/fischerprocell.com\/es\/mapa-del-sitio\/\" \/>\n<meta property=\"og:locale\" content=\"es_MX\" \/>\n<meta property=\"og:type\" content=\"article\" \/>\n<meta property=\"og:title\" content=\"Sitemap - Fischer &amp; Procell Law Workers Comp Shreveport Lawyer\" \/>\n<meta property=\"og:description\" content=\"Sitemap\" \/>\n<meta property=\"og:url\" content=\"https:\/\/fischerprocell.com\/es\/mapa-del-sitio\/\" \/>\n<meta property=\"og:site_name\" content=\"Fischer &amp; Procell Law Workers Comp Shreveport Lawyer\" \/>\n<meta property=\"article:modified_time\" content=\"2022-04-06T17:33:28+00:00\" \/>\n<meta property=\"og:image\" content=\"https:\/\/fischerprocell.com\/wp-content\/uploads\/2022\/03\/shreveport-personal-injury-lawyer-01.jpg\" \/>\n\t<meta property=\"og:image:width\" content=\"688\" \/>\n\t<meta property=\"og:image:height\" content=\"581\" \/>\n\t<meta property=\"og:image:type\" content=\"image\/jpeg\" \/>\n<meta name=\"twitter:card\" content=\"summary_large_image\" \/>\n<meta name=\"twitter:label1\" content=\"Tiempo de lectura\" \/>\n\t<meta name=\"twitter:data1\" content=\"1 minuto\" \/>\n<script type=\"application\/ld+json\" class=\"yoast-schema-graph\">{\"@context\":\"https:\/\/schema.org\",\"@graph\":[{\"@type\":\"WebPage\",\"@id\":\"https:\/\/fischerprocell.com\/sitemap\/\",\"url\":\"https:\/\/fischerprocell.com\/sitemap\/\",\"name\":\"Sitemap - Fischer &amp; Procell Law Workers Comp Shreveport Lawyer\",\"isPartOf\":{\"@id\":\"https:\/\/fischerprocell.com\/#website\"},\"datePublished\":\"2022-04-06T17:30:19+00:00\",\"dateModified\":\"2022-04-06T17:33:28+00:00\",\"breadcrumb\":{\"@id\":\"https:\/\/fischerprocell.com\/sitemap\/#breadcrumb\"},\"inLanguage\":\"es-MX\",\"potentialAction\":[{\"@type\":\"ReadAction\",\"target\":[\"https:\/\/fischerprocell.com\/sitemap\/\"]}]},{\"@type\":\"BreadcrumbList\",\"@id\":\"https:\/\/fischerprocell.com\/sitemap\/#breadcrumb\",\"itemListElement\":[{\"@type\":\"ListItem\",\"position\":1,\"name\":\"Home\",\"item\":\"https:\/\/fischerprocell.com\/\"},{\"@type\":\"ListItem\",\"position\":2,\"name\":\"Sitemap\"}]},{\"@type\":\"WebSite\",\"@id\":\"https:\/\/fischerprocell.com\/#website\",\"url\":\"https:\/\/fischerprocell.com\/\",\"name\":\"Fischer &amp; Procell Law Workers Comp Shreveport Lawyer\",\"description\":\"Shreveport Workers Compensation Lawyers\",\"publisher\":{\"@id\":\"https:\/\/fischerprocell.com\/#organization\"},\"potentialAction\":[{\"@type\":\"SearchAction\",\"target\":{\"@type\":\"EntryPoint\",\"urlTemplate\":\"https:\/\/fischerprocell.com\/?s={search_term_string}\"},\"query-input\":{\"@type\":\"PropertyValueSpecification\",\"valueRequired\":true,\"valueName\":\"search_term_string\"}}],\"inLanguage\":\"es-MX\"},{\"@type\":\"Organization\",\"@id\":\"https:\/\/fischerprocell.com\/#organization\",\"name\":\"Fischer Law\",\"url\":\"https:\/\/fischerprocell.com\/\",\"logo\":{\"@type\":\"ImageObject\",\"inLanguage\":\"es-MX\",\"@id\":\"https:\/\/fischerprocell.com\/#\/schema\/logo\/image\/\",\"url\":\"https:\/\/fischerprocell.com\/wp-content\/uploads\/2022\/04\/Fischer-Law-logo-color.gif\",\"contentUrl\":\"https:\/\/fischerprocell.com\/wp-content\/uploads\/2022\/04\/Fischer-Law-logo-color.gif\",\"width\":457,\"height\":229,\"caption\":\"Fischer Law\"},\"image\":{\"@id\":\"https:\/\/fischerprocell.com\/#\/schema\/logo\/image\/\"}}]}<\/script>\n<!-- \/ Yoast SEO plugin. -->","yoast_head_json":{"title":"Mapa del sitio - Fischer &amp; Procell Law Abogado de compensaci\u00f3n laboral en Shreveport","robots":{"index":"index","follow":"follow","max-snippet":"max-snippet:-1","max-image-preview":"max-image-preview:large","max-video-preview":"max-video-preview:-1"},"canonical":"https:\/\/fischerprocell.com\/es\/mapa-del-sitio\/","og_locale":"es_MX","og_type":"article","og_title":"Sitemap - Fischer &amp; Procell Law Workers Comp Shreveport Lawyer","og_description":"Sitemap","og_url":"https:\/\/fischerprocell.com\/es\/mapa-del-sitio\/","og_site_name":"Fischer &amp; Procell Law Workers Comp Shreveport Lawyer","article_modified_time":"2022-04-06T17:33:28+00:00","og_image":[{"width":688,"height":581,"url":"https:\/\/fischerprocell.com\/wp-content\/uploads\/2022\/03\/shreveport-personal-injury-lawyer-01.jpg","type":"image\/jpeg"}],"twitter_card":"summary_large_image","twitter_misc":{"Tiempo de lectura":"1 minuto"},"schema":{"@context":"https:\/\/schema.org","@graph":[{"@type":"WebPage","@id":"https:\/\/fischerprocell.com\/sitemap\/","url":"https:\/\/fischerprocell.com\/sitemap\/","name":"Mapa del sitio - Fischer &amp; Procell Law Abogado de compensaci\u00f3n laboral en Shreveport","isPartOf":{"@id":"https:\/\/fischerprocell.com\/#website"},"datePublished":"2022-04-06T17:30:19+00:00","dateModified":"2022-04-06T17:33:28+00:00","breadcrumb":{"@id":"https:\/\/fischerprocell.com\/sitemap\/#breadcrumb"},"inLanguage":"es-MX","potentialAction":[{"@type":"ReadAction","target":["https:\/\/fischerprocell.com\/sitemap\/"]}]},{"@type":"BreadcrumbList","@id":"https:\/\/fischerprocell.com\/sitemap\/#breadcrumb","itemListElement":[{"@type":"ListItem","position":1,"name":"Home","item":"https:\/\/fischerprocell.com\/"},{"@type":"ListItem","position":2,"name":"Sitemap"}]},{"@type":"WebSite","@id":"https:\/\/fischerprocell.com\/#website","url":"https:\/\/fischerprocell.com\/","name":"Fischer &amp; Procell Law Abogado de compensaci\u00f3n laboral en Shreveport","description":"Abogados de Compensaci\u00f3n de Trabajadores de Shreveport","publisher":{"@id":"https:\/\/fischerprocell.com\/#organization"},"potentialAction":[{"@type":"SearchAction","target":{"@type":"EntryPoint","urlTemplate":"https:\/\/fischerprocell.com\/?s={search_term_string}"},"query-input":{"@type":"PropertyValueSpecification","valueRequired":true,"valueName":"search_term_string"}}],"inLanguage":"es-MX"},{"@type":"Organization","@id":"https:\/\/fischerprocell.com\/#organization","name":"Ley de Fisher","url":"https:\/\/fischerprocell.com\/","logo":{"@type":"ImageObject","inLanguage":"es-MX","@id":"https:\/\/fischerprocell.com\/#\/schema\/logo\/image\/","url":"https:\/\/fischerprocell.com\/wp-content\/uploads\/2022\/04\/Fischer-Law-logo-color.gif","contentUrl":"https:\/\/fischerprocell.com\/wp-content\/uploads\/2022\/04\/Fischer-Law-logo-color.gif","width":457,"height":229,"caption":"Fischer Law"},"image":{"@id":"https:\/\/fischerprocell.com\/#\/schema\/logo\/image\/"}}]}},"_links":{"self":[{"href":"https:\/\/fischerprocell.com\/es\/wp-json\/wp\/v2\/pages\/186","targetHints":{"allow":["GET"]}}],"collection":[{"href":"https:\/\/fischerprocell.com\/es\/wp-json\/wp\/v2\/pages"}],"about":[{"href":"https:\/\/fischerprocell.com\/es\/wp-json\/wp\/v2\/types\/page"}],"author":[{"embeddable":true,"href":"https:\/\/fischerprocell.com\/es\/wp-json\/wp\/v2\/users\/2"}],"replies":[{"embeddable":true,"href":"https:\/\/fischerprocell.com\/es\/wp-json\/wp\/v2\/comments?post=186"}],"version-history":[{"count":0,"href":"https:\/\/fischerprocell.com\/es\/wp-json\/wp\/v2\/pages\/186\/revisions"}],"wp:attachment":[{"href":"https:\/\/fischerprocell.com\/es\/wp-json\/wp\/v2\/media?parent=186"}],"curies":[{"name":"gracias","href":"https:\/\/api.w.org\/{rel}","templated":true}]}}