{"id":18,"date":"2022-03-23T21:15:34","date_gmt":"2022-03-23T21:15:34","guid":{"rendered":"https:\/\/fischerprocell.com\/?page_id=18"},"modified":"2024-02-27T17:23:18","modified_gmt":"2024-02-27T17:23:18","slug":"lesion-personal","status":"publish","type":"page","link":"https:\/\/fischerprocell.com\/es\/lesion-personal\/","title":{"rendered":"Lesiones Personales"},"content":{"rendered":"<div data-elementor-type=\"wp-page\" data-elementor-id=\"18\" class=\"elementor elementor-18\" data-elementor-post-type=\"page\">\n\t\t\t\t\t\t<section class=\"elementor-section elementor-top-section elementor-element elementor-element-ace023e elementor-section-height-min-height elementor-section-items-bottom elementor-section-boxed elementor-section-height-default\" data-id=\"ace023e\" data-element_type=\"section\" data-settings=\"{&quot;background_background&quot;:&quot;classic&quot;}\">\n\t\t\t\t\t\t<div class=\"elementor-container elementor-column-gap-default\">\n\t\t\t\t\t<div class=\"elementor-column elementor-col-100 elementor-top-column elementor-element elementor-element-6de359e\" data-id=\"6de359e\" data-element_type=\"column\">\n\t\t\t<div class=\"elementor-widget-wrap elementor-element-populated\">\n\t\t\t\t\t\t<div class=\"elementor-element elementor-element-b39dc4e elementor-widget elementor-widget-heading\" data-id=\"b39dc4e\" data-element_type=\"widget\" data-widget_type=\"heading.default\">\n\t\t\t\t<div class=\"elementor-widget-container\">\n\t\t\t\t\t<h2 class=\"elementor-heading-title elementor-size-default\">Lesiones Personales<\/h2>\t\t\t\t<\/div>\n\t\t\t\t<\/div>\n\t\t\t\t<div class=\"elementor-element elementor-element-247a49f elementor-align-center elementor-hidden-mobile_extra elementor-hidden-mobile elementor-widget elementor-widget-breadcrumbs\" data-id=\"247a49f\" data-element_type=\"widget\" data-widget_type=\"breadcrumbs.default\">\n\t\t\t\t<div class=\"elementor-widget-container\">\n\t\t\t\t\t<p id=\"breadcrumbs\"><span><span><a href=\"https:\/\/fischerprocell.com\/es\/\">Hogar<\/a><\/span><\/span><\/p>\t\t\t\t<\/div>\n\t\t\t\t<\/div>\n\t\t\t\t\t<\/div>\n\t\t<\/div>\n\t\t\t\t\t<\/div>\n\t\t<\/section>\n\t\t\t\t<section class=\"elementor-section elementor-top-section elementor-element elementor-element-9f2144e elementor-section-height-min-height elementor-section-items-top elementor-reverse-tablet elementor-reverse-mobile_extra elementor-reverse-mobile elementor-section-boxed elementor-section-height-default\" data-id=\"9f2144e\" data-element_type=\"section\">\n\t\t\t\t\t\t<div class=\"elementor-container elementor-column-gap-default\">\n\t\t\t\t\t<div class=\"elementor-column elementor-col-50 elementor-top-column elementor-element elementor-element-6089ac6 sticky-parent\" data-id=\"6089ac6\" data-element_type=\"column\">\n\t\t\t<div class=\"elementor-widget-wrap elementor-element-populated\">\n\t\t\t\t\t\t<section class=\"elementor-section elementor-inner-section elementor-element elementor-element-3e3acb8 sticky-column no-padding elementor-section-boxed elementor-section-height-default elementor-section-height-default\" data-id=\"3e3acb8\" data-element_type=\"section\">\n\t\t\t\t\t\t<div class=\"elementor-container elementor-column-gap-default\">\n\t\t\t\t\t<div class=\"elementor-column elementor-col-100 elementor-inner-column elementor-element elementor-element-53aaf01\" data-id=\"53aaf01\" data-element_type=\"column\">\n\t\t\t<div class=\"elementor-widget-wrap elementor-element-populated\">\n\t\t\t\t\t\t<div class=\"elementor-element elementor-element-473c265 elementor-widget elementor-widget-heading\" data-id=\"473c265\" data-element_type=\"widget\" data-widget_type=\"heading.default\">\n\t\t\t\t<div class=\"elementor-widget-container\">\n\t\t\t\t\t<p class=\"elementor-heading-title elementor-size-default\">Areas de pr\u00e1ctica<\/p>\t\t\t\t<\/div>\n\t\t\t\t<\/div>\n\t\t\t\t\t<\/div>\n\t\t<\/div>\n\t\t\t\t\t<\/div>\n\t\t<\/section>\n\t\t\t\t\t<\/div>\n\t\t<\/div>\n\t\t\t\t<div class=\"elementor-column elementor-col-50 elementor-top-column elementor-element elementor-element-8cd5f7a\" data-id=\"8cd5f7a\" data-element_type=\"column\">\n\t\t\t<div class=\"elementor-widget-wrap elementor-element-populated\">\n\t\t\t\t\t\t<div class=\"elementor-element elementor-element-28e72f7 elementor-widget elementor-widget-text-editor\" data-id=\"28e72f7\" data-element_type=\"widget\" data-widget_type=\"text-editor.default\">\n\t\t\t\t<div class=\"elementor-widget-container\">\n\t\t\t\t\t\t\t\t\t<h1 class=\"no-top-margin\">Abogados de lesiones personales<\/h1><p>El art\u00edculo 2315 (A) del C\u00f3digo Civil de Luisiana establece: \u201cTodo acto del hombre que cause da\u00f1o a otro obliga a aquel por cuya culpa ocurri\u00f3 a repararlo\u201d. Esta ley establece el marco para los casos de lesiones personales en el estado de Luisiana. Si usted, o alguien que conoce, ha resultado lesionado como resultado de un accidente causado por la negligencia de otra persona, Fischer &amp; Procell puede proteger sus derechos y buscar la compensaci\u00f3n que se merece.<\/p>\t\t\t\t\t\t\t\t<\/div>\n\t\t\t\t<\/div>\n\t\t\t\t<div class=\"elementor-element elementor-element-d51870e elementor-widget elementor-widget-image\" data-id=\"d51870e\" data-element_type=\"widget\" data-widget_type=\"image.default\">\n\t\t\t\t<div class=\"elementor-widget-container\">\n\t\t\t\t\t\t\t\t\t\t\t\t\t\t\t<img fetchpriority=\"high\" decoding=\"async\" width=\"741\" height=\"350\" src=\"https:\/\/fischerprocell.com\/wp-content\/uploads\/2022\/03\/PracticeAreas-Personal-Injury.jpeg\" class=\"attachment-large size-large wp-image-96\" alt=\"abogados de lesiones personales\" \/>\t\t\t\t\t\t\t\t\t\t\t\t\t\t\t<\/div>\n\t\t\t\t<\/div>\n\t\t\t\t<div class=\"elementor-element elementor-element-17929dd elementor-widget elementor-widget-text-editor\" data-id=\"17929dd\" data-element_type=\"widget\" data-widget_type=\"text-editor.default\">\n\t\t\t\t<div class=\"elementor-widget-container\">\n\t\t\t\t\t\t\t\t\t<p>Nuestros abogados con experiencia en lesiones personales saben que valorar un reclamo por lesiones de accidentes automovil\u00edsticos es un procedimiento complicado que involucra los c\u00e1lculos de datos de ambas compa\u00f1\u00edas de seguros, junto con un caso detallado de evidencia adecuada para convencer al juez o al jurado, seg\u00fan la situaci\u00f3n. A veces, un fallo de caso similar del pasado puede indicar una evaluaci\u00f3n justa del valor a desembolsar al demandante si su evidencia prueba la negligencia de la otra parte al causar lesiones personales en un accidente automovil\u00edstico. Otras veces requerir\u00e1n una presentaci\u00f3n elaborada de los hechos para comprender claramente la situaci\u00f3n y obligar al jurado a desarrollar un consenso cuando se otorgan da\u00f1os especiales por negligencia grave.<\/p><h2>\u00bfCu\u00e1nto tiempo tengo para presentar una demanda por lesiones personales?<\/h2><p>Cada estado de los EE. UU. ha implementado un estatuto de limitaciones con respecto a la presentaci\u00f3n de una demanda por lesiones personales. Esto significa que una v\u00edctima lesionada solo tiene una cierta cantidad de tiempo para reunir todas sus pruebas y emprender acciones legales con la esperanza de recuperar una compensaci\u00f3n. En el estado de Louisiana, el estatuto de limitaciones solo le permite a una persona un a\u00f1o a partir de la fecha en que result\u00f3 lesionado para iniciar el proceso legal. En el caso de que una lesi\u00f3n no se descubriera de inmediato, no se permiten m\u00e1s de tres a\u00f1os para presentar un reclamo dentro del estatuto de limitaciones.<\/p><h3>\u00bfQui\u00e9n es elegible para un reclamo por lesiones personales?<\/h3><p>Las reclamaciones son aplicables a todos los da\u00f1os por lesiones personales, incluido cualquier caso de:<\/p><ul><li>Negligencia m\u00e9dica<\/li><li>Responsabilidad del producto<\/li><li>Muerte injusta<\/li><\/ul><h3>\u00bfQu\u00e9 sucede si soy parcialmente responsable de mis lesiones?<\/h3><p>En Luisiana, el sistema legal sigue la regla de \u201cnegligencia comparativa pura\u201d. Esto difiere de la negligencia comparativa modificada porque una v\u00edctima lesionada puede recuperar un cierto porcentaje de los da\u00f1os independientemente de si contribuy\u00f3 con alguna culpa en el accidente en s\u00ed. Esto significa que un jurado podr\u00eda asignar un porcentaje de culpa tanto al demandante como al demandado, y el monto de la compensaci\u00f3n se decidir\u00e1 de acuerdo con la suma de esos da\u00f1os a cada parte. Si una persona estaba cruzando ilegalmente la calle en el momento en que fue atropellada por un conductor ebrio, incluso si un jurado encuentra a la v\u00edctima 90% responsable de causar sus propias lesiones, todav\u00eda podr\u00e1 recuperar 10% del monto original de la compensaci\u00f3n.<\/p><h3>Las lesiones personales pueden ocurrir a trav\u00e9s de muchos tipos de accidentes:<\/h3><ul><li>Lesi\u00f3n cerebral traum\u00e1tica<\/li><li>Lesi\u00f3n de la m\u00e9dula espinal<\/li><li>Abrasiones, laceraciones y\/o quemaduras<\/li><li>Huesos rotos<\/li><li>Muerte injusta<\/li><\/ul><p>\u00a0<\/p><p>Hay muchas decisiones dif\u00edciles que tomar despu\u00e9s de ser v\u00edctima de una lesi\u00f3n personal, incluida la atenci\u00f3n m\u00e9dica inmediata, reparaciones de autom\u00f3viles, transporte de alquiler y salarios perdidos. Afortunadamente, nuestros abogados de lesiones tienen experiencia en el desarrollo de estas valoraciones complejas y argumentando casos civiles de manera efectiva para otorgar la compensaci\u00f3n m\u00e1xima.<\/p>\t\t\t\t\t\t\t\t<\/div>\n\t\t\t\t<\/div>\n\t\t\t\t<div class=\"elementor-element elementor-element-45f8a2e elementor-widget elementor-widget-text-editor\" data-id=\"45f8a2e\" data-element_type=\"widget\" data-widget_type=\"text-editor.default\">\n\t\t\t\t<div class=\"elementor-widget-container\">\n\t\t\t\t\t\t\t\t\t<h2 class=\"smaller-heading\">Contrate a un abogado con experiencia en lesiones personales<\/h2>\n<p>Hemos visto las lesiones y las secuelas que los accidentes con lesiones personales de todo tipo pueden tener en las familias. Las v\u00edctimas inocentes suelen sufrir lesiones graves y afrontar gastos m\u00e9dicos abrumadores. Fischer &amp; Procell ha ganado cientos de casos de lesiones personales para sus clientes en Shreveport\/Bossier City en sus 60 a\u00f1os combinados de experiencia ejerciendo la abogac\u00eda.<\/p>\n<p>Fischer &amp; Procell trabajar\u00e1 duro para usted y su familia para obtener tratamiento m\u00e9dico, reembolso de sus salarios perdidos, adem\u00e1s del dinero que merece por su dolor y sufrimiento. <a href=\"https:\/\/fischerprocell.com\/es\/contacto\/\">Llame a nuestros abogados con experiencia en lesiones personales<\/a>&nbsp;hoy para una consulta gratis.<\/p>\t\t\t\t\t\t\t\t<\/div>\n\t\t\t\t<\/div>\n\t\t\t\t\t<\/div>\n\t\t<\/div>\n\t\t\t\t\t<\/div>\n\t\t<\/section>\n\t\t\t\t<\/div>","protected":false},"excerpt":{"rendered":"<p>\u00c1reas de Pr\u00e1ctica de Lesiones Personales Abogados de Lesiones Personales El art\u00edculo 2315 (A) del C\u00f3digo Civil de Luisiana establece: \u201cTodo acto del hombre que cause da\u00f1o a otro obliga a aquel por cuya culpa sucedi\u00f3 a repararlo\u201d. Esta ley establece el marco para los casos de lesiones personales en el estado de Luisiana. Si t\u00fa, o alguien que conoces, [\u2026]<\/p>","protected":false},"author":2,"featured_media":0,"parent":0,"menu_order":0,"comment_status":"closed","ping_status":"closed","template":"","meta":{"footnotes":""},"class_list":["post-18","page","type-page","status-publish","hentry"],"yoast_head":"<!-- This site is optimized with the Yoast SEO plugin v25.6 - https:\/\/yoast.com\/wordpress\/plugins\/seo\/ -->\n<title>Shreveport Personal Injury Lawyers | Tim Fischer Law Workers Comp Shreveport Lawyers<\/title>\n<meta name=\"description\" content=\"Injured? Hire Shreveport Personal Injury Attorney Tim Fischer. Combined 60 Years Experience Handling Personal Injury Cases.\" \/>\n<meta name=\"robots\" content=\"index, follow, max-snippet:-1, max-image-preview:large, max-video-preview:-1\" \/>\n<link rel=\"canonical\" href=\"https:\/\/fischerprocell.com\/es\/lesion-personal\/\" \/>\n<meta property=\"og:locale\" content=\"es_MX\" \/>\n<meta property=\"og:type\" content=\"article\" \/>\n<meta property=\"og:title\" content=\"Shreveport Personal Injury Lawyers | Tim Fischer Law Workers Comp Shreveport Lawyers\" \/>\n<meta property=\"og:description\" content=\"Injured? Hire Shreveport Personal Injury Attorney Tim Fischer. Combined 60 Years Experience Handling Personal Injury Cases.\" \/>\n<meta property=\"og:url\" content=\"https:\/\/fischerprocell.com\/es\/lesion-personal\/\" \/>\n<meta property=\"og:site_name\" content=\"Fischer &amp; Procell Law Workers Comp Shreveport Lawyer\" \/>\n<meta property=\"article:modified_time\" content=\"2024-02-27T17:23:18+00:00\" \/>\n<meta property=\"og:image\" content=\"https:\/\/fischerprocell.com\/wp-content\/uploads\/2022\/03\/PracticeAreas-Personal-Injury.jpeg\" \/>\n<meta name=\"twitter:card\" content=\"summary_large_image\" \/>\n<meta name=\"twitter:label1\" content=\"Tiempo de lectura\" \/>\n\t<meta name=\"twitter:data1\" content=\"4 minutos\" \/>\n<script type=\"application\/ld+json\" class=\"yoast-schema-graph\">{\"@context\":\"https:\/\/schema.org\",\"@graph\":[{\"@type\":\"WebPage\",\"@id\":\"https:\/\/fischerprocell.com\/personal-injury\/\",\"url\":\"https:\/\/fischerprocell.com\/personal-injury\/\",\"name\":\"Shreveport Personal Injury Lawyers | Tim Fischer Law Workers Comp Shreveport Lawyers\",\"isPartOf\":{\"@id\":\"https:\/\/fischerprocell.com\/#website\"},\"primaryImageOfPage\":{\"@id\":\"https:\/\/fischerprocell.com\/personal-injury\/#primaryimage\"},\"image\":{\"@id\":\"https:\/\/fischerprocell.com\/personal-injury\/#primaryimage\"},\"thumbnailUrl\":\"https:\/\/fischerprocell.com\/wp-content\/uploads\/2022\/03\/PracticeAreas-Personal-Injury.jpeg\",\"datePublished\":\"2022-03-23T21:15:34+00:00\",\"dateModified\":\"2024-02-27T17:23:18+00:00\",\"description\":\"Injured? Hire Shreveport Personal Injury Attorney Tim Fischer. Combined 60 Years Experience Handling Personal Injury Cases.\",\"breadcrumb\":{\"@id\":\"https:\/\/fischerprocell.com\/personal-injury\/#breadcrumb\"},\"inLanguage\":\"es-MX\",\"potentialAction\":[{\"@type\":\"ReadAction\",\"target\":[\"https:\/\/fischerprocell.com\/personal-injury\/\"]}]},{\"@type\":\"ImageObject\",\"inLanguage\":\"es-MX\",\"@id\":\"https:\/\/fischerprocell.com\/personal-injury\/#primaryimage\",\"url\":\"https:\/\/fischerprocell.com\/wp-content\/uploads\/2022\/03\/PracticeAreas-Personal-Injury.jpeg\",\"contentUrl\":\"https:\/\/fischerprocell.com\/wp-content\/uploads\/2022\/03\/PracticeAreas-Personal-Injury.jpeg\"},{\"@type\":\"BreadcrumbList\",\"@id\":\"https:\/\/fischerprocell.com\/personal-injury\/#breadcrumb\",\"itemListElement\":[{\"@type\":\"ListItem\",\"position\":1,\"name\":\"Home\",\"item\":\"https:\/\/fischerprocell.com\/\"},{\"@type\":\"ListItem\",\"position\":2,\"name\":\"Personal Injury\"}]},{\"@type\":\"WebSite\",\"@id\":\"https:\/\/fischerprocell.com\/#website\",\"url\":\"https:\/\/fischerprocell.com\/\",\"name\":\"Fischer &amp; Procell Law Workers Comp Shreveport Lawyer\",\"description\":\"Shreveport Workers Compensation Lawyers\",\"publisher\":{\"@id\":\"https:\/\/fischerprocell.com\/#organization\"},\"potentialAction\":[{\"@type\":\"SearchAction\",\"target\":{\"@type\":\"EntryPoint\",\"urlTemplate\":\"https:\/\/fischerprocell.com\/?s={search_term_string}\"},\"query-input\":{\"@type\":\"PropertyValueSpecification\",\"valueRequired\":true,\"valueName\":\"search_term_string\"}}],\"inLanguage\":\"es-MX\"},{\"@type\":\"Organization\",\"@id\":\"https:\/\/fischerprocell.com\/#organization\",\"name\":\"Fischer Law\",\"url\":\"https:\/\/fischerprocell.com\/\",\"logo\":{\"@type\":\"ImageObject\",\"inLanguage\":\"es-MX\",\"@id\":\"https:\/\/fischerprocell.com\/#\/schema\/logo\/image\/\",\"url\":\"https:\/\/fischerprocell.com\/wp-content\/uploads\/2022\/04\/Fischer-Law-logo-color.gif\",\"contentUrl\":\"https:\/\/fischerprocell.com\/wp-content\/uploads\/2022\/04\/Fischer-Law-logo-color.gif\",\"width\":457,\"height\":229,\"caption\":\"Fischer Law\"},\"image\":{\"@id\":\"https:\/\/fischerprocell.com\/#\/schema\/logo\/image\/\"}}]}<\/script>\n<!-- \/ Yoast SEO plugin. -->","yoast_head_json":{"title":"Abogados de lesiones personales en Shreveport | Ley de Tim Fischer Compensaci\u00f3n al trabajador Shreveport Abogados","description":"\u00bfHerido? Contrate al abogado de lesiones personales de Shreveport, Tim Fischer. Experiencia combinada de 60 a\u00f1os en el manejo de casos de lesiones personales.","robots":{"index":"index","follow":"follow","max-snippet":"max-snippet:-1","max-image-preview":"max-image-preview:large","max-video-preview":"max-video-preview:-1"},"canonical":"https:\/\/fischerprocell.com\/es\/lesion-personal\/","og_locale":"es_MX","og_type":"article","og_title":"Shreveport Personal Injury Lawyers | Tim Fischer Law Workers Comp Shreveport Lawyers","og_description":"Injured? Hire Shreveport Personal Injury Attorney Tim Fischer. Combined 60 Years Experience Handling Personal Injury Cases.","og_url":"https:\/\/fischerprocell.com\/es\/lesion-personal\/","og_site_name":"Fischer &amp; Procell Law Workers Comp Shreveport Lawyer","article_modified_time":"2024-02-27T17:23:18+00:00","og_image":[{"url":"https:\/\/fischerprocell.com\/wp-content\/uploads\/2022\/03\/PracticeAreas-Personal-Injury.jpeg","type":"","width":"","height":""}],"twitter_card":"summary_large_image","twitter_misc":{"Tiempo de lectura":"4 minutos"},"schema":{"@context":"https:\/\/schema.org","@graph":[{"@type":"WebPage","@id":"https:\/\/fischerprocell.com\/personal-injury\/","url":"https:\/\/fischerprocell.com\/personal-injury\/","name":"Abogados de lesiones personales en Shreveport | Ley de Tim Fischer Compensaci\u00f3n al trabajador Shreveport Abogados","isPartOf":{"@id":"https:\/\/fischerprocell.com\/#website"},"primaryImageOfPage":{"@id":"https:\/\/fischerprocell.com\/personal-injury\/#primaryimage"},"image":{"@id":"https:\/\/fischerprocell.com\/personal-injury\/#primaryimage"},"thumbnailUrl":"https:\/\/fischerprocell.com\/wp-content\/uploads\/2022\/03\/PracticeAreas-Personal-Injury.jpeg","datePublished":"2022-03-23T21:15:34+00:00","dateModified":"2024-02-27T17:23:18+00:00","description":"\u00bfHerido? Contrate al abogado de lesiones personales de Shreveport, Tim Fischer. Experiencia combinada de 60 a\u00f1os en el manejo de casos de lesiones personales.","breadcrumb":{"@id":"https:\/\/fischerprocell.com\/personal-injury\/#breadcrumb"},"inLanguage":"es-MX","potentialAction":[{"@type":"ReadAction","target":["https:\/\/fischerprocell.com\/personal-injury\/"]}]},{"@type":"ImageObject","inLanguage":"es-MX","@id":"https:\/\/fischerprocell.com\/personal-injury\/#primaryimage","url":"https:\/\/fischerprocell.com\/wp-content\/uploads\/2022\/03\/PracticeAreas-Personal-Injury.jpeg","contentUrl":"https:\/\/fischerprocell.com\/wp-content\/uploads\/2022\/03\/PracticeAreas-Personal-Injury.jpeg"},{"@type":"BreadcrumbList","@id":"https:\/\/fischerprocell.com\/personal-injury\/#breadcrumb","itemListElement":[{"@type":"ListItem","position":1,"name":"Home","item":"https:\/\/fischerprocell.com\/"},{"@type":"ListItem","position":2,"name":"Personal Injury"}]},{"@type":"WebSite","@id":"https:\/\/fischerprocell.com\/#website","url":"https:\/\/fischerprocell.com\/","name":"Fischer &amp; Procell Law Abogado de compensaci\u00f3n laboral en Shreveport","description":"Abogados de Compensaci\u00f3n de Trabajadores de Shreveport","publisher":{"@id":"https:\/\/fischerprocell.com\/#organization"},"potentialAction":[{"@type":"SearchAction","target":{"@type":"EntryPoint","urlTemplate":"https:\/\/fischerprocell.com\/?s={search_term_string}"},"query-input":{"@type":"PropertyValueSpecification","valueRequired":true,"valueName":"search_term_string"}}],"inLanguage":"es-MX"},{"@type":"Organization","@id":"https:\/\/fischerprocell.com\/#organization","name":"Ley de Fisher","url":"https:\/\/fischerprocell.com\/","logo":{"@type":"ImageObject","inLanguage":"es-MX","@id":"https:\/\/fischerprocell.com\/#\/schema\/logo\/image\/","url":"https:\/\/fischerprocell.com\/wp-content\/uploads\/2022\/04\/Fischer-Law-logo-color.gif","contentUrl":"https:\/\/fischerprocell.com\/wp-content\/uploads\/2022\/04\/Fischer-Law-logo-color.gif","width":457,"height":229,"caption":"Fischer Law"},"image":{"@id":"https:\/\/fischerprocell.com\/#\/schema\/logo\/image\/"}}]}},"_links":{"self":[{"href":"https:\/\/fischerprocell.com\/es\/wp-json\/wp\/v2\/pages\/18","targetHints":{"allow":["GET"]}}],"collection":[{"href":"https:\/\/fischerprocell.com\/es\/wp-json\/wp\/v2\/pages"}],"about":[{"href":"https:\/\/fischerprocell.com\/es\/wp-json\/wp\/v2\/types\/page"}],"author":[{"embeddable":true,"href":"https:\/\/fischerprocell.com\/es\/wp-json\/wp\/v2\/users\/2"}],"replies":[{"embeddable":true,"href":"https:\/\/fischerprocell.com\/es\/wp-json\/wp\/v2\/comments?post=18"}],"version-history":[{"count":0,"href":"https:\/\/fischerprocell.com\/es\/wp-json\/wp\/v2\/pages\/18\/revisions"}],"wp:attachment":[{"href":"https:\/\/fischerprocell.com\/es\/wp-json\/wp\/v2\/media?parent=18"}],"curies":[{"name":"gracias","href":"https:\/\/api.w.org\/{rel}","templated":true}]}}