{"id":16,"date":"2022-03-23T21:14:40","date_gmt":"2022-03-23T21:14:40","guid":{"rendered":"https:\/\/fischerprocell.com\/?page_id=16"},"modified":"2024-02-27T17:26:23","modified_gmt":"2024-02-27T17:26:23","slug":"accidente-en-campo-petrolero","status":"publish","type":"page","link":"https:\/\/fischerprocell.com\/es\/accidente-en-campo-petrolero\/","title":{"rendered":"Accidente de campo petrolero"},"content":{"rendered":"<div data-elementor-type=\"wp-page\" data-elementor-id=\"16\" class=\"elementor elementor-16\" data-elementor-post-type=\"page\">\n\t\t\t\t\t\t<section class=\"elementor-section elementor-top-section elementor-element elementor-element-811ee3a elementor-section-height-min-height elementor-section-items-bottom elementor-section-boxed elementor-section-height-default\" data-id=\"811ee3a\" data-element_type=\"section\" data-settings=\"{&quot;background_background&quot;:&quot;classic&quot;}\">\n\t\t\t\t\t\t<div class=\"elementor-container elementor-column-gap-default\">\n\t\t\t\t\t<div class=\"elementor-column elementor-col-100 elementor-top-column elementor-element elementor-element-55d7f3e\" data-id=\"55d7f3e\" data-element_type=\"column\">\n\t\t\t<div class=\"elementor-widget-wrap elementor-element-populated\">\n\t\t\t\t\t\t<div class=\"elementor-element elementor-element-db21d01 elementor-widget elementor-widget-heading\" data-id=\"db21d01\" data-element_type=\"widget\" data-widget_type=\"heading.default\">\n\t\t\t\t<div class=\"elementor-widget-container\">\n\t\t\t\t\t<h2 class=\"elementor-heading-title elementor-size-default\">Accidente de campo petrolero<\/h2>\t\t\t\t<\/div>\n\t\t\t\t<\/div>\n\t\t\t\t<div class=\"elementor-element elementor-element-2e0b854 elementor-align-center elementor-hidden-mobile_extra elementor-hidden-mobile elementor-widget elementor-widget-breadcrumbs\" data-id=\"2e0b854\" data-element_type=\"widget\" data-widget_type=\"breadcrumbs.default\">\n\t\t\t\t<div class=\"elementor-widget-container\">\n\t\t\t\t\t<p id=\"breadcrumbs\"><span><span><a href=\"https:\/\/fischerprocell.com\/es\/\">Hogar<\/a><\/span><\/span><\/p>\t\t\t\t<\/div>\n\t\t\t\t<\/div>\n\t\t\t\t\t<\/div>\n\t\t<\/div>\n\t\t\t\t\t<\/div>\n\t\t<\/section>\n\t\t\t\t<section class=\"elementor-section elementor-top-section elementor-element elementor-element-603597e elementor-section-height-min-height elementor-section-items-top elementor-reverse-tablet elementor-reverse-mobile_extra elementor-reverse-mobile elementor-section-boxed elementor-section-height-default\" data-id=\"603597e\" data-element_type=\"section\">\n\t\t\t\t\t\t<div class=\"elementor-container elementor-column-gap-default\">\n\t\t\t\t\t<div class=\"elementor-column elementor-col-50 elementor-top-column elementor-element elementor-element-028ea1b sticky-parent\" data-id=\"028ea1b\" data-element_type=\"column\">\n\t\t\t<div class=\"elementor-widget-wrap elementor-element-populated\">\n\t\t\t\t\t\t<section class=\"elementor-section elementor-inner-section elementor-element elementor-element-974bd1e sticky-column no-padding elementor-section-boxed elementor-section-height-default elementor-section-height-default\" data-id=\"974bd1e\" data-element_type=\"section\">\n\t\t\t\t\t\t<div class=\"elementor-container elementor-column-gap-default\">\n\t\t\t\t\t<div class=\"elementor-column elementor-col-100 elementor-inner-column elementor-element elementor-element-ebb10ef\" data-id=\"ebb10ef\" data-element_type=\"column\">\n\t\t\t<div class=\"elementor-widget-wrap elementor-element-populated\">\n\t\t\t\t\t\t<div class=\"elementor-element elementor-element-6b9cf62 elementor-widget elementor-widget-heading\" data-id=\"6b9cf62\" data-element_type=\"widget\" data-widget_type=\"heading.default\">\n\t\t\t\t<div class=\"elementor-widget-container\">\n\t\t\t\t\t<p class=\"elementor-heading-title elementor-size-default\">Areas de pr\u00e1ctica<\/p>\t\t\t\t<\/div>\n\t\t\t\t<\/div>\n\t\t\t\t\t<\/div>\n\t\t<\/div>\n\t\t\t\t\t<\/div>\n\t\t<\/section>\n\t\t\t\t\t<\/div>\n\t\t<\/div>\n\t\t\t\t<div class=\"elementor-column elementor-col-50 elementor-top-column elementor-element elementor-element-ad9a520\" data-id=\"ad9a520\" data-element_type=\"column\">\n\t\t\t<div class=\"elementor-widget-wrap elementor-element-populated\">\n\t\t\t\t\t\t<div class=\"elementor-element elementor-element-965fdbf elementor-widget elementor-widget-text-editor\" data-id=\"965fdbf\" data-element_type=\"widget\" data-widget_type=\"text-editor.default\">\n\t\t\t\t<div class=\"elementor-widget-container\">\n\t\t\t\t\t\t\t\t\t<h1 class=\"no-top-margin\">Abogado de accidentes de campos petroleros<\/h1><p>A medida que los baby boomers se jubilan y aumenta la perforaci\u00f3n, las compa\u00f1\u00edas de petr\u00f3leo y gas contratan constantemente. Las empresas agregaron un 23 por ciento m\u00e1s de trabajadores entre 2009 y 2012. Pero la ola de contrataciones ha tenido un precio terrible. El a\u00f1o pasado, 138 trabajadores murieron en el trabajo, un aumento de m\u00e1s del 100 por ciento desde 2009. De hecho, la tasa de mortalidad entre los trabajadores del petr\u00f3leo y el gas ahora es casi ocho veces mayor que la tasa de toda la industria de 3,2 muertes por cada 100.000 trabajadores<\/p><p>El aumento en las muertes puede reflejar la inexperiencia de la fuerza laboral, as\u00ed como el agotamiento de los trabajadores y otros factores, dicen los expertos. A principios de este a\u00f1o, la Oficina de Estad\u00edsticas Laborales emiti\u00f3 un informe que dec\u00eda que las muertes por extracci\u00f3n de petr\u00f3leo y gas alcanzaron el nivel m\u00e1s alto en 2012 desde que el gobierno comenz\u00f3 a recopilar esos datos en 2003.<\/p><p>\u201cLa creaci\u00f3n de puestos de trabajo en petr\u00f3leo, gas y construcci\u00f3n se ha traducido en m\u00e1s muertes, y eso es inaceptable\u201d, dijo el secretario de Trabajo, Thomas P\u00e9rez.\u00a0<a href=\"https:\/\/oilprice.com\/Energy\/Energy-General\/More-Oil-and-Gas-More-Industry-Fatalities.html\" target=\"_blank\" rel=\"noopener noreferrer\">dijo en un comunicado<\/a>. \u201cNing\u00fan trabajador deber\u00eda perder la vida por un cheque de pago\u201d.<\/p>\t\t\t\t\t\t\t\t<\/div>\n\t\t\t\t<\/div>\n\t\t\t\t<div class=\"elementor-element elementor-element-8a77267 elementor-widget elementor-widget-image\" data-id=\"8a77267\" data-element_type=\"widget\" data-widget_type=\"image.default\">\n\t\t\t\t<div class=\"elementor-widget-container\">\n\t\t\t\t\t\t\t\t\t\t\t\t\t\t\t<img fetchpriority=\"high\" decoding=\"async\" width=\"800\" height=\"534\" src=\"https:\/\/fischerprocell.com\/wp-content\/uploads\/2022\/03\/oilfield-accident-attorney-shreveport.jpg\" class=\"attachment-large size-large wp-image-110\" alt=\"abogado de accidentes de campo petrolero shreveport\" srcset=\"https:\/\/fischerprocell.com\/wp-content\/uploads\/2022\/03\/oilfield-accident-attorney-shreveport.jpg 1000w, https:\/\/fischerprocell.com\/wp-content\/uploads\/2022\/03\/oilfield-accident-attorney-shreveport-800x534.jpg 800w, https:\/\/fischerprocell.com\/wp-content\/uploads\/2022\/03\/oilfield-accident-attorney-shreveport-768x512.jpg 768w\" sizes=\"(max-width: 800px) 100vw, 800px\" \/>\t\t\t\t\t\t\t\t\t\t\t\t\t\t\t<\/div>\n\t\t\t\t<\/div>\n\t\t\t\t<div class=\"elementor-element elementor-element-8501149 elementor-widget elementor-widget-text-editor\" data-id=\"8501149\" data-element_type=\"widget\" data-widget_type=\"text-editor.default\">\n\t\t\t\t<div class=\"elementor-widget-container\">\n\t\t\t\t\t\t\t\t\t<p>El aumento de la demanda de petr\u00f3leo crudo y gas natural ha creado condiciones peligrosas para los trabajadores de los campos petroleros, ya que la actividad de perforaci\u00f3n aumenta demasiado r\u00e1pido para satisfacer adecuadamente las demandas de seguridad. Los reclamos por lesiones personales de los trabajadores de campos petroleros han ido en aumento, con eventos de lesiones laborales fatales m\u00faltiples\u00a0<a href=\"https:\/\/www.bls.gov\/iif\/oshwc\/osh\/os\/osar0013.htm\">contabilizando 24 muertes de trabajadores en 10 incidentes diferentes<\/a>. M\u00e1s de la mitad de estas muertes fueron causadas por accidentes relacionados con el transporte, mientras que un tercio se debi\u00f3 a incendios o explosiones.<\/p><p>Los tres estados con la mayor cantidad de lesiones laborales fatales en la industria de extracci\u00f3n de petr\u00f3leo y gas en 2008 fueron Texas (con 41 lesiones laborales fatales), Oklahoma (con 21 lesiones laborales fatales) y Louisiana (con 13 lesiones laborales fatales). Durante el per\u00edodo de cinco a\u00f1os entre 2004 y 2008, las lesiones laborales fatales en la industria del petr\u00f3leo y el gas aumentaron en 91%, en Luisiana aumentaron en 30%.<\/p>\t\t\t\t\t\t\t\t<\/div>\n\t\t\t\t<\/div>\n\t\t\t\t<div class=\"elementor-element elementor-element-35a4853 elementor-widget elementor-widget-text-editor\" data-id=\"35a4853\" data-element_type=\"widget\" data-widget_type=\"text-editor.default\">\n\t\t\t\t<div class=\"elementor-widget-container\">\n\t\t\t\t\t\t\t\t\t<h2>Tipos de accidentes en campos petroleros y en alta mar<\/h2><ul><li><strong>Colisiones \u2013<\/strong>\u00a0Los accidentes de tr\u00e1nsito son la principal causa de muertes relacionadas con el trabajo entre los trabajadores del petr\u00f3leo y el gas, informa la Administraci\u00f3n de Salud y Seguridad Ocupacional (OSHA). Muchos de estos accidentes ocurren cuando las empresas transportan trabajadores y equipos a lugares remotos.<\/li><li><strong>Quedarse atascado o atrapado -<\/strong>\u00a0La perforaci\u00f3n en tierra y en alta mar requiere que los trabajadores trabajen en y alrededor de una amplia gama de equipos y maquinaria pesados, incluidas gr\u00faas, torres de perforaci\u00f3n, montacargas, equipos rotativos de boca de pozo, cabezas de gato, tuber\u00edas, cables y l\u00edneas de alta presi\u00f3n.<\/li><li><strong>Explosiones e incendios -<\/strong>\u00a0Los vapores y gases inflamables en las plataformas de perforaci\u00f3n en tierra y mar adentro pueden encenderse f\u00e1cilmente debido al calor de la fricci\u00f3n, las superficies calientes, las chispas de las herramientas de corte y soldadura, las llamas abiertas, la est\u00e1tica e incluso los cigarrillos encendidos. Adem\u00e1s, muchos incendios y explosiones ocurren cuando las l\u00edneas de alta presi\u00f3n tienen fugas o revientan.<\/li><li><strong>Ca\u00eddas -<\/strong>\u00a0Las plataformas petroleras, o torres de perforaci\u00f3n, en campos petroleros y en sitios en alta mar a menudo requieren que los trabajadores operen desde superficies elevadas. Las ca\u00eddas que resultan en lesiones graves y muertes a menudo ocurren debido a la falta de equipo de prevenci\u00f3n de ca\u00eddas. Adem\u00e1s, muchos trabajadores sufren lesiones por resbalones y ca\u00eddas en superficies resbaladizas.<\/li><li><strong>Riesgos en el lugar de trabajo -<\/strong>\u00a0Trabajar en un campo petrolero o a bordo de una plataforma de perforaci\u00f3n en alta mar puede implicar doblarse, torcerse, empujar, tirar, estirarse por encima de la cabeza y levantar objetos pesados. Los trabajadores pueden sufrir lesiones graves cuando se dedican a cualquiera de estas actividades.<\/li><\/ul><h3>\u00bfQu\u00e9 lesiones ocurren en un accidente en un campo petrolero?<\/h3><p>Nuestros abogados entienden la naturaleza transformadora de las lesiones que sufren muchos trabajadores del petr\u00f3leo y el gas debido a estos accidentes. Algunas de las lesiones m\u00e1s comunes en campos petroleros y en alta mar incluyen:<\/p><ul><li>Lesi\u00f3n cerebral traum\u00e1tica<\/li><li>Lesiones de cuello, espalda y columna<\/li><li>Huesos rotos<\/li><li>Lesiones por quemaduras<\/li><li>amputaciones<\/li><li>P\u00e9rdida de la audici\u00f3n y la visi\u00f3n<\/li><li>Cicatrizaci\u00f3n y desfiguraci\u00f3n<\/li><li>Trastorno de estr\u00e9s postraum\u00e1tico (TEPT).<\/li><\/ul><p>En realidad, las empresas de petr\u00f3leo y gas de Luisiana podr\u00edan tomar medidas b\u00e1sicas para prevenir muchos de estos accidentes. Sin embargo, a menudo ponen las ganancias por encima de la seguridad de los trabajadores. Permiten que ocurran accidentes debido a factores tales como:<\/p><ul><li>fatiga del trabajador<\/li><li>Falta de capacitaci\u00f3n y supervisi\u00f3n adecuadas.<\/li><li>Falta de equipo de seguridad adecuado.<\/li><li>Equipos en mal estado u obsoletos.<\/li><\/ul>\t\t\t\t\t\t\t\t<\/div>\n\t\t\t\t<\/div>\n\t\t\t\t<div class=\"elementor-element elementor-element-b9bde17 elementor-widget elementor-widget-text-editor\" data-id=\"b9bde17\" data-element_type=\"widget\" data-widget_type=\"text-editor.default\">\n\t\t\t\t<div class=\"elementor-widget-container\">\n\t\t\t\t\t\t\t\t\t<h2 class=\"no-top-margin\">Contrate a un abogado con experiencia en accidentes de campos petroleros<\/h2><p>Es muy dif\u00edcil recuperarse despu\u00e9s de una lesi\u00f3n relacionada con el trabajo, especialmente si usted o un ser querido es un trabajador petrolero o petrolero en alta mar. Las lesiones sufridas por accidentes que involucran maquinaria pesada pueden ser mucho m\u00e1s peligrosas para la vida que otros tipos de lesiones personales, por lo que, naturalmente, los costos de la atenci\u00f3n m\u00e9dica tambi\u00e9n ser\u00e1n mucho m\u00e1s altos.<\/p><p>Necesitar\u00e1 un abogado con experiencia en accidentes en campos petroleros cuando represente su reclamo por lesiones personales o compensaci\u00f3n laboral. Los abogados experimentados de Fischer &amp; Procell est\u00e1n dedicados a atender a nuestros clientes de Luisiana de manera oportuna y profesional. <a href=\"https:\/\/fischerprocell.com\/es\/contacto\/\">Llame a Fischer y Procell<\/a> hoy para una consulta legal gratuita.<\/p>\t\t\t\t\t\t\t\t<\/div>\n\t\t\t\t<\/div>\n\t\t\t\t\t<\/div>\n\t\t<\/div>\n\t\t\t\t\t<\/div>\n\t\t<\/section>\n\t\t\t\t<\/div>","protected":false},"excerpt":{"rendered":"<p>\u00c1reas de Pr\u00e1ctica de Accidentes en Campos Petroleros Abogado de Accidentes en Campos Petroleros A medida que los baby boomers se jubilan y aumenta la perforaci\u00f3n, las compa\u00f1\u00edas de petr\u00f3leo y gas contratan constantemente. Las empresas agregaron un 23 por ciento m\u00e1s de trabajadores entre 2009 y 2012. Pero la ola de contrataciones ha tenido un precio terrible. El a\u00f1o pasado, 138 trabajadores murieron en el trabajo, un aumento [\u2026]<\/p>","protected":false},"author":2,"featured_media":0,"parent":0,"menu_order":0,"comment_status":"closed","ping_status":"closed","template":"","meta":{"footnotes":""},"class_list":["post-16","page","type-page","status-publish","hentry"],"yoast_head":"<!-- This site is optimized with the Yoast SEO plugin v25.6 - https:\/\/yoast.com\/wordpress\/plugins\/seo\/ -->\n<title>Shreveport Oil Field Accident Lawyers | Tim Fischer Law Workers Comp Shreveport Lawyers<\/title>\n<meta name=\"description\" content=\"Oil Field Accident? Hire Shreveport Oil Field Accident Attorney Tim Fischer. Combined 60 Years Experience Handling Oil Field Accident Cases.\" \/>\n<meta name=\"robots\" content=\"index, follow, max-snippet:-1, max-image-preview:large, max-video-preview:-1\" \/>\n<link rel=\"canonical\" href=\"https:\/\/fischerprocell.com\/es\/accidente-en-campo-petrolero\/\" \/>\n<meta property=\"og:locale\" content=\"es_MX\" \/>\n<meta property=\"og:type\" content=\"article\" \/>\n<meta property=\"og:title\" content=\"Shreveport Oil Field Accident Lawyers | Tim Fischer Law Workers Comp Shreveport Lawyers\" \/>\n<meta property=\"og:description\" content=\"Oil Field Accident? Hire Shreveport Oil Field Accident Attorney Tim Fischer. Combined 60 Years Experience Handling Oil Field Accident Cases.\" \/>\n<meta property=\"og:url\" content=\"https:\/\/fischerprocell.com\/es\/accidente-en-campo-petrolero\/\" \/>\n<meta property=\"og:site_name\" content=\"Fischer &amp; Procell Law Workers Comp Shreveport Lawyer\" \/>\n<meta property=\"article:modified_time\" content=\"2024-02-27T17:26:23+00:00\" \/>\n<meta property=\"og:image\" content=\"https:\/\/fischerprocell.com\/wp-content\/uploads\/2022\/03\/oilfield-accident-attorney-shreveport.jpg\" \/>\n<meta name=\"twitter:card\" content=\"summary_large_image\" \/>\n<meta name=\"twitter:label1\" content=\"Tiempo de lectura\" \/>\n\t<meta name=\"twitter:data1\" content=\"4 minutos\" \/>\n<script type=\"application\/ld+json\" class=\"yoast-schema-graph\">{\"@context\":\"https:\/\/schema.org\",\"@graph\":[{\"@type\":\"WebPage\",\"@id\":\"https:\/\/fischerprocell.com\/oil-field-accident\/\",\"url\":\"https:\/\/fischerprocell.com\/oil-field-accident\/\",\"name\":\"Shreveport Oil Field Accident Lawyers | Tim Fischer Law Workers Comp Shreveport Lawyers\",\"isPartOf\":{\"@id\":\"https:\/\/fischerprocell.com\/#website\"},\"primaryImageOfPage\":{\"@id\":\"https:\/\/fischerprocell.com\/oil-field-accident\/#primaryimage\"},\"image\":{\"@id\":\"https:\/\/fischerprocell.com\/oil-field-accident\/#primaryimage\"},\"thumbnailUrl\":\"https:\/\/fischerprocell.com\/wp-content\/uploads\/2022\/03\/oilfield-accident-attorney-shreveport.jpg\",\"datePublished\":\"2022-03-23T21:14:40+00:00\",\"dateModified\":\"2024-02-27T17:26:23+00:00\",\"description\":\"Oil Field Accident? Hire Shreveport Oil Field Accident Attorney Tim Fischer. Combined 60 Years Experience Handling Oil Field Accident Cases.\",\"breadcrumb\":{\"@id\":\"https:\/\/fischerprocell.com\/oil-field-accident\/#breadcrumb\"},\"inLanguage\":\"es-MX\",\"potentialAction\":[{\"@type\":\"ReadAction\",\"target\":[\"https:\/\/fischerprocell.com\/oil-field-accident\/\"]}]},{\"@type\":\"ImageObject\",\"inLanguage\":\"es-MX\",\"@id\":\"https:\/\/fischerprocell.com\/oil-field-accident\/#primaryimage\",\"url\":\"https:\/\/fischerprocell.com\/wp-content\/uploads\/2022\/03\/oilfield-accident-attorney-shreveport.jpg\",\"contentUrl\":\"https:\/\/fischerprocell.com\/wp-content\/uploads\/2022\/03\/oilfield-accident-attorney-shreveport.jpg\"},{\"@type\":\"BreadcrumbList\",\"@id\":\"https:\/\/fischerprocell.com\/oil-field-accident\/#breadcrumb\",\"itemListElement\":[{\"@type\":\"ListItem\",\"position\":1,\"name\":\"Home\",\"item\":\"https:\/\/fischerprocell.com\/\"},{\"@type\":\"ListItem\",\"position\":2,\"name\":\"Oil Field Accident\"}]},{\"@type\":\"WebSite\",\"@id\":\"https:\/\/fischerprocell.com\/#website\",\"url\":\"https:\/\/fischerprocell.com\/\",\"name\":\"Fischer &amp; Procell Law Workers Comp Shreveport Lawyer\",\"description\":\"Shreveport Workers Compensation Lawyers\",\"publisher\":{\"@id\":\"https:\/\/fischerprocell.com\/#organization\"},\"potentialAction\":[{\"@type\":\"SearchAction\",\"target\":{\"@type\":\"EntryPoint\",\"urlTemplate\":\"https:\/\/fischerprocell.com\/?s={search_term_string}\"},\"query-input\":{\"@type\":\"PropertyValueSpecification\",\"valueRequired\":true,\"valueName\":\"search_term_string\"}}],\"inLanguage\":\"es-MX\"},{\"@type\":\"Organization\",\"@id\":\"https:\/\/fischerprocell.com\/#organization\",\"name\":\"Fischer Law\",\"url\":\"https:\/\/fischerprocell.com\/\",\"logo\":{\"@type\":\"ImageObject\",\"inLanguage\":\"es-MX\",\"@id\":\"https:\/\/fischerprocell.com\/#\/schema\/logo\/image\/\",\"url\":\"https:\/\/fischerprocell.com\/wp-content\/uploads\/2022\/04\/Fischer-Law-logo-color.gif\",\"contentUrl\":\"https:\/\/fischerprocell.com\/wp-content\/uploads\/2022\/04\/Fischer-Law-logo-color.gif\",\"width\":457,\"height\":229,\"caption\":\"Fischer Law\"},\"image\":{\"@id\":\"https:\/\/fischerprocell.com\/#\/schema\/logo\/image\/\"}}]}<\/script>\n<!-- \/ Yoast SEO plugin. -->","yoast_head_json":{"title":"Abogados de Accidentes en Campos Petrol\u00edferos de Shreveport | Ley de Tim Fischer Compensaci\u00f3n al trabajador Shreveport Abogados","description":"\u00bfAccidente del campo petrolero? Contrate al abogado de accidentes del campo petrol\u00edfero de Shreveport, Tim Fischer. Experiencia combinada de 60 a\u00f1os en el manejo de casos de accidentes en campos petroleros.","robots":{"index":"index","follow":"follow","max-snippet":"max-snippet:-1","max-image-preview":"max-image-preview:large","max-video-preview":"max-video-preview:-1"},"canonical":"https:\/\/fischerprocell.com\/es\/accidente-en-campo-petrolero\/","og_locale":"es_MX","og_type":"article","og_title":"Shreveport Oil Field Accident Lawyers | Tim Fischer Law Workers Comp Shreveport Lawyers","og_description":"Oil Field Accident? Hire Shreveport Oil Field Accident Attorney Tim Fischer. Combined 60 Years Experience Handling Oil Field Accident Cases.","og_url":"https:\/\/fischerprocell.com\/es\/accidente-en-campo-petrolero\/","og_site_name":"Fischer &amp; Procell Law Workers Comp Shreveport Lawyer","article_modified_time":"2024-02-27T17:26:23+00:00","og_image":[{"url":"https:\/\/fischerprocell.com\/wp-content\/uploads\/2022\/03\/oilfield-accident-attorney-shreveport.jpg","type":"","width":"","height":""}],"twitter_card":"summary_large_image","twitter_misc":{"Tiempo de lectura":"4 minutos"},"schema":{"@context":"https:\/\/schema.org","@graph":[{"@type":"WebPage","@id":"https:\/\/fischerprocell.com\/oil-field-accident\/","url":"https:\/\/fischerprocell.com\/oil-field-accident\/","name":"Abogados de Accidentes en Campos Petrol\u00edferos de Shreveport | Ley de Tim Fischer Compensaci\u00f3n al trabajador Shreveport Abogados","isPartOf":{"@id":"https:\/\/fischerprocell.com\/#website"},"primaryImageOfPage":{"@id":"https:\/\/fischerprocell.com\/oil-field-accident\/#primaryimage"},"image":{"@id":"https:\/\/fischerprocell.com\/oil-field-accident\/#primaryimage"},"thumbnailUrl":"https:\/\/fischerprocell.com\/wp-content\/uploads\/2022\/03\/oilfield-accident-attorney-shreveport.jpg","datePublished":"2022-03-23T21:14:40+00:00","dateModified":"2024-02-27T17:26:23+00:00","description":"\u00bfAccidente del campo petrolero? Contrate al abogado de accidentes del campo petrol\u00edfero de Shreveport, Tim Fischer. Experiencia combinada de 60 a\u00f1os en el manejo de casos de accidentes en campos petroleros.","breadcrumb":{"@id":"https:\/\/fischerprocell.com\/oil-field-accident\/#breadcrumb"},"inLanguage":"es-MX","potentialAction":[{"@type":"ReadAction","target":["https:\/\/fischerprocell.com\/oil-field-accident\/"]}]},{"@type":"ImageObject","inLanguage":"es-MX","@id":"https:\/\/fischerprocell.com\/oil-field-accident\/#primaryimage","url":"https:\/\/fischerprocell.com\/wp-content\/uploads\/2022\/03\/oilfield-accident-attorney-shreveport.jpg","contentUrl":"https:\/\/fischerprocell.com\/wp-content\/uploads\/2022\/03\/oilfield-accident-attorney-shreveport.jpg"},{"@type":"BreadcrumbList","@id":"https:\/\/fischerprocell.com\/oil-field-accident\/#breadcrumb","itemListElement":[{"@type":"ListItem","position":1,"name":"Home","item":"https:\/\/fischerprocell.com\/"},{"@type":"ListItem","position":2,"name":"Oil Field Accident"}]},{"@type":"WebSite","@id":"https:\/\/fischerprocell.com\/#website","url":"https:\/\/fischerprocell.com\/","name":"Fischer &amp; Procell Law Abogado de compensaci\u00f3n laboral en Shreveport","description":"Abogados de Compensaci\u00f3n de Trabajadores de Shreveport","publisher":{"@id":"https:\/\/fischerprocell.com\/#organization"},"potentialAction":[{"@type":"SearchAction","target":{"@type":"EntryPoint","urlTemplate":"https:\/\/fischerprocell.com\/?s={search_term_string}"},"query-input":{"@type":"PropertyValueSpecification","valueRequired":true,"valueName":"search_term_string"}}],"inLanguage":"es-MX"},{"@type":"Organization","@id":"https:\/\/fischerprocell.com\/#organization","name":"Ley de Fisher","url":"https:\/\/fischerprocell.com\/","logo":{"@type":"ImageObject","inLanguage":"es-MX","@id":"https:\/\/fischerprocell.com\/#\/schema\/logo\/image\/","url":"https:\/\/fischerprocell.com\/wp-content\/uploads\/2022\/04\/Fischer-Law-logo-color.gif","contentUrl":"https:\/\/fischerprocell.com\/wp-content\/uploads\/2022\/04\/Fischer-Law-logo-color.gif","width":457,"height":229,"caption":"Fischer Law"},"image":{"@id":"https:\/\/fischerprocell.com\/#\/schema\/logo\/image\/"}}]}},"_links":{"self":[{"href":"https:\/\/fischerprocell.com\/es\/wp-json\/wp\/v2\/pages\/16","targetHints":{"allow":["GET"]}}],"collection":[{"href":"https:\/\/fischerprocell.com\/es\/wp-json\/wp\/v2\/pages"}],"about":[{"href":"https:\/\/fischerprocell.com\/es\/wp-json\/wp\/v2\/types\/page"}],"author":[{"embeddable":true,"href":"https:\/\/fischerprocell.com\/es\/wp-json\/wp\/v2\/users\/2"}],"replies":[{"embeddable":true,"href":"https:\/\/fischerprocell.com\/es\/wp-json\/wp\/v2\/comments?post=16"}],"version-history":[{"count":0,"href":"https:\/\/fischerprocell.com\/es\/wp-json\/wp\/v2\/pages\/16\/revisions"}],"wp:attachment":[{"href":"https:\/\/fischerprocell.com\/es\/wp-json\/wp\/v2\/media?parent=16"}],"curies":[{"name":"gracias","href":"https:\/\/api.w.org\/{rel}","templated":true}]}}