{"id":15,"date":"2022-03-23T21:10:26","date_gmt":"2022-03-23T21:10:26","guid":{"rendered":"https:\/\/fischerprocell.com\/?page_id=15"},"modified":"2022-04-06T15:26:32","modified_gmt":"2022-04-06T15:26:32","slug":"gabriela-lemus","status":"publish","type":"page","link":"https:\/\/fischerprocell.com\/es\/gabriela-lemus\/","title":{"rendered":"gabriela lemus"},"content":{"rendered":"<div data-elementor-type=\"wp-page\" data-elementor-id=\"15\" class=\"elementor elementor-15\" data-elementor-post-type=\"page\">\n\t\t\t\t\t\t<section class=\"elementor-section elementor-top-section elementor-element elementor-element-7ea920b elementor-section-height-min-height elementor-section-items-bottom elementor-section-boxed elementor-section-height-default\" data-id=\"7ea920b\" data-element_type=\"section\" data-settings=\"{&quot;background_background&quot;:&quot;classic&quot;}\">\n\t\t\t\t\t\t<div class=\"elementor-container elementor-column-gap-default\">\n\t\t\t\t\t<div class=\"elementor-column elementor-col-100 elementor-top-column elementor-element elementor-element-d1dbaa6\" data-id=\"d1dbaa6\" data-element_type=\"column\">\n\t\t\t<div class=\"elementor-widget-wrap elementor-element-populated\">\n\t\t\t\t\t\t<div class=\"elementor-element elementor-element-f457d2b elementor-widget elementor-widget-heading\" data-id=\"f457d2b\" data-element_type=\"widget\" data-widget_type=\"heading.default\">\n\t\t\t\t<div class=\"elementor-widget-container\">\n\t\t\t\t\t<h2 class=\"elementor-heading-title elementor-size-default\">gabriela lemus<\/h2>\t\t\t\t<\/div>\n\t\t\t\t<\/div>\n\t\t\t\t<div class=\"elementor-element elementor-element-762190a elementor-align-center elementor-hidden-mobile_extra elementor-hidden-mobile elementor-widget elementor-widget-breadcrumbs\" data-id=\"762190a\" data-element_type=\"widget\" data-widget_type=\"breadcrumbs.default\">\n\t\t\t\t<div class=\"elementor-widget-container\">\n\t\t\t\t\t<p id=\"breadcrumbs\"><span><span><a href=\"https:\/\/fischerprocell.com\/es\/\">Hogar<\/a><\/span><\/span><\/p>\t\t\t\t<\/div>\n\t\t\t\t<\/div>\n\t\t\t\t\t<\/div>\n\t\t<\/div>\n\t\t\t\t\t<\/div>\n\t\t<\/section>\n\t\t\t\t<section class=\"elementor-section elementor-top-section elementor-element elementor-element-868b874 elementor-section-boxed elementor-section-height-default elementor-section-height-default\" data-id=\"868b874\" data-element_type=\"section\">\n\t\t\t\t\t\t<div class=\"elementor-container elementor-column-gap-default\">\n\t\t\t\t\t<div class=\"elementor-column elementor-col-100 elementor-top-column elementor-element elementor-element-4de5ff3\" data-id=\"4de5ff3\" data-element_type=\"column\">\n\t\t\t<div class=\"elementor-widget-wrap elementor-element-populated\">\n\t\t\t\t\t\t<div class=\"elementor-element elementor-element-52edc13 elementor-widget elementor-widget-heading\" data-id=\"52edc13\" data-element_type=\"widget\" data-widget_type=\"heading.default\">\n\t\t\t\t<div class=\"elementor-widget-container\">\n\t\t\t\t\t<h1 class=\"elementor-heading-title elementor-size-xl\">YO HABLO ESPA\u00d1OL<\/h1>\t\t\t\t<\/div>\n\t\t\t\t<\/div>\n\t\t\t\t<div class=\"elementor-element elementor-element-42642ab elementor-widget-divider--view-line elementor-widget elementor-widget-divider\" data-id=\"42642ab\" data-element_type=\"widget\" data-widget_type=\"divider.default\">\n\t\t\t\t<div class=\"elementor-widget-container\">\n\t\t\t\t\t\t\t<div class=\"elementor-divider\">\n\t\t\t<span class=\"elementor-divider-separator\">\n\t\t\t\t\t\t<\/span>\n\t\t<\/div>\n\t\t\t\t\t\t<\/div>\n\t\t\t\t<\/div>\n\t\t\t\t<div class=\"elementor-element elementor-element-00d1162 elementor-widget__width-auto e-transform elementor-widget elementor-widget-image\" data-id=\"00d1162\" data-element_type=\"widget\" data-settings=\"{&quot;_transform_flipX_effect&quot;:&quot;transform&quot;}\" data-widget_type=\"image.default\">\n\t\t\t\t<div class=\"elementor-widget-container\">\n\t\t\t\t\t\t\t\t\t\t\t\t\t\t\t<img fetchpriority=\"high\" decoding=\"async\" width=\"400\" height=\"400\" src=\"https:\/\/fischerprocell.com\/wp-content\/uploads\/2022\/03\/GabrielaLemus.jpg\" class=\"attachment-large size-large wp-image-119\" alt=\"\" \/>\t\t\t\t\t\t\t\t\t\t\t\t\t\t\t<\/div>\n\t\t\t\t<\/div>\n\t\t\t\t<div class=\"elementor-element elementor-element-b78461e elementor-widget__width-initial elementor-widget elementor-widget-text-editor\" data-id=\"b78461e\" data-element_type=\"widget\" data-widget_type=\"text-editor.default\">\n\t\t\t\t<div class=\"elementor-widget-container\">\n\t\t\t\t\t\t\t\t\t<p>Mi nombre es Gabriela Lemus, soy un asistente legal biling\u00fce y traductora en Ley de Fisher. Nac\u00ed en la ciudad de Guatemala, Guatemala. Me mud\u00e9 a los Estados Unidos a la edad de 12. Mi madre es un profesor de espa\u00f1ol y ella recibe un trabajo de ense\u00f1ar espa\u00f1ol en Luisiana, y por eso nos mudamos aqu\u00ed. Huelga decir que feliz estoy de ahora llamar a este pa\u00eds mi casa. Antes de trasladarse a los Estados Unidos, no hablar Ingl\u00e9s, pero ten\u00eda que aprender con bastante rapidez. La inmersi\u00f3n ling\u00fc\u00edstica es la forma m\u00e1s r\u00e1pida de aprender un idioma extranjero. Asist\u00ed Norte DeSoto High School y la Universidad del Estado de Louisiana \u2013 Shreveport. Han pasado ocho a\u00f1os desde que comenz\u00f3 a trabajar en el \u00e1mbito jur\u00eddico y tuvo el privilegio de traducir en numerosas cortes en el Shreveport-Bossier.<\/p><p>Mi trabajo en Ley de Fisher es ayudar a nuestros clientes de habla hispana con sus necesidades. Mi funci\u00f3n principal es ayudar en la comunicaci\u00f3n con los abogados y les informar\u00e1 de las actualizaciones del estado del caso. Mientras que muchos de nuestros clientes entienden y hablan Ingl\u00e9s, cuando se refiere a un asunto importante, como un caso legal, muchos se sienten m\u00e1s c\u00f3modos comunicaci\u00f3n en su lengua materna. Mi objetivo principal es asegurar que puedan expresar las inquietudes o preguntas que puedan tener. Adem\u00e1s, me ayudan a nuestros clientes hispanos con cualquier cita que necesitan para programar, las recetas que necesitan para ser llenado, y la correspondencia que necesitan ser convertidos. Tambi\u00e9n les acompa\u00f1e a las citas m\u00e9dicas para traducir para ellos y el m\u00e9dico. Hay muy pocos m\u00e9dicos en el \u00e1rea de Shreveport-Bossier que hablan espa\u00f1ol.<\/p><p>En Ley de Fisher nos esforzamos por ayudar a la comunidad hispana en nuestra zona.<\/p>\t\t\t\t\t\t\t\t<\/div>\n\t\t\t\t<\/div>\n\t\t\t\t\t<\/div>\n\t\t<\/div>\n\t\t\t\t\t<\/div>\n\t\t<\/section>\n\t\t\t\t<section class=\"elementor-section elementor-top-section elementor-element elementor-element-9fc24ef elementor-section-content-bottom no-padding elementor-reverse-mobile_extra elementor-reverse-mobile elementor-section-boxed elementor-section-height-default elementor-section-height-default\" data-id=\"9fc24ef\" data-element_type=\"section\" data-settings=\"{&quot;background_background&quot;:&quot;classic&quot;}\">\n\t\t\t\t\t\t<div class=\"elementor-container elementor-column-gap-no\">\n\t\t\t\t\t<div class=\"elementor-column elementor-col-50 elementor-top-column elementor-element elementor-element-20e211b\" data-id=\"20e211b\" data-element_type=\"column\">\n\t\t\t<div class=\"elementor-widget-wrap elementor-element-populated\">\n\t\t\t\t\t\t<div class=\"elementor-element elementor-element-64154fb elementor-widget__width-auto elementor-widget elementor-widget-image\" data-id=\"64154fb\" data-element_type=\"widget\" data-widget_type=\"image.default\">\n\t\t\t\t<div class=\"elementor-widget-container\">\n\t\t\t\t\t\t\t\t\t\t\t\t\t\t\t<img decoding=\"async\" width=\"800\" height=\"712\" src=\"https:\/\/fischerprocell.com\/wp-content\/uploads\/2022\/03\/fischer-CTA-left.jpg\" class=\"attachment-large size-large wp-image-70\" alt=\"\" srcset=\"https:\/\/fischerprocell.com\/wp-content\/uploads\/2022\/03\/fischer-CTA-left.jpg 824w, https:\/\/fischerprocell.com\/wp-content\/uploads\/2022\/03\/fischer-CTA-left-800x712.jpg 800w, https:\/\/fischerprocell.com\/wp-content\/uploads\/2022\/03\/fischer-CTA-left-768x683.jpg 768w\" sizes=\"(max-width: 800px) 100vw, 800px\" \/>\t\t\t\t\t\t\t\t\t\t\t\t\t\t\t<\/div>\n\t\t\t\t<\/div>\n\t\t\t\t\t<\/div>\n\t\t<\/div>\n\t\t\t\t<div class=\"elementor-column elementor-col-50 elementor-top-column elementor-element elementor-element-ea17c75\" data-id=\"ea17c75\" data-element_type=\"column\">\n\t\t\t<div class=\"elementor-widget-wrap elementor-element-populated\">\n\t\t\t\t\t\t<div class=\"elementor-element elementor-element-322db77 elementor-widget elementor-widget-text-editor\" data-id=\"322db77\" data-element_type=\"widget\" data-widget_type=\"text-editor.default\">\n\t\t\t\t<div class=\"elementor-widget-container\">\n\t\t\t\t\t\t\t\t\t<h2 class=\"no-top-margin\"><span style=\"color: #ffffff;\">Contacta con nosotras hoy<\/span><\/h2><p>Si se lesion\u00f3 en el trabajo, deje que nuestros abogados de compensaci\u00f3n laboral y lesiones personales lo ayuden. P\u00f3ngase en contacto con nosotros hoy para una consulta gratuita.<\/p>\t\t\t\t\t\t\t\t<\/div>\n\t\t\t\t<\/div>\n\t\t\t\t<div class=\"elementor-element elementor-element-f849a44 elementor-widget__width-auto elementor-widget elementor-widget-button\" data-id=\"f849a44\" data-element_type=\"widget\" data-widget_type=\"button.default\">\n\t\t\t\t<div class=\"elementor-widget-container\">\n\t\t\t\t\t\t\t\t\t<div class=\"elementor-button-wrapper\">\n\t\t\t\t\t<a class=\"elementor-button elementor-button-link elementor-size-sm\" href=\"https:\/\/fischerprocell.com\/es\/contacto\/\">\n\t\t\t\t\t\t<span class=\"elementor-button-content-wrapper\">\n\t\t\t\t\t\t\t\t\t<span class=\"elementor-button-text\">Contacta con nosotras<\/span>\n\t\t\t\t\t<\/span>\n\t\t\t\t\t<\/a>\n\t\t\t\t<\/div>\n\t\t\t\t\t\t\t\t<\/div>\n\t\t\t\t<\/div>\n\t\t\t\t\t<\/div>\n\t\t<\/div>\n\t\t\t\t\t<\/div>\n\t\t<\/section>\n\t\t\t\t<\/div>","protected":false},"excerpt":{"rendered":"<p>Gabriela Lemus YO HABLO ESPA\u00d1OL Mi nombre es Gabriela Lemus, soy un asistente legal biling\u00fce y traductora en Ley de Fisher. Nac\u00ed en la ciudad de Guatemala, Guatemala. Me mud\u00e9 a los Estados Unidos a la edad de 12. Mi madre es un profesor de espa\u00f1ol y ella recibe un trabajo de ense\u00f1ar espa\u00f1ol en [\u2026]<\/p>","protected":false},"author":2,"featured_media":0,"parent":0,"menu_order":0,"comment_status":"closed","ping_status":"closed","template":"","meta":{"footnotes":""},"class_list":["post-15","page","type-page","status-publish","hentry"],"yoast_head":"<!-- This site is optimized with the Yoast SEO plugin v25.6 - https:\/\/yoast.com\/wordpress\/plugins\/seo\/ -->\n<title>Equipo de Fischer Gabriela Lemus | Tim Fischer Law Workers Comp Shreveport Lawyers<\/title>\n<meta name=\"description\" content=\"Mi trabajo en Fischer y Manno es ayudar a nuestros clientes hispanohablantes con sus necesidades. Mi papel principal es ayudar en la comunicaci\u00f3n con los abogados y les informar\u00e1 de las actualizaciones del caso del estado.\" \/>\n<meta name=\"robots\" content=\"index, follow, max-snippet:-1, max-image-preview:large, max-video-preview:-1\" \/>\n<link rel=\"canonical\" href=\"https:\/\/fischerprocell.com\/es\/gabriela-lemus\/\" \/>\n<meta property=\"og:locale\" content=\"es_MX\" \/>\n<meta property=\"og:type\" content=\"article\" \/>\n<meta property=\"og:title\" content=\"Equipo de Fischer Gabriela Lemus | Tim Fischer Law Workers Comp Shreveport Lawyers\" \/>\n<meta property=\"og:description\" content=\"Mi trabajo en Fischer y Manno es ayudar a nuestros clientes hispanohablantes con sus necesidades. Mi papel principal es ayudar en la comunicaci\u00f3n con los abogados y les informar\u00e1 de las actualizaciones del caso del estado.\" \/>\n<meta property=\"og:url\" content=\"https:\/\/fischerprocell.com\/es\/gabriela-lemus\/\" \/>\n<meta property=\"og:site_name\" content=\"Fischer &amp; Procell Law Workers Comp Shreveport Lawyer\" \/>\n<meta property=\"article:modified_time\" content=\"2022-04-06T15:26:32+00:00\" \/>\n<meta property=\"og:image\" content=\"https:\/\/fischerprocell.com\/wp-content\/uploads\/2022\/03\/GabrielaLemus.jpg\" \/>\n<meta name=\"twitter:card\" content=\"summary_large_image\" \/>\n<meta name=\"twitter:label1\" content=\"Tiempo de lectura\" \/>\n\t<meta name=\"twitter:data1\" content=\"2 minutos\" \/>\n<script type=\"application\/ld+json\" class=\"yoast-schema-graph\">{\"@context\":\"https:\/\/schema.org\",\"@graph\":[{\"@type\":\"WebPage\",\"@id\":\"https:\/\/fischerprocell.com\/gabriela-lemus\/\",\"url\":\"https:\/\/fischerprocell.com\/gabriela-lemus\/\",\"name\":\"Equipo de Fischer Gabriela Lemus | Tim Fischer Law Workers Comp Shreveport Lawyers\",\"isPartOf\":{\"@id\":\"https:\/\/fischerprocell.com\/#website\"},\"primaryImageOfPage\":{\"@id\":\"https:\/\/fischerprocell.com\/gabriela-lemus\/#primaryimage\"},\"image\":{\"@id\":\"https:\/\/fischerprocell.com\/gabriela-lemus\/#primaryimage\"},\"thumbnailUrl\":\"https:\/\/fischerprocell.com\/wp-content\/uploads\/2022\/03\/GabrielaLemus.jpg\",\"datePublished\":\"2022-03-23T21:10:26+00:00\",\"dateModified\":\"2022-04-06T15:26:32+00:00\",\"description\":\"Mi trabajo en Fischer y Manno es ayudar a nuestros clientes hispanohablantes con sus necesidades. Mi papel principal es ayudar en la comunicaci\u00f3n con los abogados y les informar\u00e1 de las actualizaciones del caso del estado.\",\"breadcrumb\":{\"@id\":\"https:\/\/fischerprocell.com\/gabriela-lemus\/#breadcrumb\"},\"inLanguage\":\"es-MX\",\"potentialAction\":[{\"@type\":\"ReadAction\",\"target\":[\"https:\/\/fischerprocell.com\/gabriela-lemus\/\"]}]},{\"@type\":\"ImageObject\",\"inLanguage\":\"es-MX\",\"@id\":\"https:\/\/fischerprocell.com\/gabriela-lemus\/#primaryimage\",\"url\":\"https:\/\/fischerprocell.com\/wp-content\/uploads\/2022\/03\/GabrielaLemus.jpg\",\"contentUrl\":\"https:\/\/fischerprocell.com\/wp-content\/uploads\/2022\/03\/GabrielaLemus.jpg\"},{\"@type\":\"BreadcrumbList\",\"@id\":\"https:\/\/fischerprocell.com\/gabriela-lemus\/#breadcrumb\",\"itemListElement\":[{\"@type\":\"ListItem\",\"position\":1,\"name\":\"Home\",\"item\":\"https:\/\/fischerprocell.com\/\"},{\"@type\":\"ListItem\",\"position\":2,\"name\":\"Gabriela Lemus\"}]},{\"@type\":\"WebSite\",\"@id\":\"https:\/\/fischerprocell.com\/#website\",\"url\":\"https:\/\/fischerprocell.com\/\",\"name\":\"Fischer &amp; Procell Law Workers Comp Shreveport Lawyer\",\"description\":\"Shreveport Workers Compensation Lawyers\",\"publisher\":{\"@id\":\"https:\/\/fischerprocell.com\/#organization\"},\"potentialAction\":[{\"@type\":\"SearchAction\",\"target\":{\"@type\":\"EntryPoint\",\"urlTemplate\":\"https:\/\/fischerprocell.com\/?s={search_term_string}\"},\"query-input\":{\"@type\":\"PropertyValueSpecification\",\"valueRequired\":true,\"valueName\":\"search_term_string\"}}],\"inLanguage\":\"es-MX\"},{\"@type\":\"Organization\",\"@id\":\"https:\/\/fischerprocell.com\/#organization\",\"name\":\"Fischer Law\",\"url\":\"https:\/\/fischerprocell.com\/\",\"logo\":{\"@type\":\"ImageObject\",\"inLanguage\":\"es-MX\",\"@id\":\"https:\/\/fischerprocell.com\/#\/schema\/logo\/image\/\",\"url\":\"https:\/\/fischerprocell.com\/wp-content\/uploads\/2022\/04\/Fischer-Law-logo-color.gif\",\"contentUrl\":\"https:\/\/fischerprocell.com\/wp-content\/uploads\/2022\/04\/Fischer-Law-logo-color.gif\",\"width\":457,\"height\":229,\"caption\":\"Fischer Law\"},\"image\":{\"@id\":\"https:\/\/fischerprocell.com\/#\/schema\/logo\/image\/\"}}]}<\/script>\n<!-- \/ Yoast SEO plugin. -->","yoast_head_json":{"title":"Equipo de Fischer Gabriela Lemus | Ley de Tim Fischer Compensaci\u00f3n al Trabajador Shreveport Abogados","description":"Mi trabajo en Fischer y Manno es ayudar a nuestros clientes hispanohablantes con sus necesidades. Mi papel principal es ayudar en la comunicaci\u00f3n con los abogados y les informar\u00e1 de las actualizaciones del caso del estado.","robots":{"index":"index","follow":"follow","max-snippet":"max-snippet:-1","max-image-preview":"max-image-preview:large","max-video-preview":"max-video-preview:-1"},"canonical":"https:\/\/fischerprocell.com\/es\/gabriela-lemus\/","og_locale":"es_MX","og_type":"article","og_title":"Equipo de Fischer Gabriela Lemus | Tim Fischer Law Workers Comp Shreveport Lawyers","og_description":"Mi trabajo en Fischer y Manno es ayudar a nuestros clientes hispanohablantes con sus necesidades. Mi papel principal es ayudar en la comunicaci\u00f3n con los abogados y les informar\u00e1 de las actualizaciones del caso del estado.","og_url":"https:\/\/fischerprocell.com\/es\/gabriela-lemus\/","og_site_name":"Fischer &amp; Procell Law Workers Comp Shreveport Lawyer","article_modified_time":"2022-04-06T15:26:32+00:00","og_image":[{"url":"https:\/\/fischerprocell.com\/wp-content\/uploads\/2022\/03\/GabrielaLemus.jpg","type":"","width":"","height":""}],"twitter_card":"summary_large_image","twitter_misc":{"Tiempo de lectura":"2 minutos"},"schema":{"@context":"https:\/\/schema.org","@graph":[{"@type":"WebPage","@id":"https:\/\/fischerprocell.com\/gabriela-lemus\/","url":"https:\/\/fischerprocell.com\/gabriela-lemus\/","name":"Equipo de Fischer Gabriela Lemus | Ley de Tim Fischer Compensaci\u00f3n al Trabajador Shreveport Abogados","isPartOf":{"@id":"https:\/\/fischerprocell.com\/#website"},"primaryImageOfPage":{"@id":"https:\/\/fischerprocell.com\/gabriela-lemus\/#primaryimage"},"image":{"@id":"https:\/\/fischerprocell.com\/gabriela-lemus\/#primaryimage"},"thumbnailUrl":"https:\/\/fischerprocell.com\/wp-content\/uploads\/2022\/03\/GabrielaLemus.jpg","datePublished":"2022-03-23T21:10:26+00:00","dateModified":"2022-04-06T15:26:32+00:00","description":"Mi trabajo en Fischer y Manno es ayudar a nuestros clientes hispanohablantes con sus necesidades. Mi papel principal es ayudar en la comunicaci\u00f3n con los abogados y les informar\u00e1 de las actualizaciones del caso del estado.","breadcrumb":{"@id":"https:\/\/fischerprocell.com\/gabriela-lemus\/#breadcrumb"},"inLanguage":"es-MX","potentialAction":[{"@type":"ReadAction","target":["https:\/\/fischerprocell.com\/gabriela-lemus\/"]}]},{"@type":"ImageObject","inLanguage":"es-MX","@id":"https:\/\/fischerprocell.com\/gabriela-lemus\/#primaryimage","url":"https:\/\/fischerprocell.com\/wp-content\/uploads\/2022\/03\/GabrielaLemus.jpg","contentUrl":"https:\/\/fischerprocell.com\/wp-content\/uploads\/2022\/03\/GabrielaLemus.jpg"},{"@type":"BreadcrumbList","@id":"https:\/\/fischerprocell.com\/gabriela-lemus\/#breadcrumb","itemListElement":[{"@type":"ListItem","position":1,"name":"Home","item":"https:\/\/fischerprocell.com\/"},{"@type":"ListItem","position":2,"name":"Gabriela Lemus"}]},{"@type":"WebSite","@id":"https:\/\/fischerprocell.com\/#website","url":"https:\/\/fischerprocell.com\/","name":"Fischer &amp; Procell Law Abogado de compensaci\u00f3n laboral en Shreveport","description":"Abogados de Compensaci\u00f3n de Trabajadores de Shreveport","publisher":{"@id":"https:\/\/fischerprocell.com\/#organization"},"potentialAction":[{"@type":"SearchAction","target":{"@type":"EntryPoint","urlTemplate":"https:\/\/fischerprocell.com\/?s={search_term_string}"},"query-input":{"@type":"PropertyValueSpecification","valueRequired":true,"valueName":"search_term_string"}}],"inLanguage":"es-MX"},{"@type":"Organization","@id":"https:\/\/fischerprocell.com\/#organization","name":"Ley de Fisher","url":"https:\/\/fischerprocell.com\/","logo":{"@type":"ImageObject","inLanguage":"es-MX","@id":"https:\/\/fischerprocell.com\/#\/schema\/logo\/image\/","url":"https:\/\/fischerprocell.com\/wp-content\/uploads\/2022\/04\/Fischer-Law-logo-color.gif","contentUrl":"https:\/\/fischerprocell.com\/wp-content\/uploads\/2022\/04\/Fischer-Law-logo-color.gif","width":457,"height":229,"caption":"Fischer Law"},"image":{"@id":"https:\/\/fischerprocell.com\/#\/schema\/logo\/image\/"}}]}},"_links":{"self":[{"href":"https:\/\/fischerprocell.com\/es\/wp-json\/wp\/v2\/pages\/15","targetHints":{"allow":["GET"]}}],"collection":[{"href":"https:\/\/fischerprocell.com\/es\/wp-json\/wp\/v2\/pages"}],"about":[{"href":"https:\/\/fischerprocell.com\/es\/wp-json\/wp\/v2\/types\/page"}],"author":[{"embeddable":true,"href":"https:\/\/fischerprocell.com\/es\/wp-json\/wp\/v2\/users\/2"}],"replies":[{"embeddable":true,"href":"https:\/\/fischerprocell.com\/es\/wp-json\/wp\/v2\/comments?post=15"}],"version-history":[{"count":0,"href":"https:\/\/fischerprocell.com\/es\/wp-json\/wp\/v2\/pages\/15\/revisions"}],"wp:attachment":[{"href":"https:\/\/fischerprocell.com\/es\/wp-json\/wp\/v2\/media?parent=15"}],"curies":[{"name":"gracias","href":"https:\/\/api.w.org\/{rel}","templated":true}]}}