{"id":13,"date":"2022-03-23T21:07:06","date_gmt":"2022-03-23T21:07:06","guid":{"rendered":"https:\/\/fischerprocell.com\/?page_id=13"},"modified":"2022-04-06T18:39:03","modified_gmt":"2022-04-06T18:39:03","slug":"contacto","status":"publish","type":"page","link":"https:\/\/fischerprocell.com\/es\/contacto\/","title":{"rendered":"Contacto"},"content":{"rendered":"<div data-elementor-type=\"wp-page\" data-elementor-id=\"13\" class=\"elementor elementor-13\" data-elementor-post-type=\"page\">\n\t\t\t\t\t\t<section class=\"elementor-section elementor-top-section elementor-element elementor-element-c950492 elementor-section-height-min-height elementor-section-items-bottom elementor-section-boxed elementor-section-height-default\" data-id=\"c950492\" data-element_type=\"section\" data-settings=\"{&quot;background_background&quot;:&quot;classic&quot;}\">\n\t\t\t\t\t\t<div class=\"elementor-container elementor-column-gap-default\">\n\t\t\t\t\t<div class=\"elementor-column elementor-col-100 elementor-top-column elementor-element elementor-element-bae987d\" data-id=\"bae987d\" data-element_type=\"column\">\n\t\t\t<div class=\"elementor-widget-wrap elementor-element-populated\">\n\t\t\t\t\t\t<div class=\"elementor-element elementor-element-28597d4 elementor-widget elementor-widget-heading\" data-id=\"28597d4\" data-element_type=\"widget\" data-widget_type=\"heading.default\">\n\t\t\t\t<div class=\"elementor-widget-container\">\n\t\t\t\t\t<h1 class=\"elementor-heading-title elementor-size-default\">Cont\u00e1ctenos<\/h1>\t\t\t\t<\/div>\n\t\t\t\t<\/div>\n\t\t\t\t<div class=\"elementor-element elementor-element-c25936f elementor-align-left elementor-hidden-mobile_extra elementor-hidden-mobile elementor-widget elementor-widget-breadcrumbs\" data-id=\"c25936f\" data-element_type=\"widget\" data-widget_type=\"breadcrumbs.default\">\n\t\t\t\t<div class=\"elementor-widget-container\">\n\t\t\t\t\t<p id=\"breadcrumbs\"><span><span><a href=\"https:\/\/fischerprocell.com\/es\/\">Hogar<\/a><\/span><\/span><\/p>\t\t\t\t<\/div>\n\t\t\t\t<\/div>\n\t\t\t\t\t<\/div>\n\t\t<\/div>\n\t\t\t\t\t<\/div>\n\t\t<\/section>\n\t\t\t\t<section class=\"elementor-section elementor-top-section elementor-element elementor-element-fa5eafe elementor-section-boxed elementor-section-height-default elementor-section-height-default\" data-id=\"fa5eafe\" data-element_type=\"section\">\n\t\t\t\t\t\t<div class=\"elementor-container elementor-column-gap-default\">\n\t\t\t\t\t<div class=\"elementor-column elementor-col-50 elementor-top-column elementor-element elementor-element-d1ad69d\" data-id=\"d1ad69d\" data-element_type=\"column\">\n\t\t\t<div class=\"elementor-widget-wrap elementor-element-populated\">\n\t\t\t\t\t\t<div class=\"elementor-element elementor-element-b37518f elementor-widget elementor-widget-heading\" data-id=\"b37518f\" data-element_type=\"widget\" data-widget_type=\"heading.default\">\n\t\t\t\t<div class=\"elementor-widget-container\">\n\t\t\t\t\t<h2 class=\"elementor-heading-title elementor-size-xl\">Por favor, rellene el siguiente formulario<\/h2>\t\t\t\t<\/div>\n\t\t\t\t<\/div>\n\t\t\t\t<div class=\"elementor-element elementor-element-801c9d5 elementor-button-align-start elementor-widget elementor-widget-form\" data-id=\"801c9d5\" data-element_type=\"widget\" data-settings=\"{&quot;step_next_label&quot;:&quot;Next&quot;,&quot;step_previous_label&quot;:&quot;Previous&quot;,&quot;button_width&quot;:&quot;100&quot;,&quot;step_type&quot;:&quot;number_text&quot;,&quot;step_icon_shape&quot;:&quot;circle&quot;}\" data-widget_type=\"form.default\">\n\t\t\t\t<div class=\"elementor-widget-container\">\n\t\t\t\t\t\t\t<form class=\"elementor-form\" method=\"post\" name=\"New Form\" aria-label=\"Nueva forma\" action=\"\">\n\t\t\t<input type=\"hidden\" name=\"post_id\" value=\"13\"\/>\n\t\t\t<input type=\"hidden\" name=\"form_id\" value=\"801c9d5\"\/>\n\t\t\t<input type=\"hidden\" name=\"referer_title\" value=\"Contact Tim Fischer Law | Tim Fischer Law Workers Comp Shreveport Lawyers\" \/>\n\n\t\t\t\t\t\t\t<input type=\"hidden\" name=\"queried_id\" value=\"13\"\/>\n\t\t\t\n\t\t\t<div class=\"elementor-form-fields-wrapper elementor-labels-\">\n\t\t\t\t\t\t\t\t<div class=\"elementor-field-type-text elementor-field-group elementor-column elementor-field-group-name elementor-col-100\">\n\t\t\t\t\t\t\t\t\t\t\t\t<label for=\"form-field-name\" class=\"elementor-field-label elementor-screen-only\">\n\t\t\t\t\t\t\t\tNombre\t\t\t\t\t\t\t<\/label>\n\t\t\t\t\t\t\t\t\t\t\t\t\t\t<input size=\"1\" type=\"text\" name=\"form_fields[name]\" id=\"form-field-name\" class=\"elementor-field elementor-size-sm  elementor-field-textual\" placeholder=\"Nombre\">\n\t\t\t\t\t\t\t\t\t\t\t<\/div>\n\t\t\t\t\t\t\t\t<div class=\"elementor-field-type-email elementor-field-group elementor-column elementor-field-group-email elementor-col-50 elementor-field-required\">\n\t\t\t\t\t\t\t\t\t\t\t\t<label for=\"form-field-email\" class=\"elementor-field-label elementor-screen-only\">\n\t\t\t\t\t\t\t\tCorreo electr\u00f3nico\t\t\t\t\t\t\t<\/label>\n\t\t\t\t\t\t\t\t\t\t\t\t\t\t<input size=\"1\" type=\"email\" name=\"form_fields[email]\" id=\"form-field-email\" class=\"elementor-field elementor-size-sm  elementor-field-textual\" placeholder=\"Correo electr\u00f3nico\" required=\"required\">\n\t\t\t\t\t\t\t\t\t\t\t<\/div>\n\t\t\t\t\t\t\t\t<div class=\"elementor-field-type-tel elementor-field-group elementor-column elementor-field-group-field_f31df05 elementor-col-50 elementor-field-required\">\n\t\t\t\t\t\t\t\t\t\t\t\t<label for=\"form-field-field_f31df05\" class=\"elementor-field-label elementor-screen-only\">\n\t\t\t\t\t\t\t\tTel\u00e9fono\t\t\t\t\t\t\t<\/label>\n\t\t\t\t\t\t\t\t<input size=\"1\" type=\"tel\" name=\"form_fields[field_f31df05]\" id=\"form-field-field_f31df05\" class=\"elementor-field elementor-size-sm  elementor-field-textual\" placeholder=\"Tel\u00e9fono\" required=\"required\" pattern=\"[0-9()#&amp;+*-=.]+\" title=\"Solo se aceptan n\u00fameros y caracteres telef\u00f3nicos (#, -, *, etc.).\">\n\n\t\t\t\t\t\t<\/div>\n\t\t\t\t\t\t\t\t<div class=\"elementor-field-type-textarea elementor-field-group elementor-column elementor-field-group-message elementor-col-100 elementor-field-required\">\n\t\t\t\t\t\t\t\t\t\t\t\t<label for=\"form-field-message\" class=\"elementor-field-label elementor-screen-only\">\n\t\t\t\t\t\t\t\tMensaje\t\t\t\t\t\t\t<\/label>\n\t\t\t\t\t\t<textarea class=\"elementor-field-textual elementor-field  elementor-size-sm\" name=\"form_fields[message]\" id=\"form-field-message\" rows=\"4\" placeholder=\"Cu\u00e9ntanos tu caso...\" required=\"required\"><\/textarea>\t\t\t\t<\/div>\n\t\t\t\t\t\t\t\t<div class=\"elementor-field-type-recaptcha_v3 elementor-field-group elementor-column elementor-field-group-field_b35002f elementor-col-100 recaptcha_v3-bottomleft\">\n\t\t\t\t\t<div class=\"elementor-field\" id=\"form-field-field_b35002f\"><div class=\"elementor-g-recaptcha\" data-sitekey=\"6LeAJlAfAAAAACVvNZ7EYme5KsQuxiVjnZeXB9gY\" data-type=\"v3\" data-action=\"Form\" data-badge=\"bottomleft\" data-size=\"invisible\"><\/div><\/div>\t\t\t\t<\/div>\n\t\t\t\t\t\t\t\t<div class=\"elementor-field-group elementor-column elementor-field-type-submit elementor-col-100 e-form__buttons\">\n\t\t\t\t\t<button class=\"elementor-button elementor-size-sm\" type=\"submit\">\n\t\t\t\t\t\t<span class=\"elementor-button-content-wrapper\">\n\t\t\t\t\t\t\t\t\t\t\t\t\t\t\t\t\t\t\t\t\t\t<span class=\"elementor-button-text\">Entregar<\/span>\n\t\t\t\t\t\t\t\t\t\t\t\t\t<\/span>\n\t\t\t\t\t<\/button>\n\t\t\t\t<\/div>\n\t\t\t<\/div>\n\t\t<input type=\"hidden\" name=\"trp-form-language\" value=\"es\"\/><\/form>\n\t\t\t\t\t\t<\/div>\n\t\t\t\t<\/div>\n\t\t\t\t\t<\/div>\n\t\t<\/div>\n\t\t\t\t<div class=\"elementor-column elementor-col-50 elementor-top-column elementor-element elementor-element-9b99819\" data-id=\"9b99819\" data-element_type=\"column\">\n\t\t\t<div class=\"elementor-widget-wrap elementor-element-populated\">\n\t\t\t\t\t\t<div class=\"elementor-element elementor-element-6414970 elementor-widget elementor-widget-text-editor\" data-id=\"6414970\" data-element_type=\"widget\" data-widget_type=\"text-editor.default\">\n\t\t\t\t<div class=\"elementor-widget-container\">\n\t\t\t\t\t\t\t\t\t<h3 class=\"no-top-margin\">HORAS DE OFICINA<\/h3><p><strong>Lun-Jue: <\/strong>8:30 a. m. a 12:00 p. m. y 1:00 p. m. a 5:00 p. m.<\/p><p><strong>Vie:<\/strong> 8:30 a. m. a 12:00 p. m. y 1:00 p. m. a 4:00 p. m.<\/p><p><strong>S\u00e1b-Dom: CERRADO<\/strong><\/p><h3>PONERSE EN CONTACTO<\/h3><p><a href=\"https:\/\/goo.gl\/maps\/A9uZsSECwLwszpu18\" target=\"_blank\" rel=\"noopener\">3421 Youree Dr. Shreveport, LA 71105<\/a><br \/><a href=\"tel:3188690304\">318-869-0304<\/a><\/p>\t\t\t\t\t\t\t\t<\/div>\n\t\t\t\t<\/div>\n\t\t\t\t<div class=\"elementor-element elementor-element-38d4b1a elementor-widget elementor-widget-html\" data-id=\"38d4b1a\" data-element_type=\"widget\" data-widget_type=\"html.default\">\n\t\t\t\t<div class=\"elementor-widget-container\">\n\t\t\t\t\t<iframe src=\"https:\/\/www.google.com\/maps\/embed?pb=!1m14!1m8!1m3!1d13463.329348627989!2d-93.721909!3d32.477176!3m2!1i1024!2i768!4f13.1!3m3!1m2!1s0x0%3A0xf7c36c858d1b04d7!2sFischer%20Law!5e0!3m2!1sen!2sus!4v1648824781076!5m2!1sen!2sus\" width=\"600\" height=\"450\" style=\"border:0;\" allowfullscreen=\"\" loading=\"lazy\" referrerpolicy=\"no-referrer-when-downgrade\"><\/iframe>\t\t\t\t<\/div>\n\t\t\t\t<\/div>\n\t\t\t\t\t<\/div>\n\t\t<\/div>\n\t\t\t\t\t<\/div>\n\t\t<\/section>\n\t\t\t\t<\/div>","protected":false},"excerpt":{"rendered":"<p>Cont\u00e1ctenos Complete el siguiente formulario HORARIO DE OFICINA Lunes a jueves: 8:30 am - 12:00 pm y 1:00 pm - 5:00 pm Viernes: 8:30 am - 12:00 pm y 1:00 pm - 4:00 pm CERRADO CONT\u00c1CTENOS 3421 Youree Dr. Shreveport, LA 71105318-869-0304<\/p>","protected":false},"author":2,"featured_media":0,"parent":0,"menu_order":0,"comment_status":"closed","ping_status":"closed","template":"","meta":{"footnotes":""},"class_list":["post-13","page","type-page","status-publish","hentry"],"yoast_head":"<!-- This site is optimized with the Yoast SEO plugin v25.6 - https:\/\/yoast.com\/wordpress\/plugins\/seo\/ -->\n<title>Contact Tim Fischer Law | Tim Fischer Law Workers Comp Shreveport Lawyers<\/title>\n<meta name=\"description\" content=\"Contact Tim Fischer Law Today For Your Free Consultation Regarding Workers Comp, Personal Injury, &amp; Auto Accidents\" \/>\n<meta name=\"robots\" content=\"index, follow, max-snippet:-1, max-image-preview:large, max-video-preview:-1\" \/>\n<link rel=\"canonical\" href=\"https:\/\/fischerprocell.com\/es\/contacto\/\" \/>\n<meta property=\"og:locale\" content=\"es_MX\" \/>\n<meta property=\"og:type\" content=\"article\" \/>\n<meta property=\"og:title\" content=\"Contact Tim Fischer Law | Tim Fischer Law Workers Comp Shreveport Lawyers\" \/>\n<meta property=\"og:description\" content=\"Contact Tim Fischer Law Today For Your Free Consultation Regarding Workers Comp, Personal Injury, &amp; Auto Accidents\" \/>\n<meta property=\"og:url\" content=\"https:\/\/fischerprocell.com\/es\/contacto\/\" \/>\n<meta property=\"og:site_name\" content=\"Fischer &amp; Procell Law Workers Comp Shreveport Lawyer\" \/>\n<meta property=\"article:modified_time\" content=\"2022-04-06T18:39:03+00:00\" \/>\n<meta property=\"og:image\" content=\"https:\/\/fischerprocell.com\/wp-content\/uploads\/2022\/03\/shreveport-personal-injury-lawyer-01.jpg\" \/>\n\t<meta property=\"og:image:width\" content=\"688\" \/>\n\t<meta property=\"og:image:height\" content=\"581\" \/>\n\t<meta property=\"og:image:type\" content=\"image\/jpeg\" \/>\n<meta name=\"twitter:card\" content=\"summary_large_image\" \/>\n<meta name=\"twitter:label1\" content=\"Tiempo de lectura\" \/>\n\t<meta name=\"twitter:data1\" content=\"1 minuto\" \/>\n<script type=\"application\/ld+json\" class=\"yoast-schema-graph\">{\"@context\":\"https:\/\/schema.org\",\"@graph\":[{\"@type\":\"WebPage\",\"@id\":\"https:\/\/fischerprocell.com\/contact\/\",\"url\":\"https:\/\/fischerprocell.com\/contact\/\",\"name\":\"Contact Tim Fischer Law | Tim Fischer Law Workers Comp Shreveport Lawyers\",\"isPartOf\":{\"@id\":\"https:\/\/fischerprocell.com\/#website\"},\"datePublished\":\"2022-03-23T21:07:06+00:00\",\"dateModified\":\"2022-04-06T18:39:03+00:00\",\"description\":\"Contact Tim Fischer Law Today For Your Free Consultation Regarding Workers Comp, Personal Injury, & Auto Accidents\",\"breadcrumb\":{\"@id\":\"https:\/\/fischerprocell.com\/contact\/#breadcrumb\"},\"inLanguage\":\"es-MX\",\"potentialAction\":[{\"@type\":\"ReadAction\",\"target\":[\"https:\/\/fischerprocell.com\/contact\/\"]}]},{\"@type\":\"BreadcrumbList\",\"@id\":\"https:\/\/fischerprocell.com\/contact\/#breadcrumb\",\"itemListElement\":[{\"@type\":\"ListItem\",\"position\":1,\"name\":\"Home\",\"item\":\"https:\/\/fischerprocell.com\/\"},{\"@type\":\"ListItem\",\"position\":2,\"name\":\"Contact\"}]},{\"@type\":\"WebSite\",\"@id\":\"https:\/\/fischerprocell.com\/#website\",\"url\":\"https:\/\/fischerprocell.com\/\",\"name\":\"Fischer &amp; Procell Law Workers Comp Shreveport Lawyer\",\"description\":\"Shreveport Workers Compensation Lawyers\",\"publisher\":{\"@id\":\"https:\/\/fischerprocell.com\/#organization\"},\"potentialAction\":[{\"@type\":\"SearchAction\",\"target\":{\"@type\":\"EntryPoint\",\"urlTemplate\":\"https:\/\/fischerprocell.com\/?s={search_term_string}\"},\"query-input\":{\"@type\":\"PropertyValueSpecification\",\"valueRequired\":true,\"valueName\":\"search_term_string\"}}],\"inLanguage\":\"es-MX\"},{\"@type\":\"Organization\",\"@id\":\"https:\/\/fischerprocell.com\/#organization\",\"name\":\"Fischer Law\",\"url\":\"https:\/\/fischerprocell.com\/\",\"logo\":{\"@type\":\"ImageObject\",\"inLanguage\":\"es-MX\",\"@id\":\"https:\/\/fischerprocell.com\/#\/schema\/logo\/image\/\",\"url\":\"https:\/\/fischerprocell.com\/wp-content\/uploads\/2022\/04\/Fischer-Law-logo-color.gif\",\"contentUrl\":\"https:\/\/fischerprocell.com\/wp-content\/uploads\/2022\/04\/Fischer-Law-logo-color.gif\",\"width\":457,\"height\":229,\"caption\":\"Fischer Law\"},\"image\":{\"@id\":\"https:\/\/fischerprocell.com\/#\/schema\/logo\/image\/\"}}]}<\/script>\n<!-- \/ Yoast SEO plugin. -->","yoast_head_json":{"title":"P\u00f3ngase en contacto con la ley de Tim Fischer | Ley de Tim Fischer Compensaci\u00f3n al trabajador Shreveport Abogados","description":"P\u00f3ngase en contacto con Tim Fischer Law hoy para su consulta gratuita sobre compensaci\u00f3n de trabajadores, lesiones personales y accidentes automovil\u00edsticos","robots":{"index":"index","follow":"follow","max-snippet":"max-snippet:-1","max-image-preview":"max-image-preview:large","max-video-preview":"max-video-preview:-1"},"canonical":"https:\/\/fischerprocell.com\/es\/contacto\/","og_locale":"es_MX","og_type":"article","og_title":"Contact Tim Fischer Law | Tim Fischer Law Workers Comp Shreveport Lawyers","og_description":"Contact Tim Fischer Law Today For Your Free Consultation Regarding Workers Comp, Personal Injury, & Auto Accidents","og_url":"https:\/\/fischerprocell.com\/es\/contacto\/","og_site_name":"Fischer &amp; Procell Law Workers Comp Shreveport Lawyer","article_modified_time":"2022-04-06T18:39:03+00:00","og_image":[{"width":688,"height":581,"url":"https:\/\/fischerprocell.com\/wp-content\/uploads\/2022\/03\/shreveport-personal-injury-lawyer-01.jpg","type":"image\/jpeg"}],"twitter_card":"summary_large_image","twitter_misc":{"Tiempo de lectura":"1 minuto"},"schema":{"@context":"https:\/\/schema.org","@graph":[{"@type":"WebPage","@id":"https:\/\/fischerprocell.com\/contact\/","url":"https:\/\/fischerprocell.com\/contact\/","name":"P\u00f3ngase en contacto con la ley de Tim Fischer | Ley de Tim Fischer Compensaci\u00f3n al trabajador Shreveport Abogados","isPartOf":{"@id":"https:\/\/fischerprocell.com\/#website"},"datePublished":"2022-03-23T21:07:06+00:00","dateModified":"2022-04-06T18:39:03+00:00","description":"P\u00f3ngase en contacto con Tim Fischer Law hoy para su consulta gratuita sobre compensaci\u00f3n de trabajadores, lesiones personales y accidentes automovil\u00edsticos","breadcrumb":{"@id":"https:\/\/fischerprocell.com\/contact\/#breadcrumb"},"inLanguage":"es-MX","potentialAction":[{"@type":"ReadAction","target":["https:\/\/fischerprocell.com\/contact\/"]}]},{"@type":"BreadcrumbList","@id":"https:\/\/fischerprocell.com\/contact\/#breadcrumb","itemListElement":[{"@type":"ListItem","position":1,"name":"Home","item":"https:\/\/fischerprocell.com\/"},{"@type":"ListItem","position":2,"name":"Contact"}]},{"@type":"WebSite","@id":"https:\/\/fischerprocell.com\/#website","url":"https:\/\/fischerprocell.com\/","name":"Fischer &amp; Procell Law Abogado de compensaci\u00f3n laboral en Shreveport","description":"Abogados de Compensaci\u00f3n de Trabajadores de Shreveport","publisher":{"@id":"https:\/\/fischerprocell.com\/#organization"},"potentialAction":[{"@type":"SearchAction","target":{"@type":"EntryPoint","urlTemplate":"https:\/\/fischerprocell.com\/?s={search_term_string}"},"query-input":{"@type":"PropertyValueSpecification","valueRequired":true,"valueName":"search_term_string"}}],"inLanguage":"es-MX"},{"@type":"Organization","@id":"https:\/\/fischerprocell.com\/#organization","name":"Ley de Fisher","url":"https:\/\/fischerprocell.com\/","logo":{"@type":"ImageObject","inLanguage":"es-MX","@id":"https:\/\/fischerprocell.com\/#\/schema\/logo\/image\/","url":"https:\/\/fischerprocell.com\/wp-content\/uploads\/2022\/04\/Fischer-Law-logo-color.gif","contentUrl":"https:\/\/fischerprocell.com\/wp-content\/uploads\/2022\/04\/Fischer-Law-logo-color.gif","width":457,"height":229,"caption":"Fischer Law"},"image":{"@id":"https:\/\/fischerprocell.com\/#\/schema\/logo\/image\/"}}]}},"_links":{"self":[{"href":"https:\/\/fischerprocell.com\/es\/wp-json\/wp\/v2\/pages\/13","targetHints":{"allow":["GET"]}}],"collection":[{"href":"https:\/\/fischerprocell.com\/es\/wp-json\/wp\/v2\/pages"}],"about":[{"href":"https:\/\/fischerprocell.com\/es\/wp-json\/wp\/v2\/types\/page"}],"author":[{"embeddable":true,"href":"https:\/\/fischerprocell.com\/es\/wp-json\/wp\/v2\/users\/2"}],"replies":[{"embeddable":true,"href":"https:\/\/fischerprocell.com\/es\/wp-json\/wp\/v2\/comments?post=13"}],"version-history":[{"count":0,"href":"https:\/\/fischerprocell.com\/es\/wp-json\/wp\/v2\/pages\/13\/revisions"}],"wp:attachment":[{"href":"https:\/\/fischerprocell.com\/es\/wp-json\/wp\/v2\/media?parent=13"}],"curies":[{"name":"gracias","href":"https:\/\/api.w.org\/{rel}","templated":true}]}}