{"id":12,"date":"2022-03-23T21:05:09","date_gmt":"2022-03-23T21:05:09","guid":{"rendered":"https:\/\/fischerprocell.com\/?page_id=12"},"modified":"2024-02-27T17:20:39","modified_gmt":"2024-02-27T17:20:39","slug":"accidente-de-coche","status":"publish","type":"page","link":"https:\/\/fischerprocell.com\/es\/accidente-de-coche\/","title":{"rendered":"Accidente automovilistico"},"content":{"rendered":"<div data-elementor-type=\"wp-page\" data-elementor-id=\"12\" class=\"elementor elementor-12\" data-elementor-post-type=\"page\">\n\t\t\t\t\t\t<section class=\"elementor-section elementor-top-section elementor-element elementor-element-1655475 elementor-section-height-min-height elementor-section-items-bottom elementor-section-boxed elementor-section-height-default\" data-id=\"1655475\" data-element_type=\"section\" data-settings=\"{&quot;background_background&quot;:&quot;classic&quot;}\">\n\t\t\t\t\t\t<div class=\"elementor-container elementor-column-gap-default\">\n\t\t\t\t\t<div class=\"elementor-column elementor-col-100 elementor-top-column elementor-element elementor-element-8558e8a\" data-id=\"8558e8a\" data-element_type=\"column\">\n\t\t\t<div class=\"elementor-widget-wrap elementor-element-populated\">\n\t\t\t\t\t\t<div class=\"elementor-element elementor-element-b6b8364 elementor-widget elementor-widget-heading\" data-id=\"b6b8364\" data-element_type=\"widget\" data-widget_type=\"heading.default\">\n\t\t\t\t<div class=\"elementor-widget-container\">\n\t\t\t\t\t<h2 class=\"elementor-heading-title elementor-size-default\">Accidente automovilistico<\/h2>\t\t\t\t<\/div>\n\t\t\t\t<\/div>\n\t\t\t\t<div class=\"elementor-element elementor-element-625cdca elementor-align-center elementor-hidden-mobile_extra elementor-hidden-mobile elementor-widget elementor-widget-breadcrumbs\" data-id=\"625cdca\" data-element_type=\"widget\" data-widget_type=\"breadcrumbs.default\">\n\t\t\t\t<div class=\"elementor-widget-container\">\n\t\t\t\t\t<p id=\"breadcrumbs\"><span><span><a href=\"https:\/\/fischerprocell.com\/es\/\">Hogar<\/a><\/span><\/span><\/p>\t\t\t\t<\/div>\n\t\t\t\t<\/div>\n\t\t\t\t\t<\/div>\n\t\t<\/div>\n\t\t\t\t\t<\/div>\n\t\t<\/section>\n\t\t\t\t<section class=\"elementor-section elementor-top-section elementor-element elementor-element-5c125d8 elementor-section-height-min-height elementor-section-items-top elementor-reverse-tablet elementor-reverse-mobile_extra elementor-reverse-mobile elementor-section-boxed elementor-section-height-default\" data-id=\"5c125d8\" data-element_type=\"section\">\n\t\t\t\t\t\t<div class=\"elementor-container elementor-column-gap-default\">\n\t\t\t\t\t<div class=\"elementor-column elementor-col-50 elementor-top-column elementor-element elementor-element-20d3fa7 sticky-parent\" data-id=\"20d3fa7\" data-element_type=\"column\">\n\t\t\t<div class=\"elementor-widget-wrap elementor-element-populated\">\n\t\t\t\t\t\t<section class=\"elementor-section elementor-inner-section elementor-element elementor-element-6f128e7 sticky-column no-padding elementor-section-boxed elementor-section-height-default elementor-section-height-default\" data-id=\"6f128e7\" data-element_type=\"section\">\n\t\t\t\t\t\t<div class=\"elementor-container elementor-column-gap-default\">\n\t\t\t\t\t<div class=\"elementor-column elementor-col-100 elementor-inner-column elementor-element elementor-element-49e719c\" data-id=\"49e719c\" data-element_type=\"column\">\n\t\t\t<div class=\"elementor-widget-wrap elementor-element-populated\">\n\t\t\t\t\t\t<div class=\"elementor-element elementor-element-0506f58 elementor-widget elementor-widget-heading\" data-id=\"0506f58\" data-element_type=\"widget\" data-widget_type=\"heading.default\">\n\t\t\t\t<div class=\"elementor-widget-container\">\n\t\t\t\t\t<p class=\"elementor-heading-title elementor-size-default\">Areas de pr\u00e1ctica<\/p>\t\t\t\t<\/div>\n\t\t\t\t<\/div>\n\t\t\t\t\t<\/div>\n\t\t<\/div>\n\t\t\t\t\t<\/div>\n\t\t<\/section>\n\t\t\t\t\t<\/div>\n\t\t<\/div>\n\t\t\t\t<div class=\"elementor-column elementor-col-50 elementor-top-column elementor-element elementor-element-d3062a6\" data-id=\"d3062a6\" data-element_type=\"column\">\n\t\t\t<div class=\"elementor-widget-wrap elementor-element-populated\">\n\t\t\t\t\t\t<div class=\"elementor-element elementor-element-0241c86 elementor-widget elementor-widget-text-editor\" data-id=\"0241c86\" data-element_type=\"widget\" data-widget_type=\"text-editor.default\">\n\t\t\t\t<div class=\"elementor-widget-container\">\n\t\t\t\t\t\t\t\t\t<h1 class=\"no-top-margin\">Abogados de accidentes automovil\u00edsticos<\/h1><p>A nivel nacional, el 52 por ciento de las muertes de ocupantes de veh\u00edculos de pasajeros en 2012\u00a0<a href=\"https:\/\/crashstats.nhtsa.dot.gov\/Api\/Public\/ViewPublication\/811856\">ocurrido en choques de un solo veh\u00edculo<\/a>. La proporci\u00f3n m\u00e1s alta de muertes de ocupantes de veh\u00edculos de pasajeros en choques de un solo veh\u00edculo ocurri\u00f3 en Montana (75 por ciento).<\/p><p>Un total de 32.885 personas perdieron la vida en\u00a0<a href=\"https:\/\/crashstats.nhtsa.dot.gov\/Api\/Public\/ViewPublication\/811701\">accidentes automovil\u00edsticos en 2011<\/a>. Otros 2,24 millones de personas resultaron heridas. Puede ser f\u00e1cil encontrar un abogado, pero el problema es que puede ser dif\u00edcil encontrar el abogado adecuado para usted y su caso espec\u00edfico. El abogado que elija puede marcar la diferencia en c\u00f3mo se desarrolla su caso legal. Esta es la raz\u00f3n principal para asegurarse de encontrar el\u00a0<a href=\"https:\/\/fischerprocell.com\/es\/contacto\/\">abogado correcto<\/a>\u00a0para tu caso<\/p>\t\t\t\t\t\t\t\t<\/div>\n\t\t\t\t<\/div>\n\t\t\t\t<div class=\"elementor-element elementor-element-24c53b8 elementor-widget elementor-widget-image\" data-id=\"24c53b8\" data-element_type=\"widget\" data-widget_type=\"image.default\">\n\t\t\t\t<div class=\"elementor-widget-container\">\n\t\t\t\t\t\t\t\t\t\t\t\t\t\t\t<img fetchpriority=\"high\" decoding=\"async\" width=\"743\" height=\"351\" src=\"https:\/\/fischerprocell.com\/wp-content\/uploads\/2022\/03\/PracticeAreas-Auto-Accidents.jpeg\" class=\"attachment-large size-large wp-image-102\" alt=\"abogado de accidentes automovil\u00edsticos\" \/>\t\t\t\t\t\t\t\t\t\t\t\t\t\t\t<\/div>\n\t\t\t\t<\/div>\n\t\t\t\t<div class=\"elementor-element elementor-element-55e881d elementor-widget elementor-widget-text-editor\" data-id=\"55e881d\" data-element_type=\"widget\" data-widget_type=\"text-editor.default\">\n\t\t\t\t<div class=\"elementor-widget-container\">\n\t\t\t\t\t\t\t\t\t<p>Las compa\u00f1\u00edas de seguros trabajar\u00e1n para reducir su responsabilidad en su reclamo, lo que significa que necesita la mejor evidencia y representaci\u00f3n para recibir la compensaci\u00f3n que necesita para volver a la carretera. Si est\u00e1 informado y sabe qu\u00e9 buscar en un abogado, el proceso de elegir un representante legal con experiencia ser\u00e1 menos estresante y, a menudo, puede ahorrarle tiempo y dinero.<\/p><p>Necesitar\u00e1 toda la ayuda que pueda obtener cuando lidie con las consecuencias de un accidente automovil\u00edstico. Nos hemos ganado nuestra reputaci\u00f3n a trav\u00e9s de a\u00f1os de experiencia en la protecci\u00f3n de familias despu\u00e9s de tr\u00e1gicas lesiones personales y otros accidentes.\u00a0<a href=\"https:\/\/fischerprocell.com\/es\/contacto\/\">Llame a Fischer y Procell<\/a> hoy para una consulta legal gratuita.<\/p><p>Treinta y uno por ciento de todos los choques fatales involucraron conducci\u00f3n bajo los efectos del alcohol, donde la concentraci\u00f3n de alcohol en sangre (BAC) m\u00e1s alta entre los conductores involucrados en el choque fue de .08 gramos por decilitro (g\/dL) o m\u00e1s. Para los accidentes fatales que ocurrieron entre la medianoche y las 3 a. m., el 66 por ciento involucr\u00f3 la conducci\u00f3n bajo los efectos del alcohol<\/p><p>Proyecto de investigadores de la Universidad Estatal de Luisiana\u00a0<a href=\"https:\/\/datareports.lsu.edu\/Reports.aspx?yr=2017&amp;rpt=A1&amp;p=ci\">698 accidentes automovil\u00edsticos fatales para el a\u00f1o 2017<\/a>, que es una ligera reducci\u00f3n de las cifras de 2016 en 705 accidentes automovil\u00edsticos fatales. La cantidad de muertes por accidentes automovil\u00edsticos en Luisiana ha aumentado este siglo, probablemente debido al desarrollo y la proliferaci\u00f3n de tel\u00e9fonos inteligentes, GPS y otras distracciones tecnol\u00f3gicas. Ahora es m\u00e1s probable que los conductores se vean afectados por el uso de dispositivos que por el alcohol: esta es una amenaza com\u00fan recientemente desarrollada para los conductores a todas horas.<\/p>\t\t\t\t\t\t\t\t<\/div>\n\t\t\t\t<\/div>\n\t\t\t\t<div class=\"elementor-element elementor-element-afaf09e elementor-widget elementor-widget-text-editor\" data-id=\"afaf09e\" data-element_type=\"widget\" data-widget_type=\"text-editor.default\">\n\t\t\t\t<div class=\"elementor-widget-container\">\n\t\t\t\t\t\t\t\t\t<h2>Colisiones frontales<\/h2><p>Somos abogados con experiencia en accidentes automovil\u00edsticos en Louisiana y hemos visto de primera mano la devastaci\u00f3n que una colisi\u00f3n frontal puede tener en una v\u00edctima lesionada y su familia. Seg\u00fan la Oficina del Censo de EE. UU., los choques frontales se encuentran entre los m\u00e1s peligrosos y mortales de todos los accidentes automovil\u00edsticos. Las lesiones que resultan de estos accidentes a menudo pueden resultar en una discapacidad duradera o la muerte de sus v\u00edctimas.<\/p><h2>Rabia en la carretera<\/h2><p>La conducci\u00f3n imprudente es cuando alguien conduce de manera insegura, con un desprecio deliberado por la seguridad y con pleno conocimiento de que su conducci\u00f3n puede causar un accidente. Un conductor imprudente podr\u00eda ser considerado imprudente si conduce de manera amenazante o acosadora debido a la \u201cira al volante\u201d y provoca un accidente automovil\u00edstico. La ira al volante es un asalto con un veh\u00edculo motorizado contra el conductor o pasajero(s) de otro veh\u00edculo motorizado. Los cargos penales tambi\u00e9n se derivar\u00e1n de tal comportamiento. La Administraci\u00f3n Nacional de Seguridad del Tr\u00e1fico en las Carreteras (NHTSA, por sus siglas en ingl\u00e9s) define la conducci\u00f3n agresiva como una progresi\u00f3n de acciones de conducci\u00f3n ilegales, tales como:<\/p><ul><li>Cambio de carril incorrecto o excesivo<\/li><li>No se\u00f1alar la intenci\u00f3n<\/li><li>Pase inadecuado<\/li><li>Exceso de velocidad<\/li><\/ul>\t\t\t\t\t\t\t\t<\/div>\n\t\t\t\t<\/div>\n\t\t\t\t\t<\/div>\n\t\t<\/div>\n\t\t\t\t\t<\/div>\n\t\t<\/section>\n\t\t\t\t<section class=\"elementor-section elementor-top-section elementor-element elementor-element-4a317d3 elementor-section-boxed elementor-section-height-default elementor-section-height-default\" data-id=\"4a317d3\" data-element_type=\"section\" data-settings=\"{&quot;background_background&quot;:&quot;classic&quot;}\">\n\t\t\t\t\t\t<div class=\"elementor-container elementor-column-gap-default\">\n\t\t\t\t\t<div class=\"elementor-column elementor-col-100 elementor-top-column elementor-element elementor-element-b0a5134\" data-id=\"b0a5134\" data-element_type=\"column\">\n\t\t\t<div class=\"elementor-widget-wrap elementor-element-populated\">\n\t\t\t\t\t\t<div class=\"elementor-element elementor-element-8c26f22 elementor-widget__width-auto elementor-view-default elementor-position-top elementor-mobile-position-top elementor-widget elementor-widget-icon-box\" data-id=\"8c26f22\" data-element_type=\"widget\" data-widget_type=\"icon-box.default\">\n\t\t\t\t<div class=\"elementor-widget-container\">\n\t\t\t\t\t\t\t<div class=\"elementor-icon-box-wrapper\">\n\n\t\t\t\t\t\t<div class=\"elementor-icon-box-icon\">\n\t\t\t\t<span  class=\"elementor-icon\">\n\t\t\t\t<i aria-hidden=\"true\" class=\"fas fa-car-crash\"><\/i>\t\t\t\t<\/span>\n\t\t\t<\/div>\n\t\t\t\n\t\t\t\t\t\t<div class=\"elementor-icon-box-content\">\n\n\t\t\t\t\t\t\t\t\t<h2 class=\"elementor-icon-box-title\">\n\t\t\t\t\t\t<span  >\n\t\t\t\t\t\t\tApartese del camino\t\t\t\t\t\t<\/span>\n\t\t\t\t\t<\/h2>\n\t\t\t\t\n\t\t\t\t\n\t\t\t<\/div>\n\t\t\t\n\t\t<\/div>\n\t\t\t\t\t\t<\/div>\n\t\t\t\t<\/div>\n\t\t\t\t<div class=\"elementor-element elementor-element-f7aee87 elementor-widget__width-auto elementor-view-default elementor-position-top elementor-mobile-position-top elementor-widget elementor-widget-icon-box\" data-id=\"f7aee87\" data-element_type=\"widget\" data-widget_type=\"icon-box.default\">\n\t\t\t\t<div class=\"elementor-widget-container\">\n\t\t\t\t\t\t\t<div class=\"elementor-icon-box-wrapper\">\n\n\t\t\t\t\t\t<div class=\"elementor-icon-box-icon\">\n\t\t\t\t<span  class=\"elementor-icon\">\n\t\t\t\t<i aria-hidden=\"true\" class=\"fas fa-hand-paper\"><\/i>\t\t\t\t<\/span>\n\t\t\t<\/div>\n\t\t\t\n\t\t\t\t\t\t<div class=\"elementor-icon-box-content\">\n\n\t\t\t\t\t\t\t\t\t<h2 class=\"elementor-icon-box-title\">\n\t\t\t\t\t\t<span  >\n\t\t\t\t\t\t\tEvita los gestos\t\t\t\t\t\t<\/span>\n\t\t\t\t\t<\/h2>\n\t\t\t\t\n\t\t\t\t\n\t\t\t<\/div>\n\t\t\t\n\t\t<\/div>\n\t\t\t\t\t\t<\/div>\n\t\t\t\t<\/div>\n\t\t\t\t<div class=\"elementor-element elementor-element-b31b8ff elementor-widget__width-auto elementor-view-default elementor-position-top elementor-mobile-position-top elementor-widget elementor-widget-icon-box\" data-id=\"b31b8ff\" data-element_type=\"widget\" data-widget_type=\"icon-box.default\">\n\t\t\t\t<div class=\"elementor-widget-container\">\n\t\t\t\t\t\t\t<div class=\"elementor-icon-box-wrapper\">\n\n\t\t\t\t\t\t<div class=\"elementor-icon-box-icon\">\n\t\t\t\t<span  class=\"elementor-icon\">\n\t\t\t\t<i aria-hidden=\"true\" class=\"fas fa-eye\"><\/i>\t\t\t\t<\/span>\n\t\t\t<\/div>\n\t\t\t\n\t\t\t\t\t\t<div class=\"elementor-icon-box-content\">\n\n\t\t\t\t\t\t\t\t\t<h2 class=\"elementor-icon-box-title\">\n\t\t\t\t\t\t<span  >\n\t\t\t\t\t\t\tEvita el contacto visual\t\t\t\t\t\t<\/span>\n\t\t\t\t\t<\/h2>\n\t\t\t\t\n\t\t\t\t\n\t\t\t<\/div>\n\t\t\t\n\t\t<\/div>\n\t\t\t\t\t\t<\/div>\n\t\t\t\t<\/div>\n\t\t\t\t<div class=\"elementor-element elementor-element-15bbf90 elementor-widget__width-auto elementor-widget-laptop__width-initial elementor-view-default elementor-position-top elementor-mobile-position-top elementor-widget elementor-widget-icon-box\" data-id=\"15bbf90\" data-element_type=\"widget\" data-widget_type=\"icon-box.default\">\n\t\t\t\t<div class=\"elementor-widget-container\">\n\t\t\t\t\t\t\t<div class=\"elementor-icon-box-wrapper\">\n\n\t\t\t\t\t\t<div class=\"elementor-icon-box-icon\">\n\t\t\t\t<span  class=\"elementor-icon\">\n\t\t\t\t<i aria-hidden=\"true\" class=\"fas fa-exclamation-triangle\"><\/i>\t\t\t\t<\/span>\n\t\t\t<\/div>\n\t\t\t\n\t\t\t\t\t\t<div class=\"elementor-icon-box-content\">\n\n\t\t\t\t\t\t\t\t\t<h2 class=\"elementor-icon-box-title\">\n\t\t\t\t\t\t<span  >\n\t\t\t\t\t\t\tInforme de conducci\u00f3n agresiva grave\t\t\t\t\t\t<\/span>\n\t\t\t\t\t<\/h2>\n\t\t\t\t\n\t\t\t\t\n\t\t\t<\/div>\n\t\t\t\n\t\t<\/div>\n\t\t\t\t\t\t<\/div>\n\t\t\t\t<\/div>\n\t\t\t\t<div class=\"elementor-element elementor-element-5f17453 elementor-widget__width-auto elementor-widget-laptop__width-initial elementor-widget-mobile_extra__width-initial elementor-view-default elementor-position-top elementor-mobile-position-top elementor-widget elementor-widget-icon-box\" data-id=\"5f17453\" data-element_type=\"widget\" data-widget_type=\"icon-box.default\">\n\t\t\t\t<div class=\"elementor-widget-container\">\n\t\t\t\t\t\t\t<div class=\"elementor-icon-box-wrapper\">\n\n\t\t\t\t\t\t<div class=\"elementor-icon-box-icon\">\n\t\t\t\t<span  class=\"elementor-icon\">\n\t\t\t\t<i aria-hidden=\"true\" class=\"fas fa-user-times\"><\/i>\t\t\t\t<\/span>\n\t\t\t<\/div>\n\t\t\t\n\t\t\t\t\t\t<div class=\"elementor-icon-box-content\">\n\n\t\t\t\t\t\t\t\t\t<h2 class=\"elementor-icon-box-title\">\n\t\t\t\t\t\t<span  >\n\t\t\t\t\t\t\tNo desaf\u00edes al conductor agresivo.\t\t\t\t\t\t<\/span>\n\t\t\t\t\t<\/h2>\n\t\t\t\t\n\t\t\t\t\n\t\t\t<\/div>\n\t\t\t\n\t\t<\/div>\n\t\t\t\t\t\t<\/div>\n\t\t\t\t<\/div>\n\t\t\t\t\t<\/div>\n\t\t<\/div>\n\t\t\t\t\t<\/div>\n\t\t<\/section>\n\t\t\t\t<\/div>","protected":false},"excerpt":{"rendered":"<p>\u00c1reas de pr\u00e1ctica de accidentes automovil\u00edsticos Abogados de accidentes automovil\u00edsticos A nivel nacional, el 52 por ciento de las muertes de ocupantes de veh\u00edculos de pasajeros en 2012 ocurrieron en choques de un solo veh\u00edculo. La proporci\u00f3n m\u00e1s alta de muertes de ocupantes de veh\u00edculos de pasajeros en choques de un solo veh\u00edculo ocurri\u00f3 en Montana (75 por ciento). Un total de 32.885 personas perdieron la vida en accidentes automovil\u00edsticos en 2011. Otros 2,24 millones de personas resultaron heridas. [\u2026]<\/p>","protected":false},"author":2,"featured_media":0,"parent":0,"menu_order":0,"comment_status":"closed","ping_status":"closed","template":"","meta":{"footnotes":""},"class_list":["post-12","page","type-page","status-publish","hentry"],"yoast_head":"<!-- This site is optimized with the Yoast SEO plugin v25.6 - https:\/\/yoast.com\/wordpress\/plugins\/seo\/ -->\n<title>Shreveport Car Accident Lawyers | Tim Fischer Law Workers Comp Shreveport Lawyers<\/title>\n<meta name=\"description\" content=\"Injured In A Car Accident? Hire Shreveport Car Accident Attorney Tim Fischer. Combined 60 Years Experience Handling Car Accident Cases.\" \/>\n<meta name=\"robots\" content=\"index, follow, max-snippet:-1, max-image-preview:large, max-video-preview:-1\" \/>\n<link rel=\"canonical\" href=\"https:\/\/fischerprocell.com\/es\/accidente-de-coche\/\" \/>\n<meta property=\"og:locale\" content=\"es_MX\" \/>\n<meta property=\"og:type\" content=\"article\" \/>\n<meta property=\"og:title\" content=\"Shreveport Car Accident Lawyers | Tim Fischer Law Workers Comp Shreveport Lawyers\" \/>\n<meta property=\"og:description\" content=\"Injured In A Car Accident? Hire Shreveport Car Accident Attorney Tim Fischer. Combined 60 Years Experience Handling Car Accident Cases.\" \/>\n<meta property=\"og:url\" content=\"https:\/\/fischerprocell.com\/es\/accidente-de-coche\/\" \/>\n<meta property=\"og:site_name\" content=\"Fischer &amp; Procell Law Workers Comp Shreveport Lawyer\" \/>\n<meta property=\"article:modified_time\" content=\"2024-02-27T17:20:39+00:00\" \/>\n<meta property=\"og:image\" content=\"https:\/\/fischerprocell.com\/wp-content\/uploads\/2022\/03\/PracticeAreas-Auto-Accidents.jpeg\" \/>\n<meta name=\"twitter:card\" content=\"summary_large_image\" \/>\n<meta name=\"twitter:label1\" content=\"Tiempo de lectura\" \/>\n\t<meta name=\"twitter:data1\" content=\"3 minutos\" \/>\n<script type=\"application\/ld+json\" class=\"yoast-schema-graph\">{\"@context\":\"https:\/\/schema.org\",\"@graph\":[{\"@type\":\"WebPage\",\"@id\":\"https:\/\/fischerprocell.com\/car-accident\/\",\"url\":\"https:\/\/fischerprocell.com\/car-accident\/\",\"name\":\"Shreveport Car Accident Lawyers | Tim Fischer Law Workers Comp Shreveport Lawyers\",\"isPartOf\":{\"@id\":\"https:\/\/fischerprocell.com\/#website\"},\"primaryImageOfPage\":{\"@id\":\"https:\/\/fischerprocell.com\/car-accident\/#primaryimage\"},\"image\":{\"@id\":\"https:\/\/fischerprocell.com\/car-accident\/#primaryimage\"},\"thumbnailUrl\":\"https:\/\/fischerprocell.com\/wp-content\/uploads\/2022\/03\/PracticeAreas-Auto-Accidents.jpeg\",\"datePublished\":\"2022-03-23T21:05:09+00:00\",\"dateModified\":\"2024-02-27T17:20:39+00:00\",\"description\":\"Injured In A Car Accident? Hire Shreveport Car Accident Attorney Tim Fischer. Combined 60 Years Experience Handling Car Accident Cases.\",\"breadcrumb\":{\"@id\":\"https:\/\/fischerprocell.com\/car-accident\/#breadcrumb\"},\"inLanguage\":\"es-MX\",\"potentialAction\":[{\"@type\":\"ReadAction\",\"target\":[\"https:\/\/fischerprocell.com\/car-accident\/\"]}]},{\"@type\":\"ImageObject\",\"inLanguage\":\"es-MX\",\"@id\":\"https:\/\/fischerprocell.com\/car-accident\/#primaryimage\",\"url\":\"https:\/\/fischerprocell.com\/wp-content\/uploads\/2022\/03\/PracticeAreas-Auto-Accidents.jpeg\",\"contentUrl\":\"https:\/\/fischerprocell.com\/wp-content\/uploads\/2022\/03\/PracticeAreas-Auto-Accidents.jpeg\"},{\"@type\":\"BreadcrumbList\",\"@id\":\"https:\/\/fischerprocell.com\/car-accident\/#breadcrumb\",\"itemListElement\":[{\"@type\":\"ListItem\",\"position\":1,\"name\":\"Home\",\"item\":\"https:\/\/fischerprocell.com\/\"},{\"@type\":\"ListItem\",\"position\":2,\"name\":\"Car Accident\"}]},{\"@type\":\"WebSite\",\"@id\":\"https:\/\/fischerprocell.com\/#website\",\"url\":\"https:\/\/fischerprocell.com\/\",\"name\":\"Fischer &amp; Procell Law Workers Comp Shreveport Lawyer\",\"description\":\"Shreveport Workers Compensation Lawyers\",\"publisher\":{\"@id\":\"https:\/\/fischerprocell.com\/#organization\"},\"potentialAction\":[{\"@type\":\"SearchAction\",\"target\":{\"@type\":\"EntryPoint\",\"urlTemplate\":\"https:\/\/fischerprocell.com\/?s={search_term_string}\"},\"query-input\":{\"@type\":\"PropertyValueSpecification\",\"valueRequired\":true,\"valueName\":\"search_term_string\"}}],\"inLanguage\":\"es-MX\"},{\"@type\":\"Organization\",\"@id\":\"https:\/\/fischerprocell.com\/#organization\",\"name\":\"Fischer Law\",\"url\":\"https:\/\/fischerprocell.com\/\",\"logo\":{\"@type\":\"ImageObject\",\"inLanguage\":\"es-MX\",\"@id\":\"https:\/\/fischerprocell.com\/#\/schema\/logo\/image\/\",\"url\":\"https:\/\/fischerprocell.com\/wp-content\/uploads\/2022\/04\/Fischer-Law-logo-color.gif\",\"contentUrl\":\"https:\/\/fischerprocell.com\/wp-content\/uploads\/2022\/04\/Fischer-Law-logo-color.gif\",\"width\":457,\"height\":229,\"caption\":\"Fischer Law\"},\"image\":{\"@id\":\"https:\/\/fischerprocell.com\/#\/schema\/logo\/image\/\"}}]}<\/script>\n<!-- \/ Yoast SEO plugin. -->","yoast_head_json":{"title":"Abogados de accidentes automovil\u00edsticos de Shreveport | Ley de Tim Fischer Compensaci\u00f3n al trabajador Shreveport Abogados","description":"\u00bfLesionado en un accidente automovil\u00edstico? Contrate al abogado de accidentes automovil\u00edsticos de Shreveport, Tim Fischer. 60 a\u00f1os combinados de experiencia en el manejo de casos de accidentes automovil\u00edsticos.","robots":{"index":"index","follow":"follow","max-snippet":"max-snippet:-1","max-image-preview":"max-image-preview:large","max-video-preview":"max-video-preview:-1"},"canonical":"https:\/\/fischerprocell.com\/es\/accidente-de-coche\/","og_locale":"es_MX","og_type":"article","og_title":"Shreveport Car Accident Lawyers | Tim Fischer Law Workers Comp Shreveport Lawyers","og_description":"Injured In A Car Accident? Hire Shreveport Car Accident Attorney Tim Fischer. Combined 60 Years Experience Handling Car Accident Cases.","og_url":"https:\/\/fischerprocell.com\/es\/accidente-de-coche\/","og_site_name":"Fischer &amp; Procell Law Workers Comp Shreveport Lawyer","article_modified_time":"2024-02-27T17:20:39+00:00","og_image":[{"url":"https:\/\/fischerprocell.com\/wp-content\/uploads\/2022\/03\/PracticeAreas-Auto-Accidents.jpeg","type":"","width":"","height":""}],"twitter_card":"summary_large_image","twitter_misc":{"Tiempo de lectura":"3 minutos"},"schema":{"@context":"https:\/\/schema.org","@graph":[{"@type":"WebPage","@id":"https:\/\/fischerprocell.com\/car-accident\/","url":"https:\/\/fischerprocell.com\/car-accident\/","name":"Abogados de accidentes automovil\u00edsticos de Shreveport | Ley de Tim Fischer Compensaci\u00f3n al trabajador Shreveport Abogados","isPartOf":{"@id":"https:\/\/fischerprocell.com\/#website"},"primaryImageOfPage":{"@id":"https:\/\/fischerprocell.com\/car-accident\/#primaryimage"},"image":{"@id":"https:\/\/fischerprocell.com\/car-accident\/#primaryimage"},"thumbnailUrl":"https:\/\/fischerprocell.com\/wp-content\/uploads\/2022\/03\/PracticeAreas-Auto-Accidents.jpeg","datePublished":"2022-03-23T21:05:09+00:00","dateModified":"2024-02-27T17:20:39+00:00","description":"\u00bfLesionado en un accidente automovil\u00edstico? Contrate al abogado de accidentes automovil\u00edsticos de Shreveport, Tim Fischer. 60 a\u00f1os combinados de experiencia en el manejo de casos de accidentes automovil\u00edsticos.","breadcrumb":{"@id":"https:\/\/fischerprocell.com\/car-accident\/#breadcrumb"},"inLanguage":"es-MX","potentialAction":[{"@type":"ReadAction","target":["https:\/\/fischerprocell.com\/car-accident\/"]}]},{"@type":"ImageObject","inLanguage":"es-MX","@id":"https:\/\/fischerprocell.com\/car-accident\/#primaryimage","url":"https:\/\/fischerprocell.com\/wp-content\/uploads\/2022\/03\/PracticeAreas-Auto-Accidents.jpeg","contentUrl":"https:\/\/fischerprocell.com\/wp-content\/uploads\/2022\/03\/PracticeAreas-Auto-Accidents.jpeg"},{"@type":"BreadcrumbList","@id":"https:\/\/fischerprocell.com\/car-accident\/#breadcrumb","itemListElement":[{"@type":"ListItem","position":1,"name":"Home","item":"https:\/\/fischerprocell.com\/"},{"@type":"ListItem","position":2,"name":"Car Accident"}]},{"@type":"WebSite","@id":"https:\/\/fischerprocell.com\/#website","url":"https:\/\/fischerprocell.com\/","name":"Fischer &amp; Procell Law Abogado de compensaci\u00f3n laboral en Shreveport","description":"Abogados de Compensaci\u00f3n de Trabajadores de Shreveport","publisher":{"@id":"https:\/\/fischerprocell.com\/#organization"},"potentialAction":[{"@type":"SearchAction","target":{"@type":"EntryPoint","urlTemplate":"https:\/\/fischerprocell.com\/?s={search_term_string}"},"query-input":{"@type":"PropertyValueSpecification","valueRequired":true,"valueName":"search_term_string"}}],"inLanguage":"es-MX"},{"@type":"Organization","@id":"https:\/\/fischerprocell.com\/#organization","name":"Ley de Fisher","url":"https:\/\/fischerprocell.com\/","logo":{"@type":"ImageObject","inLanguage":"es-MX","@id":"https:\/\/fischerprocell.com\/#\/schema\/logo\/image\/","url":"https:\/\/fischerprocell.com\/wp-content\/uploads\/2022\/04\/Fischer-Law-logo-color.gif","contentUrl":"https:\/\/fischerprocell.com\/wp-content\/uploads\/2022\/04\/Fischer-Law-logo-color.gif","width":457,"height":229,"caption":"Fischer Law"},"image":{"@id":"https:\/\/fischerprocell.com\/#\/schema\/logo\/image\/"}}]}},"_links":{"self":[{"href":"https:\/\/fischerprocell.com\/es\/wp-json\/wp\/v2\/pages\/12","targetHints":{"allow":["GET"]}}],"collection":[{"href":"https:\/\/fischerprocell.com\/es\/wp-json\/wp\/v2\/pages"}],"about":[{"href":"https:\/\/fischerprocell.com\/es\/wp-json\/wp\/v2\/types\/page"}],"author":[{"embeddable":true,"href":"https:\/\/fischerprocell.com\/es\/wp-json\/wp\/v2\/users\/2"}],"replies":[{"embeddable":true,"href":"https:\/\/fischerprocell.com\/es\/wp-json\/wp\/v2\/comments?post=12"}],"version-history":[{"count":0,"href":"https:\/\/fischerprocell.com\/es\/wp-json\/wp\/v2\/pages\/12\/revisions"}],"wp:attachment":[{"href":"https:\/\/fischerprocell.com\/es\/wp-json\/wp\/v2\/media?parent=12"}],"curies":[{"name":"gracias","href":"https:\/\/api.w.org\/{rel}","templated":true}]}}